{"id":2617,"date":"2024-11-06T15:38:03","date_gmt":"2024-11-06T15:38:03","guid":{"rendered":"https:\/\/anapr-moderp.pt\/home\/?page_id=2617"},"modified":"2024-11-22T18:12:03","modified_gmt":"2024-11-22T18:12:03","slug":"eventos-e-atividades-exclusivas","status":"publish","type":"page","link":"https:\/\/anapr-moderp.pt\/home\/eventos-e-atividades-exclusivas\/","title":{"rendered":"Eventos e Atividades Exclusivas"},"content":{"rendered":"\t\t<div data-elementor-type=\"wp-page\" data-elementor-id=\"2617\" class=\"elementor elementor-2617\" data-elementor-post-type=\"page\">\n\t\t\t\t<div class=\"elementor-element elementor-element-55e8d46 e-flex e-con-boxed e-con e-parent\" data-id=\"55e8d46\" data-element_type=\"container\">\n\t\t\t\t\t<div class=\"e-con-inner\">\n\t\t\t\t<div class=\"elementor-element elementor-element-1d47fa7 elementor-widget elementor-widget-heading\" data-id=\"1d47fa7\" data-element_type=\"widget\" data-widget_type=\"heading.default\">\n\t\t\t\t<div class=\"elementor-widget-container\">\n\t\t\t\t\t<h2 class=\"elementor-heading-title elementor-size-default\"><h2 class=\"elementor-heading-title elementor-size-default elementor-inline-editing pen\" data-elementor-setting-key=\"title\" data-pen-placeholder=\"Digite aqui...\" style=\"font-family: Poppins, sans-serif;font-weight: 700;font-size: 50px\">Eventos &amp; Atividades Exclusivas <br><\/h2><\/h2>\t\t\t\t<\/div>\n\t\t\t\t<\/div>\n\t\t\t\t\t<\/div>\n\t\t\t\t<\/div>\n\t\t\t\t<section class=\"elementor-section elementor-top-section elementor-element elementor-element-472c5df8 elementor-section-boxed elementor-section-height-default elementor-section-height-default\" data-id=\"472c5df8\" data-element_type=\"section\">\n\t\t\t\t\t\t<div class=\"elementor-container elementor-column-gap-wide\">\n\t\t\t\t\t<div class=\"elementor-column elementor-col-50 elementor-top-column elementor-element elementor-element-c7e321d\" data-id=\"c7e321d\" data-element_type=\"column\">\n\t\t\t<div class=\"elementor-widget-wrap elementor-element-populated\">\n\t\t\t\t\t\t<div class=\"elementor-element elementor-element-1e395510 elementor-widget elementor-widget-image\" data-id=\"1e395510\" data-element_type=\"widget\" data-widget_type=\"image.default\">\n\t\t\t\t<div class=\"elementor-widget-container\">\n\t\t\t\t\t\t\t\t\t\t\t\t\t\t\t<img fetchpriority=\"high\" decoding=\"async\" width=\"2560\" height=\"1707\" src=\"https:\/\/anapr-moderp.pt\/home\/wp-content\/uploads\/2024\/11\/Viagens-e-Transporte-Solidario-ANAPR_MODERP-scaled.jpg\" class=\"attachment-full size-full wp-image-3076\" alt=\"\" srcset=\"https:\/\/anapr-moderp.pt\/home\/wp-content\/uploads\/2024\/11\/Viagens-e-Transporte-Solidario-ANAPR_MODERP-scaled.jpg 2560w, https:\/\/anapr-moderp.pt\/home\/wp-content\/uploads\/2024\/11\/Viagens-e-Transporte-Solidario-ANAPR_MODERP-300x200.jpg 300w, https:\/\/anapr-moderp.pt\/home\/wp-content\/uploads\/2024\/11\/Viagens-e-Transporte-Solidario-ANAPR_MODERP-1024x683.jpg 1024w, https:\/\/anapr-moderp.pt\/home\/wp-content\/uploads\/2024\/11\/Viagens-e-Transporte-Solidario-ANAPR_MODERP-768x512.jpg 768w, https:\/\/anapr-moderp.pt\/home\/wp-content\/uploads\/2024\/11\/Viagens-e-Transporte-Solidario-ANAPR_MODERP-1536x1024.jpg 1536w, https:\/\/anapr-moderp.pt\/home\/wp-content\/uploads\/2024\/11\/Viagens-e-Transporte-Solidario-ANAPR_MODERP-2048x1365.jpg 2048w\" sizes=\"(max-width: 2560px) 100vw, 2560px\" \/>\t\t\t\t\t\t\t\t\t\t\t\t\t\t\t<\/div>\n\t\t\t\t<\/div>\n\t\t\t\t\t<\/div>\n\t\t<\/div>\n\t\t\t\t<div class=\"elementor-column elementor-col-50 elementor-top-column elementor-element elementor-element-1cb4a05\" data-id=\"1cb4a05\" data-element_type=\"column\">\n\t\t\t<div class=\"elementor-widget-wrap elementor-element-populated\">\n\t\t\t\t\t\t<div class=\"elementor-element elementor-element-39721527 elementor-widget elementor-widget-text-editor\" data-id=\"39721527\" data-element_type=\"widget\" data-widget_type=\"text-editor.default\">\n\t\t\t\t<div class=\"elementor-widget-container\">\n\t\t\t\t\t\t\t\t\t<p><strong>&#8211; Atividades de Lazer e Cultura<\/strong>:<\/p><ul><li><p>Visitas a Museus, Monumentos e Jardins;<\/p><\/li><li><p>Espet\u00e1culos de Canto, Poesia e Folclore;<\/p><\/li><li><p>Outras Atividades Diversas: Caminhadas, sess\u00f5es de exerc\u00edcio f\u00edsico, trabalhos de artesanato e outras atividades que incentivam a participa\u00e7\u00e3o ativa.\u00a0<\/p><\/li><\/ul>\t\t\t\t\t\t\t\t<\/div>\n\t\t\t\t<\/div>\n\t\t\t\t\t<\/div>\n\t\t<\/div>\n\t\t\t\t\t<\/div>\n\t\t<\/section>\n\t\t\t\t<section class=\"elementor-section elementor-top-section elementor-element elementor-element-dfa1760 elementor-section-boxed elementor-section-height-default elementor-section-height-default\" data-id=\"dfa1760\" data-element_type=\"section\">\n\t\t\t\t\t\t<div class=\"elementor-container elementor-column-gap-wide\">\n\t\t\t\t\t<div class=\"elementor-column elementor-col-50 elementor-top-column elementor-element elementor-element-2e6b613\" data-id=\"2e6b613\" data-element_type=\"column\">\n\t\t\t<div class=\"elementor-widget-wrap elementor-element-populated\">\n\t\t\t\t\t\t<div class=\"elementor-element elementor-element-7b846ce elementor-widget elementor-widget-text-editor\" data-id=\"7b846ce\" data-element_type=\"widget\" data-widget_type=\"text-editor.default\">\n\t\t\t\t<div class=\"elementor-widget-container\">\n\t\t\t\t\t\t\t\t\t<h5><strong>&#8211; Eventos Comemorativos<\/strong>:<\/h5><ul><li>Celebra\u00e7\u00e3o dos Santos Populares, Magusto, Festa de Natal, Dia do Idoso, e outras datas.<\/li><\/ul><p><strong style=\"background-color: transparent;\"><br \/>&#8211; Semin\u00e1rios e Col\u00f3quios<\/strong><span style=\"background-color: transparent;\">:<\/span><\/p><ul><li><p>Semin\u00e1rios: Acesso aos dois semin\u00e1rios anuais que abordam temas relevantes para os idosos e a sociedade;<\/p><\/li><li><p>Col\u00f3quios tem\u00e1ticos ocasionais.<\/p><\/li><\/ul>\t\t\t\t\t\t\t\t<\/div>\n\t\t\t\t<\/div>\n\t\t\t\t<div class=\"elementor-element elementor-element-909e771 wpr-button-icon-style-inline wpr-button-icon-position-right elementor-widget elementor-widget-wpr-button\" data-id=\"909e771\" data-element_type=\"widget\" data-widget_type=\"wpr-button.default\">\n\t\t\t\t<div class=\"elementor-widget-container\">\n\t\t\t\t\t\t\n\t\t\t\n\t\t\n\t\t<div class=\"wpr-button-wrap elementor-clearfix\">\n\t\t<a class=\"wpr-button wpr-button-effect wpr-button-none\" data-text=\"Go\" href=\"https:\/\/anapr-moderp.pt\/home\/junte-se-a-nos\/\" target=\"_blank\">\n\t\t\t\n\t\t\t<span class=\"wpr-button-content\">\n\t\t\t\t\t\t\t\t\t<span class=\"wpr-button-text\">Torne-se Associado!<\/span>\n\t\t\t\t\t\t\t\t\n\t\t\t\t\t\t\t\t\t<span class=\"wpr-button-icon\"><svg class=\"e-font-icon-svg e-fas-angle-right\" viewBox=\"0 0 256 512\" xmlns=\"http:\/\/www.w3.org\/2000\/svg\"><path d=\"M224.3 273l-136 136c-9.4 9.4-24.6 9.4-33.9 0l-22.6-22.6c-9.4-9.4-9.4-24.6 0-33.9l96.4-96.4-96.4-96.4c-9.4-9.4-9.4-24.6 0-33.9L54.3 103c9.4-9.4 24.6-9.4 33.9 0l136 136c9.5 9.4 9.5 24.6.1 34z\"><\/path><\/svg><\/span>\n\t\t\t\t\t\t\t<\/span>\n\t\t<\/a>\n\n\t\t\t\t<\/div>\n\t\n\t\n\t\t\t\t\t<\/div>\n\t\t\t\t<\/div>\n\t\t\t\t\t<\/div>\n\t\t<\/div>\n\t\t\t\t<div class=\"elementor-column elementor-col-50 elementor-top-column elementor-element elementor-element-d416be9\" data-id=\"d416be9\" data-element_type=\"column\">\n\t\t\t<div class=\"elementor-widget-wrap elementor-element-populated\">\n\t\t\t\t\t\t<div class=\"elementor-element elementor-element-6718a8d elementor-widget elementor-widget-image\" data-id=\"6718a8d\" data-element_type=\"widget\" data-widget_type=\"image.default\">\n\t\t\t\t<div class=\"elementor-widget-container\">\n\t\t\t\t\t\t\t\t\t\t\t\t\t\t\t<img decoding=\"async\" width=\"768\" height=\"667\" src=\"https:\/\/anapr-moderp.pt\/home\/wp-content\/uploads\/2024\/11\/Magusto-2022-e1732109273885-768x667.jpeg\" class=\"attachment-medium_large size-medium_large wp-image-3213\" alt=\"\" srcset=\"https:\/\/anapr-moderp.pt\/home\/wp-content\/uploads\/2024\/11\/Magusto-2022-e1732109273885-768x667.jpeg 768w, https:\/\/anapr-moderp.pt\/home\/wp-content\/uploads\/2024\/11\/Magusto-2022-e1732109273885-300x260.jpeg 300w, https:\/\/anapr-moderp.pt\/home\/wp-content\/uploads\/2024\/11\/Magusto-2022-e1732109273885.jpeg 826w\" sizes=\"(max-width: 768px) 100vw, 768px\" \/>\t\t\t\t\t\t\t\t\t\t\t\t\t\t\t<\/div>\n\t\t\t\t<\/div>\n\t\t\t\t\t<\/div>\n\t\t<\/div>\n\t\t\t\t\t<\/div>\n\t\t<\/section>\n\t\t\t\t<\/div>\n\t\t","protected":false},"excerpt":{"rendered":"<p>Eventos &amp; Atividades Exclusivas &#8211; Atividades de Lazer e Cultura: Visitas a Museus, Monumentos e Jardins; Espet\u00e1culos de Canto, Poesia e Folclore; Outras Atividades Diversas: Caminhadas, sess\u00f5es de exerc\u00edcio f\u00edsico, trabalhos de artesanato e outras atividades que incentivam a participa\u00e7\u00e3o ativa.\u00a0 &#8211; Eventos Comemorativos: Celebra\u00e7\u00e3o dos Santos Populares, Magusto, Festa de Natal, Dia do Idoso, e outras datas. &#8211; Semin\u00e1rios e Col\u00f3quios: Semin\u00e1rios: Acesso aos dois semin\u00e1rios anuais que abordam temas relevantes para os idosos e a sociedade; Col\u00f3quios tem\u00e1ticos ocasionais. Torne-se Associado!<\/p>\n","protected":false},"author":3,"featured_media":0,"parent":0,"menu_order":0,"comment_status":"closed","ping_status":"closed","template":"elementor_canvas","meta":{"footnotes":""},"class_list":["post-2617","page","type-page","status-publish","hentry"],"yoast_head":"<!-- This site is optimized with the Yoast SEO plugin v24.7 - https:\/\/yoast.com\/wordpress\/plugins\/seo\/ -->\n<title>Eventos e Atividades Exclusivas - Anapr-Moderp<\/title>\n<meta name=\"robots\" content=\"index, follow, max-snippet:-1, max-image-preview:large, max-video-preview:-1\" \/>\n<link rel=\"canonical\" href=\"https:\/\/anapr-moderp.pt\/home\/eventos-e-atividades-exclusivas\/\" \/>\n<meta property=\"og:locale\" content=\"pt_PT\" \/>\n<meta property=\"og:type\" content=\"article\" \/>\n<meta property=\"og:title\" content=\"Eventos e Atividades Exclusivas - Anapr-Moderp\" \/>\n<meta property=\"og:description\" content=\"Eventos &amp; Atividades Exclusivas &#8211; Atividades de Lazer e Cultura: Visitas a Museus, Monumentos e Jardins; Espet\u00e1culos de Canto, Poesia e Folclore; Outras Atividades Diversas: Caminhadas, sess\u00f5es de exerc\u00edcio f\u00edsico, trabalhos de artesanato e outras atividades que incentivam a participa\u00e7\u00e3o ativa.\u00a0 &#8211; Eventos Comemorativos: Celebra\u00e7\u00e3o dos Santos Populares, Magusto, Festa de Natal, Dia do Idoso, e outras datas. &#8211; Semin\u00e1rios e Col\u00f3quios: Semin\u00e1rios: Acesso aos dois semin\u00e1rios anuais que abordam temas relevantes para os idosos e a sociedade; Col\u00f3quios tem\u00e1ticos ocasionais. Torne-se Associado!\" \/>\n<meta property=\"og:url\" content=\"https:\/\/anapr-moderp.pt\/home\/eventos-e-atividades-exclusivas\/\" \/>\n<meta property=\"og:site_name\" content=\"Anapr-Moderp\" \/>\n<meta property=\"article:modified_time\" content=\"2024-11-22T18:12:03+00:00\" \/>\n<meta property=\"og:image\" content=\"https:\/\/anapr-moderp.pt\/home\/wp-content\/uploads\/2024\/11\/Viagens-e-Transporte-Solidario-ANAPR_MODERP-scaled.jpg\" \/>\n\t<meta property=\"og:image:width\" content=\"2560\" \/>\n\t<meta property=\"og:image:height\" content=\"1707\" \/>\n\t<meta property=\"og:image:type\" content=\"image\/jpeg\" \/>\n<meta name=\"twitter:card\" content=\"summary_large_image\" \/>\n<script type=\"application\/ld+json\" class=\"yoast-schema-graph\">{\"@context\":\"https:\/\/schema.org\",\"@graph\":[{\"@type\":\"WebPage\",\"@id\":\"https:\/\/anapr-moderp.pt\/home\/eventos-e-atividades-exclusivas\/\",\"url\":\"https:\/\/anapr-moderp.pt\/home\/eventos-e-atividades-exclusivas\/\",\"name\":\"Eventos e Atividades Exclusivas - Anapr-Moderp\",\"isPartOf\":{\"@id\":\"https:\/\/anapr-moderp.pt\/home\/#website\"},\"primaryImageOfPage\":{\"@id\":\"https:\/\/anapr-moderp.pt\/home\/eventos-e-atividades-exclusivas\/#primaryimage\"},\"image\":{\"@id\":\"https:\/\/anapr-moderp.pt\/home\/eventos-e-atividades-exclusivas\/#primaryimage\"},\"thumbnailUrl\":\"https:\/\/anapr-moderp.pt\/home\/wp-content\/uploads\/2024\/11\/Viagens-e-Transporte-Solidario-ANAPR_MODERP-scaled.jpg\",\"datePublished\":\"2024-11-06T15:38:03+00:00\",\"dateModified\":\"2024-11-22T18:12:03+00:00\",\"breadcrumb\":{\"@id\":\"https:\/\/anapr-moderp.pt\/home\/eventos-e-atividades-exclusivas\/#breadcrumb\"},\"inLanguage\":\"pt-PT\",\"potentialAction\":[{\"@type\":\"ReadAction\",\"target\":[\"https:\/\/anapr-moderp.pt\/home\/eventos-e-atividades-exclusivas\/\"]}]},{\"@type\":\"ImageObject\",\"inLanguage\":\"pt-PT\",\"@id\":\"https:\/\/anapr-moderp.pt\/home\/eventos-e-atividades-exclusivas\/#primaryimage\",\"url\":\"https:\/\/anapr-moderp.pt\/home\/wp-content\/uploads\/2024\/11\/Viagens-e-Transporte-Solidario-ANAPR_MODERP-scaled.jpg\",\"contentUrl\":\"https:\/\/anapr-moderp.pt\/home\/wp-content\/uploads\/2024\/11\/Viagens-e-Transporte-Solidario-ANAPR_MODERP-scaled.jpg\",\"width\":2560,\"height\":1707,\"caption\":\"Group Of Senior Friends Sitting In Back Of Van Being Driven To Vacation\"},{\"@type\":\"BreadcrumbList\",\"@id\":\"https:\/\/anapr-moderp.pt\/home\/eventos-e-atividades-exclusivas\/#breadcrumb\",\"itemListElement\":[{\"@type\":\"ListItem\",\"position\":1,\"name\":\"In\u00edcio\",\"item\":\"https:\/\/anapr-moderp.pt\/home\/\"},{\"@type\":\"ListItem\",\"position\":2,\"name\":\"Eventos e Atividades Exclusivas\"}]},{\"@type\":\"WebSite\",\"@id\":\"https:\/\/anapr-moderp.pt\/home\/#website\",\"url\":\"https:\/\/anapr-moderp.pt\/home\/\",\"name\":\"Anapr-Moderp\",\"description\":\"Associa\u00e7\u00e3o Nacional Aposentados, Pensionistas e Reformados\",\"publisher\":{\"@id\":\"https:\/\/anapr-moderp.pt\/home\/#organization\"},\"potentialAction\":[{\"@type\":\"SearchAction\",\"target\":{\"@type\":\"EntryPoint\",\"urlTemplate\":\"https:\/\/anapr-moderp.pt\/home\/?s={search_term_string}\"},\"query-input\":{\"@type\":\"PropertyValueSpecification\",\"valueRequired\":true,\"valueName\":\"search_term_string\"}}],\"inLanguage\":\"pt-PT\"},{\"@type\":\"Organization\",\"@id\":\"https:\/\/anapr-moderp.pt\/home\/#organization\",\"name\":\"Anapr-Moderp\",\"url\":\"https:\/\/anapr-moderp.pt\/home\/\",\"logo\":{\"@type\":\"ImageObject\",\"inLanguage\":\"pt-PT\",\"@id\":\"https:\/\/anapr-moderp.pt\/home\/#\/schema\/logo\/image\/\",\"url\":\"https:\/\/anapr-moderp.pt\/home\/wp-content\/uploads\/2024\/10\/cropped-LogoANAPRsmall.jpg\",\"contentUrl\":\"https:\/\/anapr-moderp.pt\/home\/wp-content\/uploads\/2024\/10\/cropped-LogoANAPRsmall.jpg\",\"width\":350,\"height\":100,\"caption\":\"Anapr-Moderp\"},\"image\":{\"@id\":\"https:\/\/anapr-moderp.pt\/home\/#\/schema\/logo\/image\/\"}}]}<\/script>\n<!-- \/ Yoast SEO plugin. -->","yoast_head_json":{"title":"Eventos e Atividades Exclusivas - Anapr-Moderp","robots":{"index":"index","follow":"follow","max-snippet":"max-snippet:-1","max-image-preview":"max-image-preview:large","max-video-preview":"max-video-preview:-1"},"canonical":"https:\/\/anapr-moderp.pt\/home\/eventos-e-atividades-exclusivas\/","og_locale":"pt_PT","og_type":"article","og_title":"Eventos e Atividades Exclusivas - Anapr-Moderp","og_description":"Eventos &amp; Atividades Exclusivas &#8211; Atividades de Lazer e Cultura: Visitas a Museus, Monumentos e Jardins; Espet\u00e1culos de Canto, Poesia e Folclore; Outras Atividades Diversas: Caminhadas, sess\u00f5es de exerc\u00edcio f\u00edsico, trabalhos de artesanato e outras atividades que incentivam a participa\u00e7\u00e3o ativa.\u00a0 &#8211; Eventos Comemorativos: Celebra\u00e7\u00e3o dos Santos Populares, Magusto, Festa de Natal, Dia do Idoso, e outras datas. &#8211; Semin\u00e1rios e Col\u00f3quios: Semin\u00e1rios: Acesso aos dois semin\u00e1rios anuais que abordam temas relevantes para os idosos e a sociedade; Col\u00f3quios tem\u00e1ticos ocasionais. Torne-se Associado!","og_url":"https:\/\/anapr-moderp.pt\/home\/eventos-e-atividades-exclusivas\/","og_site_name":"Anapr-Moderp","article_modified_time":"2024-11-22T18:12:03+00:00","og_image":[{"width":2560,"height":1707,"url":"https:\/\/anapr-moderp.pt\/home\/wp-content\/uploads\/2024\/11\/Viagens-e-Transporte-Solidario-ANAPR_MODERP-scaled.jpg","type":"image\/jpeg"}],"twitter_card":"summary_large_image","schema":{"@context":"https:\/\/schema.org","@graph":[{"@type":"WebPage","@id":"https:\/\/anapr-moderp.pt\/home\/eventos-e-atividades-exclusivas\/","url":"https:\/\/anapr-moderp.pt\/home\/eventos-e-atividades-exclusivas\/","name":"Eventos e Atividades Exclusivas - Anapr-Moderp","isPartOf":{"@id":"https:\/\/anapr-moderp.pt\/home\/#website"},"primaryImageOfPage":{"@id":"https:\/\/anapr-moderp.pt\/home\/eventos-e-atividades-exclusivas\/#primaryimage"},"image":{"@id":"https:\/\/anapr-moderp.pt\/home\/eventos-e-atividades-exclusivas\/#primaryimage"},"thumbnailUrl":"https:\/\/anapr-moderp.pt\/home\/wp-content\/uploads\/2024\/11\/Viagens-e-Transporte-Solidario-ANAPR_MODERP-scaled.jpg","datePublished":"2024-11-06T15:38:03+00:00","dateModified":"2024-11-22T18:12:03+00:00","breadcrumb":{"@id":"https:\/\/anapr-moderp.pt\/home\/eventos-e-atividades-exclusivas\/#breadcrumb"},"inLanguage":"pt-PT","potentialAction":[{"@type":"ReadAction","target":["https:\/\/anapr-moderp.pt\/home\/eventos-e-atividades-exclusivas\/"]}]},{"@type":"ImageObject","inLanguage":"pt-PT","@id":"https:\/\/anapr-moderp.pt\/home\/eventos-e-atividades-exclusivas\/#primaryimage","url":"https:\/\/anapr-moderp.pt\/home\/wp-content\/uploads\/2024\/11\/Viagens-e-Transporte-Solidario-ANAPR_MODERP-scaled.jpg","contentUrl":"https:\/\/anapr-moderp.pt\/home\/wp-content\/uploads\/2024\/11\/Viagens-e-Transporte-Solidario-ANAPR_MODERP-scaled.jpg","width":2560,"height":1707,"caption":"Group Of Senior Friends Sitting In Back Of Van Being Driven To Vacation"},{"@type":"BreadcrumbList","@id":"https:\/\/anapr-moderp.pt\/home\/eventos-e-atividades-exclusivas\/#breadcrumb","itemListElement":[{"@type":"ListItem","position":1,"name":"In\u00edcio","item":"https:\/\/anapr-moderp.pt\/home\/"},{"@type":"ListItem","position":2,"name":"Eventos e Atividades Exclusivas"}]},{"@type":"WebSite","@id":"https:\/\/anapr-moderp.pt\/home\/#website","url":"https:\/\/anapr-moderp.pt\/home\/","name":"Anapr-Moderp","description":"Associa\u00e7\u00e3o Nacional Aposentados, Pensionistas e Reformados","publisher":{"@id":"https:\/\/anapr-moderp.pt\/home\/#organization"},"potentialAction":[{"@type":"SearchAction","target":{"@type":"EntryPoint","urlTemplate":"https:\/\/anapr-moderp.pt\/home\/?s={search_term_string}"},"query-input":{"@type":"PropertyValueSpecification","valueRequired":true,"valueName":"search_term_string"}}],"inLanguage":"pt-PT"},{"@type":"Organization","@id":"https:\/\/anapr-moderp.pt\/home\/#organization","name":"Anapr-Moderp","url":"https:\/\/anapr-moderp.pt\/home\/","logo":{"@type":"ImageObject","inLanguage":"pt-PT","@id":"https:\/\/anapr-moderp.pt\/home\/#\/schema\/logo\/image\/","url":"https:\/\/anapr-moderp.pt\/home\/wp-content\/uploads\/2024\/10\/cropped-LogoANAPRsmall.jpg","contentUrl":"https:\/\/anapr-moderp.pt\/home\/wp-content\/uploads\/2024\/10\/cropped-LogoANAPRsmall.jpg","width":350,"height":100,"caption":"Anapr-Moderp"},"image":{"@id":"https:\/\/anapr-moderp.pt\/home\/#\/schema\/logo\/image\/"}}]}},"_links":{"self":[{"href":"https:\/\/anapr-moderp.pt\/home\/wp-json\/wp\/v2\/pages\/2617","targetHints":{"allow":["GET"]}}],"collection":[{"href":"https:\/\/anapr-moderp.pt\/home\/wp-json\/wp\/v2\/pages"}],"about":[{"href":"https:\/\/anapr-moderp.pt\/home\/wp-json\/wp\/v2\/types\/page"}],"author":[{"embeddable":true,"href":"https:\/\/anapr-moderp.pt\/home\/wp-json\/wp\/v2\/users\/3"}],"replies":[{"embeddable":true,"href":"https:\/\/anapr-moderp.pt\/home\/wp-json\/wp\/v2\/comments?post=2617"}],"version-history":[{"count":46,"href":"https:\/\/anapr-moderp.pt\/home\/wp-json\/wp\/v2\/pages\/2617\/revisions"}],"predecessor-version":[{"id":3584,"href":"https:\/\/anapr-moderp.pt\/home\/wp-json\/wp\/v2\/pages\/2617\/revisions\/3584"}],"wp:attachment":[{"href":"https:\/\/anapr-moderp.pt\/home\/wp-json\/wp\/v2\/media?parent=2617"}],"curies":[{"name":"wp","href":"https:\/\/api.w.org\/{rel}","templated":true}]}}