{"id":2592,"date":"2024-11-06T15:07:11","date_gmt":"2024-11-06T15:07:11","guid":{"rendered":"https:\/\/anapr-moderp.pt\/home\/?page_id=2592"},"modified":"2024-11-22T17:49:15","modified_gmt":"2024-11-22T17:49:15","slug":"advocacia-social","status":"publish","type":"page","link":"https:\/\/anapr-moderp.pt\/home\/advocacia-social\/","title":{"rendered":"Advocacia Social"},"content":{"rendered":"\t\t<div data-elementor-type=\"wp-page\" data-elementor-id=\"2592\" class=\"elementor elementor-2592\" data-elementor-post-type=\"page\">\n\t\t\t\t\t\t<section class=\"elementor-section elementor-top-section elementor-element elementor-element-413167af elementor-section-boxed elementor-section-height-default elementor-section-height-default\" data-id=\"413167af\" data-element_type=\"section\">\n\t\t\t\t\t\t<div class=\"elementor-container elementor-column-gap-wide\">\n\t\t\t\t\t<div class=\"elementor-column elementor-col-50 elementor-top-column elementor-element elementor-element-34b8cca1\" data-id=\"34b8cca1\" data-element_type=\"column\">\n\t\t\t<div class=\"elementor-widget-wrap elementor-element-populated\">\n\t\t\t\t\t\t<div class=\"elementor-element elementor-element-0490b3a elementor-widget elementor-widget-image\" data-id=\"0490b3a\" data-element_type=\"widget\" data-widget_type=\"image.default\">\n\t\t\t\t<div class=\"elementor-widget-container\">\n\t\t\t\t\t\t\t\t\t\t\t\t\t\t\t<img fetchpriority=\"high\" decoding=\"async\" width=\"1762\" height=\"1706\" src=\"https:\/\/anapr-moderp.pt\/home\/wp-content\/uploads\/2024\/11\/Junte-se-a-nos-maos-unidas-ANAPR_MODERP--scaled-e1731428213855.jpg\" class=\"attachment-full size-full wp-image-2896\" alt=\"\" srcset=\"https:\/\/anapr-moderp.pt\/home\/wp-content\/uploads\/2024\/11\/Junte-se-a-nos-maos-unidas-ANAPR_MODERP--scaled-e1731428213855.jpg 1762w, https:\/\/anapr-moderp.pt\/home\/wp-content\/uploads\/2024\/11\/Junte-se-a-nos-maos-unidas-ANAPR_MODERP--scaled-e1731428213855-300x290.jpg 300w, https:\/\/anapr-moderp.pt\/home\/wp-content\/uploads\/2024\/11\/Junte-se-a-nos-maos-unidas-ANAPR_MODERP--scaled-e1731428213855-1024x991.jpg 1024w, https:\/\/anapr-moderp.pt\/home\/wp-content\/uploads\/2024\/11\/Junte-se-a-nos-maos-unidas-ANAPR_MODERP--scaled-e1731428213855-768x744.jpg 768w, https:\/\/anapr-moderp.pt\/home\/wp-content\/uploads\/2024\/11\/Junte-se-a-nos-maos-unidas-ANAPR_MODERP--scaled-e1731428213855-1536x1487.jpg 1536w\" sizes=\"(max-width: 1762px) 100vw, 1762px\" \/>\t\t\t\t\t\t\t\t\t\t\t\t\t\t\t<\/div>\n\t\t\t\t<\/div>\n\t\t\t\t\t<\/div>\n\t\t<\/div>\n\t\t\t\t<div class=\"elementor-column elementor-col-50 elementor-top-column elementor-element elementor-element-3fca2ada\" data-id=\"3fca2ada\" data-element_type=\"column\">\n\t\t\t<div class=\"elementor-widget-wrap elementor-element-populated\">\n\t\t\t\t\t\t<div class=\"elementor-element elementor-element-455f28ab elementor-widget elementor-widget-heading\" data-id=\"455f28ab\" data-element_type=\"widget\" data-widget_type=\"heading.default\">\n\t\t\t\t<div class=\"elementor-widget-container\">\n\t\t\t\t\t<h2 class=\"elementor-heading-title elementor-size-default\">Advocacia Social\n<\/h2>\t\t\t\t<\/div>\n\t\t\t\t<\/div>\n\t\t\t\t<div class=\"elementor-element elementor-element-2e337b2b elementor-widget elementor-widget-text-editor\" data-id=\"2e337b2b\" data-element_type=\"widget\" data-widget_type=\"text-editor.default\">\n\t\t\t\t<div class=\"elementor-widget-container\">\n\t\t\t\t\t\t\t\t\t<p>A ANAPR\/MODERP promove <strong>a defesa dos interesses e direitos<\/strong> dos seus<br \/>associados junto das <strong>entidades oficiais e do poder pol\u00edtico<\/strong>, garantindo que<br \/><strong>as suas vozes s\u00e3o ouvidas<\/strong> em processos legislativos e administrativos.<br \/>Juntamente com a orienta\u00e7\u00e3o jur\u00eddica e acompanhamento personalizado,<br \/>asseguramos que os direitos dos idosos s\u00e3o protegidos e respeitados em<br \/>todas as \u00e1reas, desde o acesso aos cuidados de sa\u00fade at\u00e9 \u00e0 prote\u00e7\u00e3o<br \/>social.<\/p>\t\t\t\t\t\t\t\t<\/div>\n\t\t\t\t<\/div>\n\t\t\t\t<div class=\"elementor-element elementor-element-16e4e936 wpr-button-icon-style-inline wpr-button-icon-position-right elementor-widget elementor-widget-wpr-button\" data-id=\"16e4e936\" data-element_type=\"widget\" data-widget_type=\"wpr-button.default\">\n\t\t\t\t<div class=\"elementor-widget-container\">\n\t\t\t\t\t\t\n\t\t\t\n\t\t\n\t\t<div class=\"wpr-button-wrap elementor-clearfix\">\n\t\t<a class=\"wpr-button wpr-button-effect wpr-button-none\" data-text=\"Go\" href=\"https:\/\/anapr-moderp.pt\/home\/junte-se-a-nos\/\" target=\"_blank\">\n\t\t\t\n\t\t\t<span class=\"wpr-button-content\">\n\t\t\t\t\t\t\t\t\t<span class=\"wpr-button-text\">Torne-se Associado!<\/span>\n\t\t\t\t\t\t\t\t\n\t\t\t\t\t\t\t\t\t<span class=\"wpr-button-icon\"><svg class=\"e-font-icon-svg e-fas-angle-right\" viewBox=\"0 0 256 512\" xmlns=\"http:\/\/www.w3.org\/2000\/svg\"><path d=\"M224.3 273l-136 136c-9.4 9.4-24.6 9.4-33.9 0l-22.6-22.6c-9.4-9.4-9.4-24.6 0-33.9l96.4-96.4-96.4-96.4c-9.4-9.4-9.4-24.6 0-33.9L54.3 103c9.4-9.4 24.6-9.4 33.9 0l136 136c9.5 9.4 9.5 24.6.1 34z\"><\/path><\/svg><\/span>\n\t\t\t\t\t\t\t<\/span>\n\t\t<\/a>\n\n\t\t\t\t<\/div>\n\t\n\t\n\t\t\t\t\t<\/div>\n\t\t\t\t<\/div>\n\t\t\t\t\t<\/div>\n\t\t<\/div>\n\t\t\t\t\t<\/div>\n\t\t<\/section>\n\t\t\t\t<\/div>\n\t\t","protected":false},"excerpt":{"rendered":"<p>Advocacia Social A ANAPR\/MODERP promove a defesa dos interesses e direitos dos seusassociados junto das entidades oficiais e do poder pol\u00edtico, garantindo queas suas vozes s\u00e3o ouvidas em processos legislativos e administrativos.Juntamente com a orienta\u00e7\u00e3o jur\u00eddica e acompanhamento personalizado,asseguramos que os direitos dos idosos s\u00e3o protegidos e respeitados emtodas as \u00e1reas, desde o acesso aos cuidados de sa\u00fade at\u00e9 \u00e0 prote\u00e7\u00e3osocial. Torne-se Associado!<\/p>\n","protected":false},"author":3,"featured_media":0,"parent":0,"menu_order":0,"comment_status":"closed","ping_status":"closed","template":"elementor_canvas","meta":{"footnotes":""},"class_list":["post-2592","page","type-page","status-publish","hentry"],"yoast_head":"<!-- This site is optimized with the Yoast SEO plugin v24.7 - https:\/\/yoast.com\/wordpress\/plugins\/seo\/ -->\n<title>Advocacia Social - Anapr-Moderp<\/title>\n<meta name=\"robots\" content=\"index, follow, max-snippet:-1, max-image-preview:large, max-video-preview:-1\" \/>\n<link rel=\"canonical\" href=\"https:\/\/anapr-moderp.pt\/home\/advocacia-social\/\" \/>\n<meta property=\"og:locale\" content=\"pt_PT\" \/>\n<meta property=\"og:type\" content=\"article\" \/>\n<meta property=\"og:title\" content=\"Advocacia Social - Anapr-Moderp\" \/>\n<meta property=\"og:description\" content=\"Advocacia Social A ANAPR\/MODERP promove a defesa dos interesses e direitos dos seusassociados junto das entidades oficiais e do poder pol\u00edtico, garantindo queas suas vozes s\u00e3o ouvidas em processos legislativos e administrativos.Juntamente com a orienta\u00e7\u00e3o jur\u00eddica e acompanhamento personalizado,asseguramos que os direitos dos idosos s\u00e3o protegidos e respeitados emtodas as \u00e1reas, desde o acesso aos cuidados de sa\u00fade at\u00e9 \u00e0 prote\u00e7\u00e3osocial. Torne-se Associado!\" \/>\n<meta property=\"og:url\" content=\"https:\/\/anapr-moderp.pt\/home\/advocacia-social\/\" \/>\n<meta property=\"og:site_name\" content=\"Anapr-Moderp\" \/>\n<meta property=\"article:modified_time\" content=\"2024-11-22T17:49:15+00:00\" \/>\n<meta property=\"og:image\" content=\"https:\/\/anapr-moderp.pt\/home\/wp-content\/uploads\/2024\/11\/Junte-se-a-nos-maos-unidas-ANAPR_MODERP--scaled-e1731428213855.jpg\" \/>\n\t<meta property=\"og:image:width\" content=\"1762\" \/>\n\t<meta property=\"og:image:height\" content=\"1706\" \/>\n\t<meta property=\"og:image:type\" content=\"image\/jpeg\" \/>\n<meta name=\"twitter:card\" content=\"summary_large_image\" \/>\n<script type=\"application\/ld+json\" class=\"yoast-schema-graph\">{\"@context\":\"https:\/\/schema.org\",\"@graph\":[{\"@type\":\"WebPage\",\"@id\":\"https:\/\/anapr-moderp.pt\/home\/advocacia-social\/\",\"url\":\"https:\/\/anapr-moderp.pt\/home\/advocacia-social\/\",\"name\":\"Advocacia Social - Anapr-Moderp\",\"isPartOf\":{\"@id\":\"https:\/\/anapr-moderp.pt\/home\/#website\"},\"primaryImageOfPage\":{\"@id\":\"https:\/\/anapr-moderp.pt\/home\/advocacia-social\/#primaryimage\"},\"image\":{\"@id\":\"https:\/\/anapr-moderp.pt\/home\/advocacia-social\/#primaryimage\"},\"thumbnailUrl\":\"https:\/\/anapr-moderp.pt\/home\/wp-content\/uploads\/2024\/11\/Junte-se-a-nos-maos-unidas-ANAPR_MODERP--scaled-e1731428213855.jpg\",\"datePublished\":\"2024-11-06T15:07:11+00:00\",\"dateModified\":\"2024-11-22T17:49:15+00:00\",\"breadcrumb\":{\"@id\":\"https:\/\/anapr-moderp.pt\/home\/advocacia-social\/#breadcrumb\"},\"inLanguage\":\"pt-PT\",\"potentialAction\":[{\"@type\":\"ReadAction\",\"target\":[\"https:\/\/anapr-moderp.pt\/home\/advocacia-social\/\"]}]},{\"@type\":\"ImageObject\",\"inLanguage\":\"pt-PT\",\"@id\":\"https:\/\/anapr-moderp.pt\/home\/advocacia-social\/#primaryimage\",\"url\":\"https:\/\/anapr-moderp.pt\/home\/wp-content\/uploads\/2024\/11\/Junte-se-a-nos-maos-unidas-ANAPR_MODERP--scaled-e1731428213855.jpg\",\"contentUrl\":\"https:\/\/anapr-moderp.pt\/home\/wp-content\/uploads\/2024\/11\/Junte-se-a-nos-maos-unidas-ANAPR_MODERP--scaled-e1731428213855.jpg\",\"width\":1762,\"height\":1706,\"caption\":\"Close up view of Seniors people holding hands together express care and psychological support, empathy, hope, concept of old people health care, group therapy\"},{\"@type\":\"BreadcrumbList\",\"@id\":\"https:\/\/anapr-moderp.pt\/home\/advocacia-social\/#breadcrumb\",\"itemListElement\":[{\"@type\":\"ListItem\",\"position\":1,\"name\":\"In\u00edcio\",\"item\":\"https:\/\/anapr-moderp.pt\/home\/\"},{\"@type\":\"ListItem\",\"position\":2,\"name\":\"Advocacia Social\"}]},{\"@type\":\"WebSite\",\"@id\":\"https:\/\/anapr-moderp.pt\/home\/#website\",\"url\":\"https:\/\/anapr-moderp.pt\/home\/\",\"name\":\"Anapr-Moderp\",\"description\":\"Associa\u00e7\u00e3o Nacional Aposentados, Pensionistas e Reformados\",\"publisher\":{\"@id\":\"https:\/\/anapr-moderp.pt\/home\/#organization\"},\"potentialAction\":[{\"@type\":\"SearchAction\",\"target\":{\"@type\":\"EntryPoint\",\"urlTemplate\":\"https:\/\/anapr-moderp.pt\/home\/?s={search_term_string}\"},\"query-input\":{\"@type\":\"PropertyValueSpecification\",\"valueRequired\":true,\"valueName\":\"search_term_string\"}}],\"inLanguage\":\"pt-PT\"},{\"@type\":\"Organization\",\"@id\":\"https:\/\/anapr-moderp.pt\/home\/#organization\",\"name\":\"Anapr-Moderp\",\"url\":\"https:\/\/anapr-moderp.pt\/home\/\",\"logo\":{\"@type\":\"ImageObject\",\"inLanguage\":\"pt-PT\",\"@id\":\"https:\/\/anapr-moderp.pt\/home\/#\/schema\/logo\/image\/\",\"url\":\"https:\/\/anapr-moderp.pt\/home\/wp-content\/uploads\/2024\/10\/cropped-LogoANAPRsmall.jpg\",\"contentUrl\":\"https:\/\/anapr-moderp.pt\/home\/wp-content\/uploads\/2024\/10\/cropped-LogoANAPRsmall.jpg\",\"width\":350,\"height\":100,\"caption\":\"Anapr-Moderp\"},\"image\":{\"@id\":\"https:\/\/anapr-moderp.pt\/home\/#\/schema\/logo\/image\/\"}}]}<\/script>\n<!-- \/ Yoast SEO plugin. -->","yoast_head_json":{"title":"Advocacia Social - Anapr-Moderp","robots":{"index":"index","follow":"follow","max-snippet":"max-snippet:-1","max-image-preview":"max-image-preview:large","max-video-preview":"max-video-preview:-1"},"canonical":"https:\/\/anapr-moderp.pt\/home\/advocacia-social\/","og_locale":"pt_PT","og_type":"article","og_title":"Advocacia Social - Anapr-Moderp","og_description":"Advocacia Social A ANAPR\/MODERP promove a defesa dos interesses e direitos dos seusassociados junto das entidades oficiais e do poder pol\u00edtico, garantindo queas suas vozes s\u00e3o ouvidas em processos legislativos e administrativos.Juntamente com a orienta\u00e7\u00e3o jur\u00eddica e acompanhamento personalizado,asseguramos que os direitos dos idosos s\u00e3o protegidos e respeitados emtodas as \u00e1reas, desde o acesso aos cuidados de sa\u00fade at\u00e9 \u00e0 prote\u00e7\u00e3osocial. Torne-se Associado!","og_url":"https:\/\/anapr-moderp.pt\/home\/advocacia-social\/","og_site_name":"Anapr-Moderp","article_modified_time":"2024-11-22T17:49:15+00:00","og_image":[{"width":1762,"height":1706,"url":"https:\/\/anapr-moderp.pt\/home\/wp-content\/uploads\/2024\/11\/Junte-se-a-nos-maos-unidas-ANAPR_MODERP--scaled-e1731428213855.jpg","type":"image\/jpeg"}],"twitter_card":"summary_large_image","schema":{"@context":"https:\/\/schema.org","@graph":[{"@type":"WebPage","@id":"https:\/\/anapr-moderp.pt\/home\/advocacia-social\/","url":"https:\/\/anapr-moderp.pt\/home\/advocacia-social\/","name":"Advocacia Social - Anapr-Moderp","isPartOf":{"@id":"https:\/\/anapr-moderp.pt\/home\/#website"},"primaryImageOfPage":{"@id":"https:\/\/anapr-moderp.pt\/home\/advocacia-social\/#primaryimage"},"image":{"@id":"https:\/\/anapr-moderp.pt\/home\/advocacia-social\/#primaryimage"},"thumbnailUrl":"https:\/\/anapr-moderp.pt\/home\/wp-content\/uploads\/2024\/11\/Junte-se-a-nos-maos-unidas-ANAPR_MODERP--scaled-e1731428213855.jpg","datePublished":"2024-11-06T15:07:11+00:00","dateModified":"2024-11-22T17:49:15+00:00","breadcrumb":{"@id":"https:\/\/anapr-moderp.pt\/home\/advocacia-social\/#breadcrumb"},"inLanguage":"pt-PT","potentialAction":[{"@type":"ReadAction","target":["https:\/\/anapr-moderp.pt\/home\/advocacia-social\/"]}]},{"@type":"ImageObject","inLanguage":"pt-PT","@id":"https:\/\/anapr-moderp.pt\/home\/advocacia-social\/#primaryimage","url":"https:\/\/anapr-moderp.pt\/home\/wp-content\/uploads\/2024\/11\/Junte-se-a-nos-maos-unidas-ANAPR_MODERP--scaled-e1731428213855.jpg","contentUrl":"https:\/\/anapr-moderp.pt\/home\/wp-content\/uploads\/2024\/11\/Junte-se-a-nos-maos-unidas-ANAPR_MODERP--scaled-e1731428213855.jpg","width":1762,"height":1706,"caption":"Close up view of Seniors people holding hands together express care and psychological support, empathy, hope, concept of old people health care, group therapy"},{"@type":"BreadcrumbList","@id":"https:\/\/anapr-moderp.pt\/home\/advocacia-social\/#breadcrumb","itemListElement":[{"@type":"ListItem","position":1,"name":"In\u00edcio","item":"https:\/\/anapr-moderp.pt\/home\/"},{"@type":"ListItem","position":2,"name":"Advocacia Social"}]},{"@type":"WebSite","@id":"https:\/\/anapr-moderp.pt\/home\/#website","url":"https:\/\/anapr-moderp.pt\/home\/","name":"Anapr-Moderp","description":"Associa\u00e7\u00e3o Nacional Aposentados, Pensionistas e Reformados","publisher":{"@id":"https:\/\/anapr-moderp.pt\/home\/#organization"},"potentialAction":[{"@type":"SearchAction","target":{"@type":"EntryPoint","urlTemplate":"https:\/\/anapr-moderp.pt\/home\/?s={search_term_string}"},"query-input":{"@type":"PropertyValueSpecification","valueRequired":true,"valueName":"search_term_string"}}],"inLanguage":"pt-PT"},{"@type":"Organization","@id":"https:\/\/anapr-moderp.pt\/home\/#organization","name":"Anapr-Moderp","url":"https:\/\/anapr-moderp.pt\/home\/","logo":{"@type":"ImageObject","inLanguage":"pt-PT","@id":"https:\/\/anapr-moderp.pt\/home\/#\/schema\/logo\/image\/","url":"https:\/\/anapr-moderp.pt\/home\/wp-content\/uploads\/2024\/10\/cropped-LogoANAPRsmall.jpg","contentUrl":"https:\/\/anapr-moderp.pt\/home\/wp-content\/uploads\/2024\/10\/cropped-LogoANAPRsmall.jpg","width":350,"height":100,"caption":"Anapr-Moderp"},"image":{"@id":"https:\/\/anapr-moderp.pt\/home\/#\/schema\/logo\/image\/"}}]}},"_links":{"self":[{"href":"https:\/\/anapr-moderp.pt\/home\/wp-json\/wp\/v2\/pages\/2592","targetHints":{"allow":["GET"]}}],"collection":[{"href":"https:\/\/anapr-moderp.pt\/home\/wp-json\/wp\/v2\/pages"}],"about":[{"href":"https:\/\/anapr-moderp.pt\/home\/wp-json\/wp\/v2\/types\/page"}],"author":[{"embeddable":true,"href":"https:\/\/anapr-moderp.pt\/home\/wp-json\/wp\/v2\/users\/3"}],"replies":[{"embeddable":true,"href":"https:\/\/anapr-moderp.pt\/home\/wp-json\/wp\/v2\/comments?post=2592"}],"version-history":[{"count":37,"href":"https:\/\/anapr-moderp.pt\/home\/wp-json\/wp\/v2\/pages\/2592\/revisions"}],"predecessor-version":[{"id":3551,"href":"https:\/\/anapr-moderp.pt\/home\/wp-json\/wp\/v2\/pages\/2592\/revisions\/3551"}],"wp:attachment":[{"href":"https:\/\/anapr-moderp.pt\/home\/wp-json\/wp\/v2\/media?parent=2592"}],"curies":[{"name":"wp","href":"https:\/\/api.w.org\/{rel}","templated":true}]}}