{"id":2221,"date":"2024-10-15T15:50:32","date_gmt":"2024-10-15T14:50:32","guid":{"rendered":"https:\/\/anapr-moderp.pt\/home\/?page_id=2221"},"modified":"2024-11-22T18:14:31","modified_gmt":"2024-11-22T18:14:31","slug":"futuro-seguro","status":"publish","type":"page","link":"https:\/\/anapr-moderp.pt\/home\/futuro-seguro\/","title":{"rendered":"Futuro Seguro"},"content":{"rendered":"\t\t<div data-elementor-type=\"wp-page\" data-elementor-id=\"2221\" class=\"elementor elementor-2221\" data-elementor-post-type=\"page\">\n\t\t\t\t\t\t<section class=\"elementor-section elementor-top-section elementor-element elementor-element-7a1bc322 elementor-section-boxed elementor-section-height-default elementor-section-height-default\" data-id=\"7a1bc322\" data-element_type=\"section\">\n\t\t\t\t\t\t<div class=\"elementor-container elementor-column-gap-wide\">\n\t\t\t\t\t<div class=\"elementor-column elementor-col-50 elementor-top-column elementor-element elementor-element-6d7be11b\" data-id=\"6d7be11b\" data-element_type=\"column\">\n\t\t\t<div class=\"elementor-widget-wrap elementor-element-populated\">\n\t\t\t\t\t\t<div class=\"elementor-element elementor-element-44b89e5 elementor-widget elementor-widget-image\" data-id=\"44b89e5\" data-element_type=\"widget\" data-widget_type=\"image.default\">\n\t\t\t\t<div class=\"elementor-widget-container\">\n\t\t\t\t\t\t\t\t\t\t\t\t\t\t\t<img fetchpriority=\"high\" decoding=\"async\" width=\"1536\" height=\"1487\" src=\"https:\/\/anapr-moderp.pt\/home\/wp-content\/uploads\/2024\/11\/Junte-se-a-nos-maos-unidas-ANAPR_MODERP--scaled-e1731428213855-1536x1487.jpg\" class=\"attachment-1536x1536 size-1536x1536 wp-image-2896\" alt=\"\" srcset=\"https:\/\/anapr-moderp.pt\/home\/wp-content\/uploads\/2024\/11\/Junte-se-a-nos-maos-unidas-ANAPR_MODERP--scaled-e1731428213855-1536x1487.jpg 1536w, https:\/\/anapr-moderp.pt\/home\/wp-content\/uploads\/2024\/11\/Junte-se-a-nos-maos-unidas-ANAPR_MODERP--scaled-e1731428213855-300x290.jpg 300w, https:\/\/anapr-moderp.pt\/home\/wp-content\/uploads\/2024\/11\/Junte-se-a-nos-maos-unidas-ANAPR_MODERP--scaled-e1731428213855-1024x991.jpg 1024w, https:\/\/anapr-moderp.pt\/home\/wp-content\/uploads\/2024\/11\/Junte-se-a-nos-maos-unidas-ANAPR_MODERP--scaled-e1731428213855-768x744.jpg 768w, https:\/\/anapr-moderp.pt\/home\/wp-content\/uploads\/2024\/11\/Junte-se-a-nos-maos-unidas-ANAPR_MODERP--scaled-e1731428213855.jpg 1762w\" sizes=\"(max-width: 1536px) 100vw, 1536px\" \/>\t\t\t\t\t\t\t\t\t\t\t\t\t\t\t<\/div>\n\t\t\t\t<\/div>\n\t\t\t\t\t<\/div>\n\t\t<\/div>\n\t\t\t\t<div class=\"elementor-column elementor-col-50 elementor-top-column elementor-element elementor-element-7a2f8948\" data-id=\"7a2f8948\" data-element_type=\"column\">\n\t\t\t<div class=\"elementor-widget-wrap elementor-element-populated\">\n\t\t\t\t\t\t<div class=\"elementor-element elementor-element-10cf33d6 elementor-widget elementor-widget-heading\" data-id=\"10cf33d6\" data-element_type=\"widget\" data-widget_type=\"heading.default\">\n\t\t\t\t<div class=\"elementor-widget-container\">\n\t\t\t\t\t<h2 class=\"elementor-heading-title elementor-size-default\">Futuro Seguro -<br> Respostas Profissionais para Pessoas Idosas \n<\/h2>\t\t\t\t<\/div>\n\t\t\t\t<\/div>\n\t\t\t\t<div class=\"elementor-element elementor-element-1d6793e5 elementor-widget elementor-widget-text-editor\" data-id=\"1d6793e5\" data-element_type=\"widget\" data-widget_type=\"text-editor.default\">\n\t\t\t\t<div class=\"elementor-widget-container\">\n\t\t\t\t\t\t\t\t\t<p><span class=\"TextRun SCXW14621570 BCX0\" lang=\"PT-PT\" xml:lang=\"PT-PT\" data-contrast=\"auto\"><span class=\"NormalTextRun SCXW14621570 BCX0\">O Projeto \u201cFuturo Seguro &#8211; Respostas Profissionais para Pessoas Idosas\u201d da <strong>ANAPR\/MODERP<\/strong> visa combater o<strong> isolamento social e a exclus\u00e3o da popula\u00e7\u00e3o idosa,\u00a0<\/strong>em situa\u00e7\u00e3o de vulnerabilidade, no Munic\u00edpio de Lisboa. Atrav\u00e9s de uma <strong>rede de apoio integrada<\/strong>, disponibiliza servi\u00e7os de apoio psicossocial, financeiro, jur\u00eddico e de integra\u00e7\u00e3o social, promovendo a inclus\u00e3o e o bem-estar dos benefici\u00e1rios. O projeto ser\u00e1 executado localmente, com apoio dos parceiros locais, envolvendo atividades regulares e suporte especializado para melhorar a qualidade de vida e garantir os direitos e interesses das pessoas idosas.<\/span><\/span><\/p>\t\t\t\t\t\t\t\t<\/div>\n\t\t\t\t<\/div>\n\t\t\t\t<div class=\"elementor-element elementor-element-50718687 wpr-button-icon-style-inline wpr-button-icon-position-right elementor-widget elementor-widget-wpr-button\" data-id=\"50718687\" data-element_type=\"widget\" data-widget_type=\"wpr-button.default\">\n\t\t\t\t<div class=\"elementor-widget-container\">\n\t\t\t\t\t\t\n\t\t\t\n\t\t\n\t\t<div class=\"wpr-button-wrap elementor-clearfix\">\n\t\t<a class=\"wpr-button wpr-button-effect wpr-button-none\" data-text=\"Go\" href=\"https:\/\/anapr-moderp.pt\/home\/junte-se-a-nos\/\" target=\"_blank\">\n\t\t\t\n\t\t\t<span class=\"wpr-button-content\">\n\t\t\t\t\t\t\t\t\t<span class=\"wpr-button-text\">Torne-se Associado!<\/span>\n\t\t\t\t\t\t\t\t\n\t\t\t\t\t\t\t\t\t<span class=\"wpr-button-icon\"><svg class=\"e-font-icon-svg e-fas-angle-right\" viewBox=\"0 0 256 512\" xmlns=\"http:\/\/www.w3.org\/2000\/svg\"><path d=\"M224.3 273l-136 136c-9.4 9.4-24.6 9.4-33.9 0l-22.6-22.6c-9.4-9.4-9.4-24.6 0-33.9l96.4-96.4-96.4-96.4c-9.4-9.4-9.4-24.6 0-33.9L54.3 103c9.4-9.4 24.6-9.4 33.9 0l136 136c9.5 9.4 9.5 24.6.1 34z\"><\/path><\/svg><\/span>\n\t\t\t\t\t\t\t<\/span>\n\t\t<\/a>\n\n\t\t\t\t<\/div>\n\t\n\t\n\t\t\t\t\t<\/div>\n\t\t\t\t<\/div>\n\t\t\t\t\t<\/div>\n\t\t<\/div>\n\t\t\t\t\t<\/div>\n\t\t<\/section>\n\t\t\t\t<\/div>\n\t\t","protected":false},"excerpt":{"rendered":"<p>Futuro Seguro &#8211; Respostas Profissionais para Pessoas Idosas O Projeto \u201cFuturo Seguro &#8211; Respostas Profissionais para Pessoas Idosas\u201d da ANAPR\/MODERP visa combater o isolamento social e a exclus\u00e3o da popula\u00e7\u00e3o idosa,\u00a0em situa\u00e7\u00e3o de vulnerabilidade, no Munic\u00edpio de Lisboa. Atrav\u00e9s de uma rede de apoio integrada, disponibiliza servi\u00e7os de apoio psicossocial, financeiro, jur\u00eddico e de integra\u00e7\u00e3o social, promovendo a inclus\u00e3o e o bem-estar dos benefici\u00e1rios. O projeto ser\u00e1 executado localmente, com apoio dos parceiros locais, envolvendo atividades regulares e suporte especializado para melhorar a qualidade de vida e garantir os direitos e interesses das pessoas idosas. Torne-se Associado!<\/p>\n","protected":false},"author":3,"featured_media":0,"parent":0,"menu_order":0,"comment_status":"closed","ping_status":"closed","template":"elementor_canvas","meta":{"footnotes":""},"class_list":["post-2221","page","type-page","status-publish","hentry"],"yoast_head":"<!-- This site is optimized with the Yoast SEO plugin v24.7 - https:\/\/yoast.com\/wordpress\/plugins\/seo\/ -->\n<title>Futuro Seguro - Anapr-Moderp<\/title>\n<meta name=\"robots\" content=\"index, follow, max-snippet:-1, max-image-preview:large, max-video-preview:-1\" \/>\n<link rel=\"canonical\" href=\"https:\/\/anapr-moderp.pt\/home\/futuro-seguro\/\" \/>\n<meta property=\"og:locale\" content=\"pt_PT\" \/>\n<meta property=\"og:type\" content=\"article\" \/>\n<meta property=\"og:title\" content=\"Futuro Seguro - Anapr-Moderp\" \/>\n<meta property=\"og:description\" content=\"Futuro Seguro &#8211; Respostas Profissionais para Pessoas Idosas O Projeto \u201cFuturo Seguro &#8211; Respostas Profissionais para Pessoas Idosas\u201d da ANAPR\/MODERP visa combater o isolamento social e a exclus\u00e3o da popula\u00e7\u00e3o idosa,\u00a0em situa\u00e7\u00e3o de vulnerabilidade, no Munic\u00edpio de Lisboa. Atrav\u00e9s de uma rede de apoio integrada, disponibiliza servi\u00e7os de apoio psicossocial, financeiro, jur\u00eddico e de integra\u00e7\u00e3o social, promovendo a inclus\u00e3o e o bem-estar dos benefici\u00e1rios. O projeto ser\u00e1 executado localmente, com apoio dos parceiros locais, envolvendo atividades regulares e suporte especializado para melhorar a qualidade de vida e garantir os direitos e interesses das pessoas idosas. Torne-se Associado!\" \/>\n<meta property=\"og:url\" content=\"https:\/\/anapr-moderp.pt\/home\/futuro-seguro\/\" \/>\n<meta property=\"og:site_name\" content=\"Anapr-Moderp\" \/>\n<meta property=\"article:modified_time\" content=\"2024-11-22T18:14:31+00:00\" \/>\n<meta property=\"og:image\" content=\"https:\/\/anapr-moderp.pt\/home\/wp-content\/uploads\/2024\/11\/Junte-se-a-nos-maos-unidas-ANAPR_MODERP--scaled-e1731428213855.jpg\" \/>\n\t<meta property=\"og:image:width\" content=\"1762\" \/>\n\t<meta property=\"og:image:height\" content=\"1706\" \/>\n\t<meta property=\"og:image:type\" content=\"image\/jpeg\" \/>\n<meta name=\"twitter:card\" content=\"summary_large_image\" \/>\n<meta name=\"twitter:label1\" content=\"Tempo estimado de leitura\" \/>\n\t<meta name=\"twitter:data1\" content=\"1 minuto\" \/>\n<script type=\"application\/ld+json\" class=\"yoast-schema-graph\">{\"@context\":\"https:\/\/schema.org\",\"@graph\":[{\"@type\":\"WebPage\",\"@id\":\"https:\/\/anapr-moderp.pt\/home\/futuro-seguro\/\",\"url\":\"https:\/\/anapr-moderp.pt\/home\/futuro-seguro\/\",\"name\":\"Futuro Seguro - Anapr-Moderp\",\"isPartOf\":{\"@id\":\"https:\/\/anapr-moderp.pt\/home\/#website\"},\"primaryImageOfPage\":{\"@id\":\"https:\/\/anapr-moderp.pt\/home\/futuro-seguro\/#primaryimage\"},\"image\":{\"@id\":\"https:\/\/anapr-moderp.pt\/home\/futuro-seguro\/#primaryimage\"},\"thumbnailUrl\":\"https:\/\/anapr-moderp.pt\/home\/wp-content\/uploads\/2024\/11\/Junte-se-a-nos-maos-unidas-ANAPR_MODERP--scaled-e1731428213855-1536x1487.jpg\",\"datePublished\":\"2024-10-15T14:50:32+00:00\",\"dateModified\":\"2024-11-22T18:14:31+00:00\",\"breadcrumb\":{\"@id\":\"https:\/\/anapr-moderp.pt\/home\/futuro-seguro\/#breadcrumb\"},\"inLanguage\":\"pt-PT\",\"potentialAction\":[{\"@type\":\"ReadAction\",\"target\":[\"https:\/\/anapr-moderp.pt\/home\/futuro-seguro\/\"]}]},{\"@type\":\"ImageObject\",\"inLanguage\":\"pt-PT\",\"@id\":\"https:\/\/anapr-moderp.pt\/home\/futuro-seguro\/#primaryimage\",\"url\":\"https:\/\/anapr-moderp.pt\/home\/wp-content\/uploads\/2024\/11\/Junte-se-a-nos-maos-unidas-ANAPR_MODERP--scaled-e1731428213855.jpg\",\"contentUrl\":\"https:\/\/anapr-moderp.pt\/home\/wp-content\/uploads\/2024\/11\/Junte-se-a-nos-maos-unidas-ANAPR_MODERP--scaled-e1731428213855.jpg\",\"width\":1762,\"height\":1706,\"caption\":\"Close up view of Seniors people holding hands together express care and psychological support, empathy, hope, concept of old people health care, group therapy\"},{\"@type\":\"BreadcrumbList\",\"@id\":\"https:\/\/anapr-moderp.pt\/home\/futuro-seguro\/#breadcrumb\",\"itemListElement\":[{\"@type\":\"ListItem\",\"position\":1,\"name\":\"In\u00edcio\",\"item\":\"https:\/\/anapr-moderp.pt\/home\/\"},{\"@type\":\"ListItem\",\"position\":2,\"name\":\"Futuro Seguro\"}]},{\"@type\":\"WebSite\",\"@id\":\"https:\/\/anapr-moderp.pt\/home\/#website\",\"url\":\"https:\/\/anapr-moderp.pt\/home\/\",\"name\":\"Anapr-Moderp\",\"description\":\"Associa\u00e7\u00e3o Nacional Aposentados, Pensionistas e Reformados\",\"publisher\":{\"@id\":\"https:\/\/anapr-moderp.pt\/home\/#organization\"},\"potentialAction\":[{\"@type\":\"SearchAction\",\"target\":{\"@type\":\"EntryPoint\",\"urlTemplate\":\"https:\/\/anapr-moderp.pt\/home\/?s={search_term_string}\"},\"query-input\":{\"@type\":\"PropertyValueSpecification\",\"valueRequired\":true,\"valueName\":\"search_term_string\"}}],\"inLanguage\":\"pt-PT\"},{\"@type\":\"Organization\",\"@id\":\"https:\/\/anapr-moderp.pt\/home\/#organization\",\"name\":\"Anapr-Moderp\",\"url\":\"https:\/\/anapr-moderp.pt\/home\/\",\"logo\":{\"@type\":\"ImageObject\",\"inLanguage\":\"pt-PT\",\"@id\":\"https:\/\/anapr-moderp.pt\/home\/#\/schema\/logo\/image\/\",\"url\":\"https:\/\/anapr-moderp.pt\/home\/wp-content\/uploads\/2024\/10\/cropped-LogoANAPRsmall.jpg\",\"contentUrl\":\"https:\/\/anapr-moderp.pt\/home\/wp-content\/uploads\/2024\/10\/cropped-LogoANAPRsmall.jpg\",\"width\":350,\"height\":100,\"caption\":\"Anapr-Moderp\"},\"image\":{\"@id\":\"https:\/\/anapr-moderp.pt\/home\/#\/schema\/logo\/image\/\"}}]}<\/script>\n<!-- \/ Yoast SEO plugin. -->","yoast_head_json":{"title":"Futuro Seguro - Anapr-Moderp","robots":{"index":"index","follow":"follow","max-snippet":"max-snippet:-1","max-image-preview":"max-image-preview:large","max-video-preview":"max-video-preview:-1"},"canonical":"https:\/\/anapr-moderp.pt\/home\/futuro-seguro\/","og_locale":"pt_PT","og_type":"article","og_title":"Futuro Seguro - Anapr-Moderp","og_description":"Futuro Seguro &#8211; Respostas Profissionais para Pessoas Idosas O Projeto \u201cFuturo Seguro &#8211; Respostas Profissionais para Pessoas Idosas\u201d da ANAPR\/MODERP visa combater o isolamento social e a exclus\u00e3o da popula\u00e7\u00e3o idosa,\u00a0em situa\u00e7\u00e3o de vulnerabilidade, no Munic\u00edpio de Lisboa. Atrav\u00e9s de uma rede de apoio integrada, disponibiliza servi\u00e7os de apoio psicossocial, financeiro, jur\u00eddico e de integra\u00e7\u00e3o social, promovendo a inclus\u00e3o e o bem-estar dos benefici\u00e1rios. O projeto ser\u00e1 executado localmente, com apoio dos parceiros locais, envolvendo atividades regulares e suporte especializado para melhorar a qualidade de vida e garantir os direitos e interesses das pessoas idosas. Torne-se Associado!","og_url":"https:\/\/anapr-moderp.pt\/home\/futuro-seguro\/","og_site_name":"Anapr-Moderp","article_modified_time":"2024-11-22T18:14:31+00:00","og_image":[{"width":1762,"height":1706,"url":"https:\/\/anapr-moderp.pt\/home\/wp-content\/uploads\/2024\/11\/Junte-se-a-nos-maos-unidas-ANAPR_MODERP--scaled-e1731428213855.jpg","type":"image\/jpeg"}],"twitter_card":"summary_large_image","twitter_misc":{"Tempo estimado de leitura":"1 minuto"},"schema":{"@context":"https:\/\/schema.org","@graph":[{"@type":"WebPage","@id":"https:\/\/anapr-moderp.pt\/home\/futuro-seguro\/","url":"https:\/\/anapr-moderp.pt\/home\/futuro-seguro\/","name":"Futuro Seguro - Anapr-Moderp","isPartOf":{"@id":"https:\/\/anapr-moderp.pt\/home\/#website"},"primaryImageOfPage":{"@id":"https:\/\/anapr-moderp.pt\/home\/futuro-seguro\/#primaryimage"},"image":{"@id":"https:\/\/anapr-moderp.pt\/home\/futuro-seguro\/#primaryimage"},"thumbnailUrl":"https:\/\/anapr-moderp.pt\/home\/wp-content\/uploads\/2024\/11\/Junte-se-a-nos-maos-unidas-ANAPR_MODERP--scaled-e1731428213855-1536x1487.jpg","datePublished":"2024-10-15T14:50:32+00:00","dateModified":"2024-11-22T18:14:31+00:00","breadcrumb":{"@id":"https:\/\/anapr-moderp.pt\/home\/futuro-seguro\/#breadcrumb"},"inLanguage":"pt-PT","potentialAction":[{"@type":"ReadAction","target":["https:\/\/anapr-moderp.pt\/home\/futuro-seguro\/"]}]},{"@type":"ImageObject","inLanguage":"pt-PT","@id":"https:\/\/anapr-moderp.pt\/home\/futuro-seguro\/#primaryimage","url":"https:\/\/anapr-moderp.pt\/home\/wp-content\/uploads\/2024\/11\/Junte-se-a-nos-maos-unidas-ANAPR_MODERP--scaled-e1731428213855.jpg","contentUrl":"https:\/\/anapr-moderp.pt\/home\/wp-content\/uploads\/2024\/11\/Junte-se-a-nos-maos-unidas-ANAPR_MODERP--scaled-e1731428213855.jpg","width":1762,"height":1706,"caption":"Close up view of Seniors people holding hands together express care and psychological support, empathy, hope, concept of old people health care, group therapy"},{"@type":"BreadcrumbList","@id":"https:\/\/anapr-moderp.pt\/home\/futuro-seguro\/#breadcrumb","itemListElement":[{"@type":"ListItem","position":1,"name":"In\u00edcio","item":"https:\/\/anapr-moderp.pt\/home\/"},{"@type":"ListItem","position":2,"name":"Futuro Seguro"}]},{"@type":"WebSite","@id":"https:\/\/anapr-moderp.pt\/home\/#website","url":"https:\/\/anapr-moderp.pt\/home\/","name":"Anapr-Moderp","description":"Associa\u00e7\u00e3o Nacional Aposentados, Pensionistas e Reformados","publisher":{"@id":"https:\/\/anapr-moderp.pt\/home\/#organization"},"potentialAction":[{"@type":"SearchAction","target":{"@type":"EntryPoint","urlTemplate":"https:\/\/anapr-moderp.pt\/home\/?s={search_term_string}"},"query-input":{"@type":"PropertyValueSpecification","valueRequired":true,"valueName":"search_term_string"}}],"inLanguage":"pt-PT"},{"@type":"Organization","@id":"https:\/\/anapr-moderp.pt\/home\/#organization","name":"Anapr-Moderp","url":"https:\/\/anapr-moderp.pt\/home\/","logo":{"@type":"ImageObject","inLanguage":"pt-PT","@id":"https:\/\/anapr-moderp.pt\/home\/#\/schema\/logo\/image\/","url":"https:\/\/anapr-moderp.pt\/home\/wp-content\/uploads\/2024\/10\/cropped-LogoANAPRsmall.jpg","contentUrl":"https:\/\/anapr-moderp.pt\/home\/wp-content\/uploads\/2024\/10\/cropped-LogoANAPRsmall.jpg","width":350,"height":100,"caption":"Anapr-Moderp"},"image":{"@id":"https:\/\/anapr-moderp.pt\/home\/#\/schema\/logo\/image\/"}}]}},"_links":{"self":[{"href":"https:\/\/anapr-moderp.pt\/home\/wp-json\/wp\/v2\/pages\/2221","targetHints":{"allow":["GET"]}}],"collection":[{"href":"https:\/\/anapr-moderp.pt\/home\/wp-json\/wp\/v2\/pages"}],"about":[{"href":"https:\/\/anapr-moderp.pt\/home\/wp-json\/wp\/v2\/types\/page"}],"author":[{"embeddable":true,"href":"https:\/\/anapr-moderp.pt\/home\/wp-json\/wp\/v2\/users\/3"}],"replies":[{"embeddable":true,"href":"https:\/\/anapr-moderp.pt\/home\/wp-json\/wp\/v2\/comments?post=2221"}],"version-history":[{"count":31,"href":"https:\/\/anapr-moderp.pt\/home\/wp-json\/wp\/v2\/pages\/2221\/revisions"}],"predecessor-version":[{"id":3587,"href":"https:\/\/anapr-moderp.pt\/home\/wp-json\/wp\/v2\/pages\/2221\/revisions\/3587"}],"wp:attachment":[{"href":"https:\/\/anapr-moderp.pt\/home\/wp-json\/wp\/v2\/media?parent=2221"}],"curies":[{"name":"wp","href":"https:\/\/api.w.org\/{rel}","templated":true}]}}