{"id":2204,"date":"2024-10-15T15:44:44","date_gmt":"2024-10-15T14:44:44","guid":{"rendered":"https:\/\/anapr-moderp.pt\/home\/?page_id=2204"},"modified":"2024-11-22T18:23:22","modified_gmt":"2024-11-22T18:23:22","slug":"voluntariado","status":"publish","type":"page","link":"https:\/\/anapr-moderp.pt\/home\/voluntariado\/","title":{"rendered":"Voluntariado"},"content":{"rendered":"\t\t<div data-elementor-type=\"wp-page\" data-elementor-id=\"2204\" class=\"elementor elementor-2204\" data-elementor-post-type=\"page\">\n\t\t\t\t<div class=\"elementor-element elementor-element-279660f4 e-flex e-con-boxed e-con e-parent\" data-id=\"279660f4\" data-element_type=\"container\">\n\t\t\t\t\t<div class=\"e-con-inner\">\n\t\t\t\t<div class=\"elementor-element elementor-element-ce7f5b0 elementor-widget elementor-widget-heading\" data-id=\"ce7f5b0\" data-element_type=\"widget\" data-widget_type=\"heading.default\">\n\t\t\t\t<div class=\"elementor-widget-container\">\n\t\t\t\t\t<h2 class=\"elementor-heading-title elementor-size-default\">Voluntariado - ANAPR\/MODERP<\/h2>\t\t\t\t<\/div>\n\t\t\t\t<\/div>\n\t\t\t\t<div class=\"elementor-element elementor-element-fac7359 elementor-widget elementor-widget-text-editor\" data-id=\"fac7359\" data-element_type=\"widget\" data-widget_type=\"text-editor.default\">\n\t\t\t\t<div class=\"elementor-widget-container\">\n\t\t\t\t\t\t\t\t\t<p style=\"text-align: center;\"><img fetchpriority=\"high\" decoding=\"async\" class=\"wp-image-3010 size-large aligncenter\" src=\"https:\/\/anapr-moderp.pt\/home\/wp-content\/uploads\/2024\/11\/home-1024x376.webp\" alt=\"\" width=\"960\" height=\"353\" srcset=\"https:\/\/anapr-moderp.pt\/home\/wp-content\/uploads\/2024\/11\/home-1024x376.webp 1024w, https:\/\/anapr-moderp.pt\/home\/wp-content\/uploads\/2024\/11\/home-300x110.webp 300w, https:\/\/anapr-moderp.pt\/home\/wp-content\/uploads\/2024\/11\/home-768x282.webp 768w, https:\/\/anapr-moderp.pt\/home\/wp-content\/uploads\/2024\/11\/home.webp 1254w\" sizes=\"(max-width: 960px) 100vw, 960px\" \/><strong><br \/>Junte-se a n\u00f3s e fa\u00e7a a diferen\u00e7a!<\/strong> <br \/>Preencha o<strong> formul\u00e1rio de inscri\u00e7\u00e3o<\/strong>, e ajude-nos a ajudar.<\/p><p style=\"text-align: center;\">Siga as instru\u00e7\u00f5es, e se tiver d\u00favidas, utilize os nossos contactos.<\/p>\t\t\t\t\t\t\t\t<\/div>\n\t\t\t\t<\/div>\n\t\t\t\t\t<\/div>\n\t\t\t\t<\/div>\n\t\t<div class=\"elementor-element elementor-element-29b6746 e-flex e-con-boxed e-con e-parent\" data-id=\"29b6746\" data-element_type=\"container\" data-settings=\"{&quot;background_background&quot;:&quot;classic&quot;}\">\n\t\t\t\t\t<div class=\"e-con-inner\">\n\t\t\t\t<div class=\"elementor-element elementor-element-fbcba83 elementor-widget elementor-widget-shortcode\" data-id=\"fbcba83\" data-element_type=\"widget\" data-widget_type=\"shortcode.default\">\n\t\t\t\t<div class=\"elementor-widget-container\">\n\t\t\t\t\t\t\t<div class=\"elementor-shortcode\">\n<div class=\"wpcf7 no-js\" id=\"wpcf7-f2363-o1\" lang=\"pt-PT\" dir=\"ltr\" data-wpcf7-id=\"2363\">\n<div class=\"screen-reader-response\"><p role=\"status\" aria-live=\"polite\" aria-atomic=\"true\"><\/p> <ul><\/ul><\/div>\n<form action=\"\/home\/wp-json\/wp\/v2\/pages\/2204#wpcf7-f2363-o1\" method=\"post\" class=\"wpcf7-form init\" aria-label=\"Formul\u00e1rio de contacto\" enctype=\"multipart\/form-data\" novalidate=\"novalidate\" data-status=\"init\">\n<div style=\"display: none;\">\n<input type=\"hidden\" name=\"_wpcf7\" value=\"2363\" \/>\n<input type=\"hidden\" name=\"_wpcf7_version\" value=\"6.0.3\" \/>\n<input type=\"hidden\" name=\"_wpcf7_locale\" value=\"pt_PT\" \/>\n<input type=\"hidden\" name=\"_wpcf7_unit_tag\" value=\"wpcf7-f2363-o1\" \/>\n<input type=\"hidden\" name=\"_wpcf7_container_post\" value=\"0\" \/>\n<input type=\"hidden\" name=\"_wpcf7_posted_data_hash\" value=\"\" \/>\n<\/div>\n\t\t\t\t<style>\n\t\t\t\t\t.uacf7-uacf7style-2363 label {\n\t\t\t\t\t\tfont-style: normal;font-weight: normal;\t\t\t\t\t}\n\n\t\t\t\t\t.uacf7-uacf7style-2363 input[type=\"email\"],\n\t\t\t\t\t.uacf7-uacf7style-2363 input[type=\"number\"],\n\t\t\t\t\t.uacf7-uacf7style-2363 input[type=\"password\"],\n\t\t\t\t\t.uacf7-uacf7style-2363 input[type=\"search\"],\n\t\t\t\t\t.uacf7-uacf7style-2363 input[type=\"tel\"],\n\t\t\t\t\t.uacf7-uacf7style-2363 input[type=\"text\"],\n\t\t\t\t\t.uacf7-uacf7style-2363 input[type=\"url\"],\n\t\t\t\t\t.uacf7-uacf7style-2363 input[type=\"date\"],\n\t\t\t\t\t.uacf7-uacf7style-2363 select,\n\t\t\t\t\t.uacf7-uacf7style-2363 textarea {\n\t\t\t\t\t\tbackground-color: #8fc7ae;font-style: normal;font-weight: normal;border-style: solid;margin-top: 10px;margin-bottom: 10px;\t\t\t\t\t}\n\n\t\t\t\t\t.uacf7-uacf7style-2363 .wpcf7-radio span,\n\t\t\t\t\t.uacf7-uacf7style-2363 .wpcf7-checkbox span {\n\t\t\t\t\t\tfont-style: normal;font-weight: normal;\t\t\t\t\t}\n\n\t\t\t\t\t.uacf7-uacf7style-2363 textarea {\n\t\t\t\t\t\t\t\t\t\t\t}\n\n\t\t\t\t\t.wpcf7-form-control-wrap select {\n\t\t\t\t\t\twidth: 100%;\n\t\t\t\t\t}\n\n\t\t\t\t\t.uacf7-uacf7style-2363 input[type=\"submit\"] {\n\t\t\t\t\t\tcolor: #ffffff;background-color: #8fc7ae;font-style: normal;font-weight: normal;border-style: none;margin-top: 10px;\t\t\t\t\t}\n\n\t\t\t\t\t.uacf7-uacf7style-2363 input[type=\"submit\"]:hover {\n\t\t\t\t\t\tcolor: #8fc7ae;background-color: #ffffff;\t\t\t\t\t}\n\n\t\t\t\t\t\t\t\t\t<\/style>\n\n\t\t\t\t<div class=\"uacf7-uacf7style uacf7-uacf7style-2363\"><div class=\"uacf7-form-2363  uacf7-uacf7style uacf7-uacf7style-2363\"><label> O seu nome  <\/label>\n<span class=\"wpcf7-form-control-wrap\" data-name=\"your-name\"><input size=\"40\" maxlength=\"400\" class=\"wpcf7-form-control wpcf7-text wpcf7-validates-as-required\" autocomplete=\"name\" aria-required=\"true\" aria-invalid=\"false\" value=\"\" type=\"text\" name=\"your-name\" \/><\/span>  \n\n <label> Data de Nascimento\n<span class=\"wpcf7-form-control-wrap\" data-name=\"DataNascimento\"><input class=\"wpcf7-form-control wpcf7-date wpcf7-validates-as-date\" aria-invalid=\"false\" value=\"\" type=\"date\" name=\"DataNascimento\" \/><\/span> <\/label>\n\n<label> Telefone\n   <span class=\"wpcf7-form-control-wrap\" data-name=\"your-telefone\"><input size=\"40\" maxlength=\"400\" class=\"wpcf7-form-control wpcf7-tel wpcf7-validates-as-required wpcf7-text wpcf7-validates-as-tel\" aria-required=\"true\" aria-invalid=\"false\" value=\"\" type=\"tel\" name=\"your-telefone\" \/><\/span> <\/label>\n\n<label> O seu e-mail\n    <span class=\"wpcf7-form-control-wrap\" data-name=\"your-email\"><input size=\"40\" maxlength=\"400\" class=\"wpcf7-form-control wpcf7-email wpcf7-validates-as-required wpcf7-text wpcf7-validates-as-email\" autocomplete=\"email\" aria-required=\"true\" aria-invalid=\"false\" value=\"\" type=\"email\" name=\"your-email\" \/><\/span> <\/label>\n\n<label> Habilita\u00e7\u00f5es\n    <span class=\"wpcf7-form-control-wrap\" data-name=\"your-habil\"><input size=\"40\" maxlength=\"400\" class=\"wpcf7-form-control wpcf7-text\" aria-invalid=\"false\" value=\"\" type=\"text\" name=\"your-habil\" \/><\/span> <\/label>\n\n<label> Disponibilidade (N.\u00ba de dias por semana e hor\u00e1rio) \n    <span class=\"wpcf7-form-control-wrap\" data-name=\"your-disponib\"><input size=\"40\" maxlength=\"400\" class=\"wpcf7-form-control wpcf7-text\" aria-invalid=\"false\" value=\"\" type=\"text\" name=\"your-disponib\" \/><\/span> <\/label>\n\n<label> Tipo de Apoio a que se voluntaria <\/label><br>\n<span class=\"wpcf7-form-control-wrap\" data-name=\"TipodeApoio\"><span class=\"wpcf7-form-control wpcf7-radio\"><span class=\"wpcf7-list-item first\"><label><input type=\"radio\" name=\"TipodeApoio\" value=\"Qualquer \u00e1rea\" \/><span class=\"wpcf7-list-item-label\">Qualquer \u00e1rea<\/span><\/label><\/span><span class=\"wpcf7-list-item\"><label><input type=\"radio\" name=\"TipodeApoio\" value=\"Administrativo\" \/><span class=\"wpcf7-list-item-label\">Administrativo<\/span><\/label><\/span><span class=\"wpcf7-list-item last\"><label><input type=\"radio\" name=\"TipodeApoio\" value=\"Companhia a s\u00e9niores\" \/><span class=\"wpcf7-list-item-label\">Companhia a s\u00e9niores<\/span><\/label><\/span><\/span><\/span><br><br>\n\n<label> Disponibilidade para Entrevista - Indique dia e hora a partir da pr\u00f3xima semana\n    <span class=\"wpcf7-form-control-wrap\" data-name=\"your-disponibEntrevista\"><input size=\"40\" maxlength=\"400\" class=\"wpcf7-form-control wpcf7-text\" aria-invalid=\"false\" value=\"\" type=\"text\" name=\"your-disponibEntrevista\" \/><\/span> <\/label>\n<br>\n\n<label>Submeter CV (Curriculum Vitae) - prefer\u00eancial<\/label> <br>\n<span class=\"wpcf7-form-control-wrap\" data-name=\"FicheiroPDF\"><input size=\"40\" class=\"wpcf7-form-control wpcf7-file\" accept=\".pdf\" aria-invalid=\"false\" type=\"file\" name=\"FicheiroPDF\" \/><\/span>\n<br><br>\n\n<input class=\"wpcf7-form-control wpcf7-submit has-spinner\" type=\"submit\" value=\"Submeter\" \/><\/div><\/div><div class=\"wpcf7-response-output\" aria-hidden=\"true\"><\/div>\n<\/form>\n<\/div>\n<\/div>\n\t\t\t\t\t\t<\/div>\n\t\t\t\t<\/div>\n\t\t\t\t\t<\/div>\n\t\t\t\t<\/div>\n\t\t\t\t<\/div>\n\t\t","protected":false},"excerpt":{"rendered":"<p>Voluntariado &#8211; ANAPR\/MODERP Junte-se a n\u00f3s e fa\u00e7a a diferen\u00e7a! Preencha o formul\u00e1rio de inscri\u00e7\u00e3o, e ajude-nos a ajudar. Siga as instru\u00e7\u00f5es, e se tiver d\u00favidas, utilize os nossos contactos.<\/p>\n","protected":false},"author":3,"featured_media":0,"parent":0,"menu_order":0,"comment_status":"closed","ping_status":"closed","template":"elementor_canvas","meta":{"footnotes":""},"class_list":["post-2204","page","type-page","status-publish","hentry"],"yoast_head":"<!-- This site is optimized with the Yoast SEO plugin v24.7 - https:\/\/yoast.com\/wordpress\/plugins\/seo\/ -->\n<title>Voluntariado - Anapr-Moderp<\/title>\n<meta name=\"robots\" content=\"index, follow, max-snippet:-1, max-image-preview:large, max-video-preview:-1\" \/>\n<link rel=\"canonical\" href=\"https:\/\/anapr-moderp.pt\/home\/voluntariado\/\" \/>\n<meta property=\"og:locale\" content=\"pt_PT\" \/>\n<meta property=\"og:type\" content=\"article\" \/>\n<meta property=\"og:title\" content=\"Voluntariado - Anapr-Moderp\" \/>\n<meta property=\"og:description\" content=\"Voluntariado &#8211; ANAPR\/MODERP Junte-se a n\u00f3s e fa\u00e7a a diferen\u00e7a! Preencha o formul\u00e1rio de inscri\u00e7\u00e3o, e ajude-nos a ajudar. Siga as instru\u00e7\u00f5es, e se tiver d\u00favidas, utilize os nossos contactos.\" \/>\n<meta property=\"og:url\" content=\"https:\/\/anapr-moderp.pt\/home\/voluntariado\/\" \/>\n<meta property=\"og:site_name\" content=\"Anapr-Moderp\" \/>\n<meta property=\"article:modified_time\" content=\"2024-11-22T18:23:22+00:00\" \/>\n<meta property=\"og:image\" content=\"https:\/\/anapr-moderp.pt\/home\/wp-content\/uploads\/2024\/11\/home.webp\" \/>\n\t<meta property=\"og:image:width\" content=\"1254\" \/>\n\t<meta property=\"og:image:height\" content=\"460\" \/>\n\t<meta property=\"og:image:type\" content=\"image\/webp\" \/>\n<meta name=\"twitter:card\" content=\"summary_large_image\" \/>\n<script type=\"application\/ld+json\" class=\"yoast-schema-graph\">{\"@context\":\"https:\/\/schema.org\",\"@graph\":[{\"@type\":\"WebPage\",\"@id\":\"https:\/\/anapr-moderp.pt\/home\/voluntariado\/\",\"url\":\"https:\/\/anapr-moderp.pt\/home\/voluntariado\/\",\"name\":\"Voluntariado - Anapr-Moderp\",\"isPartOf\":{\"@id\":\"https:\/\/anapr-moderp.pt\/home\/#website\"},\"primaryImageOfPage\":{\"@id\":\"https:\/\/anapr-moderp.pt\/home\/voluntariado\/#primaryimage\"},\"image\":{\"@id\":\"https:\/\/anapr-moderp.pt\/home\/voluntariado\/#primaryimage\"},\"thumbnailUrl\":\"https:\/\/anapr-moderp.pt\/home\/wp-content\/uploads\/2024\/11\/home-1024x376.webp\",\"datePublished\":\"2024-10-15T14:44:44+00:00\",\"dateModified\":\"2024-11-22T18:23:22+00:00\",\"breadcrumb\":{\"@id\":\"https:\/\/anapr-moderp.pt\/home\/voluntariado\/#breadcrumb\"},\"inLanguage\":\"pt-PT\",\"potentialAction\":[{\"@type\":\"ReadAction\",\"target\":[\"https:\/\/anapr-moderp.pt\/home\/voluntariado\/\"]}]},{\"@type\":\"ImageObject\",\"inLanguage\":\"pt-PT\",\"@id\":\"https:\/\/anapr-moderp.pt\/home\/voluntariado\/#primaryimage\",\"url\":\"https:\/\/anapr-moderp.pt\/home\/wp-content\/uploads\/2024\/11\/home.webp\",\"contentUrl\":\"https:\/\/anapr-moderp.pt\/home\/wp-content\/uploads\/2024\/11\/home.webp\",\"width\":1254,\"height\":460},{\"@type\":\"BreadcrumbList\",\"@id\":\"https:\/\/anapr-moderp.pt\/home\/voluntariado\/#breadcrumb\",\"itemListElement\":[{\"@type\":\"ListItem\",\"position\":1,\"name\":\"In\u00edcio\",\"item\":\"https:\/\/anapr-moderp.pt\/home\/\"},{\"@type\":\"ListItem\",\"position\":2,\"name\":\"Voluntariado\"}]},{\"@type\":\"WebSite\",\"@id\":\"https:\/\/anapr-moderp.pt\/home\/#website\",\"url\":\"https:\/\/anapr-moderp.pt\/home\/\",\"name\":\"Anapr-Moderp\",\"description\":\"Associa\u00e7\u00e3o Nacional Aposentados, Pensionistas e Reformados\",\"publisher\":{\"@id\":\"https:\/\/anapr-moderp.pt\/home\/#organization\"},\"potentialAction\":[{\"@type\":\"SearchAction\",\"target\":{\"@type\":\"EntryPoint\",\"urlTemplate\":\"https:\/\/anapr-moderp.pt\/home\/?s={search_term_string}\"},\"query-input\":{\"@type\":\"PropertyValueSpecification\",\"valueRequired\":true,\"valueName\":\"search_term_string\"}}],\"inLanguage\":\"pt-PT\"},{\"@type\":\"Organization\",\"@id\":\"https:\/\/anapr-moderp.pt\/home\/#organization\",\"name\":\"Anapr-Moderp\",\"url\":\"https:\/\/anapr-moderp.pt\/home\/\",\"logo\":{\"@type\":\"ImageObject\",\"inLanguage\":\"pt-PT\",\"@id\":\"https:\/\/anapr-moderp.pt\/home\/#\/schema\/logo\/image\/\",\"url\":\"https:\/\/anapr-moderp.pt\/home\/wp-content\/uploads\/2024\/10\/cropped-LogoANAPRsmall.jpg\",\"contentUrl\":\"https:\/\/anapr-moderp.pt\/home\/wp-content\/uploads\/2024\/10\/cropped-LogoANAPRsmall.jpg\",\"width\":350,\"height\":100,\"caption\":\"Anapr-Moderp\"},\"image\":{\"@id\":\"https:\/\/anapr-moderp.pt\/home\/#\/schema\/logo\/image\/\"}}]}<\/script>\n<!-- \/ Yoast SEO plugin. -->","yoast_head_json":{"title":"Voluntariado - Anapr-Moderp","robots":{"index":"index","follow":"follow","max-snippet":"max-snippet:-1","max-image-preview":"max-image-preview:large","max-video-preview":"max-video-preview:-1"},"canonical":"https:\/\/anapr-moderp.pt\/home\/voluntariado\/","og_locale":"pt_PT","og_type":"article","og_title":"Voluntariado - Anapr-Moderp","og_description":"Voluntariado &#8211; ANAPR\/MODERP Junte-se a n\u00f3s e fa\u00e7a a diferen\u00e7a! Preencha o formul\u00e1rio de inscri\u00e7\u00e3o, e ajude-nos a ajudar. Siga as instru\u00e7\u00f5es, e se tiver d\u00favidas, utilize os nossos contactos.","og_url":"https:\/\/anapr-moderp.pt\/home\/voluntariado\/","og_site_name":"Anapr-Moderp","article_modified_time":"2024-11-22T18:23:22+00:00","og_image":[{"width":1254,"height":460,"url":"https:\/\/anapr-moderp.pt\/home\/wp-content\/uploads\/2024\/11\/home.webp","type":"image\/webp"}],"twitter_card":"summary_large_image","schema":{"@context":"https:\/\/schema.org","@graph":[{"@type":"WebPage","@id":"https:\/\/anapr-moderp.pt\/home\/voluntariado\/","url":"https:\/\/anapr-moderp.pt\/home\/voluntariado\/","name":"Voluntariado - Anapr-Moderp","isPartOf":{"@id":"https:\/\/anapr-moderp.pt\/home\/#website"},"primaryImageOfPage":{"@id":"https:\/\/anapr-moderp.pt\/home\/voluntariado\/#primaryimage"},"image":{"@id":"https:\/\/anapr-moderp.pt\/home\/voluntariado\/#primaryimage"},"thumbnailUrl":"https:\/\/anapr-moderp.pt\/home\/wp-content\/uploads\/2024\/11\/home-1024x376.webp","datePublished":"2024-10-15T14:44:44+00:00","dateModified":"2024-11-22T18:23:22+00:00","breadcrumb":{"@id":"https:\/\/anapr-moderp.pt\/home\/voluntariado\/#breadcrumb"},"inLanguage":"pt-PT","potentialAction":[{"@type":"ReadAction","target":["https:\/\/anapr-moderp.pt\/home\/voluntariado\/"]}]},{"@type":"ImageObject","inLanguage":"pt-PT","@id":"https:\/\/anapr-moderp.pt\/home\/voluntariado\/#primaryimage","url":"https:\/\/anapr-moderp.pt\/home\/wp-content\/uploads\/2024\/11\/home.webp","contentUrl":"https:\/\/anapr-moderp.pt\/home\/wp-content\/uploads\/2024\/11\/home.webp","width":1254,"height":460},{"@type":"BreadcrumbList","@id":"https:\/\/anapr-moderp.pt\/home\/voluntariado\/#breadcrumb","itemListElement":[{"@type":"ListItem","position":1,"name":"In\u00edcio","item":"https:\/\/anapr-moderp.pt\/home\/"},{"@type":"ListItem","position":2,"name":"Voluntariado"}]},{"@type":"WebSite","@id":"https:\/\/anapr-moderp.pt\/home\/#website","url":"https:\/\/anapr-moderp.pt\/home\/","name":"Anapr-Moderp","description":"Associa\u00e7\u00e3o Nacional Aposentados, Pensionistas e Reformados","publisher":{"@id":"https:\/\/anapr-moderp.pt\/home\/#organization"},"potentialAction":[{"@type":"SearchAction","target":{"@type":"EntryPoint","urlTemplate":"https:\/\/anapr-moderp.pt\/home\/?s={search_term_string}"},"query-input":{"@type":"PropertyValueSpecification","valueRequired":true,"valueName":"search_term_string"}}],"inLanguage":"pt-PT"},{"@type":"Organization","@id":"https:\/\/anapr-moderp.pt\/home\/#organization","name":"Anapr-Moderp","url":"https:\/\/anapr-moderp.pt\/home\/","logo":{"@type":"ImageObject","inLanguage":"pt-PT","@id":"https:\/\/anapr-moderp.pt\/home\/#\/schema\/logo\/image\/","url":"https:\/\/anapr-moderp.pt\/home\/wp-content\/uploads\/2024\/10\/cropped-LogoANAPRsmall.jpg","contentUrl":"https:\/\/anapr-moderp.pt\/home\/wp-content\/uploads\/2024\/10\/cropped-LogoANAPRsmall.jpg","width":350,"height":100,"caption":"Anapr-Moderp"},"image":{"@id":"https:\/\/anapr-moderp.pt\/home\/#\/schema\/logo\/image\/"}}]}},"_links":{"self":[{"href":"https:\/\/anapr-moderp.pt\/home\/wp-json\/wp\/v2\/pages\/2204","targetHints":{"allow":["GET"]}}],"collection":[{"href":"https:\/\/anapr-moderp.pt\/home\/wp-json\/wp\/v2\/pages"}],"about":[{"href":"https:\/\/anapr-moderp.pt\/home\/wp-json\/wp\/v2\/types\/page"}],"author":[{"embeddable":true,"href":"https:\/\/anapr-moderp.pt\/home\/wp-json\/wp\/v2\/users\/3"}],"replies":[{"embeddable":true,"href":"https:\/\/anapr-moderp.pt\/home\/wp-json\/wp\/v2\/comments?post=2204"}],"version-history":[{"count":37,"href":"https:\/\/anapr-moderp.pt\/home\/wp-json\/wp\/v2\/pages\/2204\/revisions"}],"predecessor-version":[{"id":3596,"href":"https:\/\/anapr-moderp.pt\/home\/wp-json\/wp\/v2\/pages\/2204\/revisions\/3596"}],"wp:attachment":[{"href":"https:\/\/anapr-moderp.pt\/home\/wp-json\/wp\/v2\/media?parent=2204"}],"curies":[{"name":"wp","href":"https:\/\/api.w.org\/{rel}","templated":true}]}}