{"id":2192,"date":"2024-10-15T15:42:39","date_gmt":"2024-10-15T14:42:39","guid":{"rendered":"https:\/\/anapr-moderp.pt\/home\/?page_id=2192"},"modified":"2024-11-22T18:04:48","modified_gmt":"2024-11-22T18:04:48","slug":"consignacao-do-irs","status":"publish","type":"page","link":"https:\/\/anapr-moderp.pt\/home\/consignacao-do-irs\/","title":{"rendered":"Consigna\u00e7\u00e3o do IRS"},"content":{"rendered":"\t\t<div data-elementor-type=\"wp-page\" data-elementor-id=\"2192\" class=\"elementor elementor-2192\" data-elementor-post-type=\"page\">\n\t\t\t\t\t\t<section class=\"elementor-section elementor-top-section elementor-element elementor-element-3b39e553 elementor-section-boxed elementor-section-height-default elementor-section-height-default\" data-id=\"3b39e553\" data-element_type=\"section\">\n\t\t\t\t\t\t<div class=\"elementor-container elementor-column-gap-wide\">\n\t\t\t\t\t<div class=\"elementor-column elementor-col-50 elementor-top-column elementor-element elementor-element-a788a0b\" data-id=\"a788a0b\" data-element_type=\"column\">\n\t\t\t<div class=\"elementor-widget-wrap elementor-element-populated\">\n\t\t\t\t\t\t<div class=\"elementor-element elementor-element-5daf1ede elementor-widget__width-initial elementor-widget elementor-widget-heading\" data-id=\"5daf1ede\" data-element_type=\"widget\" data-widget_type=\"heading.default\">\n\t\t\t\t<div class=\"elementor-widget-container\">\n\t\t\t\t\t<h3 class=\"elementor-heading-title elementor-size-default\">Consigna\u00e7\u00e3o de 1% do IRS a favor da ANAPR\/MODERP<\/h3>\t\t\t\t<\/div>\n\t\t\t\t<\/div>\n\t\t\t\t<div class=\"elementor-element elementor-element-364e4ca elementor-widget-laptop__width-initial elementor-widget elementor-widget-text-editor\" data-id=\"364e4ca\" data-element_type=\"widget\" data-widget_type=\"text-editor.default\">\n\t\t\t\t<div class=\"elementor-widget-container\">\n\t\t\t\t\t\t\t\t\t<p>Ao<strong> consignar 1% do seu IRS<\/strong> (antigos 0,5%) \u00e0 <span style=\"color: #339966;\"><strong>Associa\u00e7\u00e3o Nacional de Aposentados, Pensionistas e Reformados &#8211; MODERP<\/strong> <\/span>(<span style=\"text-decoration: underline;\">NIF: 502 856 882<\/span>) <strong>est\u00e1 a ajudar-nos a ajudar <\/strong>as pessoas idosas e reformadas em todo o territ\u00f3rio nacional, <strong>sem qualquer custo para si.\u00a0<\/strong>\u00a0Saiba mais sobre o que o fazemos <a href=\"https:\/\/anapr-moderp.pt\/home\/quem-somos\/\"><span style=\"text-decoration: underline;\">aqui<\/span><\/a>.<\/p><p>Todos os contribuintes t\u00eam o direito de <strong>escolher uma entidade que desejem apoiar com o seu imposto &#8211; <span style=\"color: #339966;\">sem sofrer qualquer altera\u00e7\u00e3o no seu reembolso.\u00a0<\/span><\/strong><span style=\"color: #339966;\"><span style=\"color: #000000;\">Para isso, siga as instru\u00e7\u00f5es.<\/span><\/span><\/p><p><img fetchpriority=\"high\" decoding=\"async\" class=\"alignleft wp-image-2902 size-full\" src=\"https:\/\/anapr-moderp.pt\/home\/wp-content\/uploads\/2024\/11\/Consignacao-IRS-ANAPR-MODERP-502-851-882-e1731429169659.png\" alt=\"\" width=\"1308\" height=\"674\" srcset=\"https:\/\/anapr-moderp.pt\/home\/wp-content\/uploads\/2024\/11\/Consignacao-IRS-ANAPR-MODERP-502-851-882-e1731429169659.png 1308w, https:\/\/anapr-moderp.pt\/home\/wp-content\/uploads\/2024\/11\/Consignacao-IRS-ANAPR-MODERP-502-851-882-e1731429169659-300x155.png 300w, https:\/\/anapr-moderp.pt\/home\/wp-content\/uploads\/2024\/11\/Consignacao-IRS-ANAPR-MODERP-502-851-882-e1731429169659-1024x528.png 1024w, https:\/\/anapr-moderp.pt\/home\/wp-content\/uploads\/2024\/11\/Consignacao-IRS-ANAPR-MODERP-502-851-882-e1731429169659-768x396.png 768w\" sizes=\"(max-width: 1308px) 100vw, 1308px\" \/><\/p>\t\t\t\t\t\t\t\t<\/div>\n\t\t\t\t<\/div>\n\t\t\t\t\t<\/div>\n\t\t<\/div>\n\t\t\t\t<div class=\"elementor-column elementor-col-50 elementor-top-column elementor-element elementor-element-364da2ee elementor-hidden-mobile\" data-id=\"364da2ee\" data-element_type=\"column\" data-settings=\"{&quot;background_background&quot;:&quot;classic&quot;}\">\n\t\t\t<div class=\"elementor-widget-wrap elementor-element-populated\">\n\t\t\t\t\t\t<div class=\"elementor-element elementor-element-0df7a52 elementor-widget elementor-widget-spacer\" data-id=\"0df7a52\" data-element_type=\"widget\" data-widget_type=\"spacer.default\">\n\t\t\t\t<div class=\"elementor-widget-container\">\n\t\t\t\t\t\t\t<div class=\"elementor-spacer\">\n\t\t\t<div class=\"elementor-spacer-inner\"><\/div>\n\t\t<\/div>\n\t\t\t\t\t\t<\/div>\n\t\t\t\t<\/div>\n\t\t\t\t\t<\/div>\n\t\t<\/div>\n\t\t\t\t\t<\/div>\n\t\t<\/section>\n\t\t<div class=\"elementor-element elementor-element-16d1594 e-flex e-con-boxed e-con e-parent\" data-id=\"16d1594\" data-element_type=\"container\">\n\t\t\t\t\t<div class=\"e-con-inner\">\n\t\t\t\t<div class=\"elementor-element elementor-element-ce43144 elementor-widget elementor-widget-text-editor\" data-id=\"ce43144\" data-element_type=\"widget\" data-widget_type=\"text-editor.default\">\n\t\t\t\t<div class=\"elementor-widget-container\">\n\t\t\t\t\t\t\t\t\t<p><strong><span style=\"color: #339966;\">INSTRU\u00c7\u00d5ES<\/span><\/strong><\/p>\n<p>1 &#8211; Entre no Portal das Finan\u00e7as, e , na sua declara\u00e7\u00e3o de IRS, <strong>clique na op\u00e7\u00e3o 11. \u201cComunicar Entidade a Consignar IRS\/IVA\u201d<\/strong>.<\/p>\n<p>2. Posteriormente, selecione a op\u00e7\u00e3o&nbsp;<span style=\"font-weight: bolder;\">&#8220;1101 Institui\u00e7\u00f5es Particulares de Solidariedade Social (&#8230;)&#8221;.&nbsp;<\/span><\/p>\n<p>3. Em baixo, selecione a op\u00e7\u00e3o&nbsp;<span style=\"font-weight: bolder;\">IRS<\/span>&nbsp;e&nbsp;<span style=\"font-weight: bolder;\">Consulte as Entidades Benefici\u00e1rias.&nbsp;<\/span>Na barra de pesquisas NIF, pesquise pelo contribuinte&nbsp;<span style=\"font-weight: bolder;\">502 856 882<\/span>&nbsp;ou pela palavra&nbsp;<span style=\"font-weight: bolder;\">MODERP<\/span>.<\/p><p><span style=\"font-family: var( --e-global-typography-text-font-family ), Sans-serif; font-weight: var( --e-global-typography-text-font-weight ); text-align: var(--text-align); font-size: 1rem;\">Esta op\u00e7\u00e3o n\u00e3o ir\u00e1 influenciar o seu reembolso, mas far\u00e1 toda a diferen\u00e7a!<\/span><span style=\"font-family: var( --e-global-typography-text-font-family ), Sans-serif; font-weight: var( --e-global-typography-text-font-weight ); text-align: var(--text-align); color: rgb(0, 0, 0); font-size: 1.2em;\">&nbsp;<\/span><\/p>\t\t\t\t\t\t\t\t<\/div>\n\t\t\t\t<\/div>\n\t\t\t\t\t<\/div>\n\t\t\t\t<\/div>\n\t\t<div class=\"elementor-element elementor-element-0d67879 e-flex e-con-boxed e-con e-parent\" data-id=\"0d67879\" data-element_type=\"container\">\n\t\t\t\t\t<div class=\"e-con-inner\">\n\t\t\t\t<div class=\"elementor-element elementor-element-98278fd elementor-widget elementor-widget-text-editor\" data-id=\"98278fd\" data-element_type=\"widget\" data-widget_type=\"text-editor.default\">\n\t\t\t\t<div class=\"elementor-widget-container\">\n\t\t\t\t\t\t\t\t\t<p style=\"text-align: center;\"><span style=\"color: #993300;\"><b>Precisa<\/b><strong> de Ajuda a Preencher e Entregar o IRS?\u00a0<\/strong><\/span><\/p><p style=\"text-align: center;\">A ANAPR\/MODERP disponibiliza este servi\u00e7o de <strong>forma gratuita a todos os seus associados.<\/strong><\/p>\t\t\t\t\t\t\t\t<\/div>\n\t\t\t\t<\/div>\n\t\t\t\t\t<\/div>\n\t\t\t\t<\/div>\n\t\t<div class=\"elementor-element elementor-element-008adbf e-flex e-con-boxed e-con e-parent\" data-id=\"008adbf\" data-element_type=\"container\">\n\t\t\t\t\t<div class=\"e-con-inner\">\n\t\t\t\t<div class=\"elementor-element elementor-element-bab9937 wpr-button-icon-style-inline wpr-button-icon-position-right elementor-widget elementor-widget-wpr-button\" data-id=\"bab9937\" data-element_type=\"widget\" data-widget_type=\"wpr-button.default\">\n\t\t\t\t<div class=\"elementor-widget-container\">\n\t\t\t\t\t\t\n\t\t\t\n\t\t\n\t\t<div class=\"wpr-button-wrap elementor-clearfix\">\n\t\t<a class=\"wpr-button wpr-button-effect wpr-button-none\" data-text=\"Go\" href=\"https:\/\/anapr-moderp.pt\/home\/junte-se-a-nos\/\" target=\"_blank\">\n\t\t\t\n\t\t\t<span class=\"wpr-button-content\">\n\t\t\t\t\t\t\t\t\t<span class=\"wpr-button-text\">Torne-se Associado!<\/span>\n\t\t\t\t\t\t\t\t\n\t\t\t\t\t\t\t\t\t<span class=\"wpr-button-icon\"><svg class=\"e-font-icon-svg e-fas-angle-right\" viewBox=\"0 0 256 512\" xmlns=\"http:\/\/www.w3.org\/2000\/svg\"><path d=\"M224.3 273l-136 136c-9.4 9.4-24.6 9.4-33.9 0l-22.6-22.6c-9.4-9.4-9.4-24.6 0-33.9l96.4-96.4-96.4-96.4c-9.4-9.4-9.4-24.6 0-33.9L54.3 103c9.4-9.4 24.6-9.4 33.9 0l136 136c9.5 9.4 9.5 24.6.1 34z\"><\/path><\/svg><\/span>\n\t\t\t\t\t\t\t<\/span>\n\t\t<\/a>\n\n\t\t\t\t<\/div>\n\t\n\t\n\t\t\t\t\t<\/div>\n\t\t\t\t<\/div>\n\t\t\t\t\t<\/div>\n\t\t\t\t<\/div>\n\t\t\t\t<\/div>\n\t\t","protected":false},"excerpt":{"rendered":"<p>Consigna\u00e7\u00e3o de 1% do IRS a favor da ANAPR\/MODERP Ao consignar 1% do seu IRS (antigos 0,5%) \u00e0 Associa\u00e7\u00e3o Nacional de Aposentados, Pensionistas e Reformados &#8211; MODERP (NIF: 502 856 882) est\u00e1 a ajudar-nos a ajudar as pessoas idosas e reformadas em todo o territ\u00f3rio nacional, sem qualquer custo para si.\u00a0\u00a0Saiba mais sobre o que o fazemos aqui. Todos os contribuintes t\u00eam o direito de escolher uma entidade que desejem apoiar com o seu imposto &#8211; sem sofrer qualquer altera\u00e7\u00e3o no seu reembolso.\u00a0Para isso, siga as instru\u00e7\u00f5es. INSTRU\u00c7\u00d5ES 1 &#8211; Entre no Portal das Finan\u00e7as, e , na sua declara\u00e7\u00e3o de IRS, clique na op\u00e7\u00e3o 11. \u201cComunicar Entidade a Consignar IRS\/IVA\u201d. 2. Posteriormente, selecione a op\u00e7\u00e3o&nbsp;&#8220;1101 Institui\u00e7\u00f5es Particulares de Solidariedade Social (&#8230;)&#8221;.&nbsp; 3. Em baixo, selecione a op\u00e7\u00e3o&nbsp;IRS&nbsp;e&nbsp;Consulte as Entidades Benefici\u00e1rias.&nbsp;Na barra de pesquisas NIF, pesquise pelo contribuinte&nbsp;502 856 882&nbsp;ou pela palavra&nbsp;MODERP. Esta op\u00e7\u00e3o n\u00e3o ir\u00e1 influenciar o seu reembolso, mas far\u00e1 toda a diferen\u00e7a!&nbsp; Precisa de Ajuda a Preencher e Entregar o IRS?\u00a0 A ANAPR\/MODERP disponibiliza este servi\u00e7o de forma gratuita a todos os seus associados. Torne-se Associado!<\/p>\n","protected":false},"author":3,"featured_media":0,"parent":0,"menu_order":0,"comment_status":"closed","ping_status":"closed","template":"elementor_canvas","meta":{"footnotes":""},"class_list":["post-2192","page","type-page","status-publish","hentry"],"yoast_head":"<!-- This site is optimized with the Yoast SEO plugin v24.7 - https:\/\/yoast.com\/wordpress\/plugins\/seo\/ -->\n<title>Consigna\u00e7\u00e3o do IRS - Anapr-Moderp<\/title>\n<meta name=\"robots\" content=\"index, follow, max-snippet:-1, max-image-preview:large, max-video-preview:-1\" \/>\n<link rel=\"canonical\" href=\"https:\/\/anapr-moderp.pt\/home\/consignacao-do-irs\/\" \/>\n<meta property=\"og:locale\" content=\"pt_PT\" \/>\n<meta property=\"og:type\" content=\"article\" \/>\n<meta property=\"og:title\" content=\"Consigna\u00e7\u00e3o do IRS - Anapr-Moderp\" \/>\n<meta property=\"og:description\" content=\"Consigna\u00e7\u00e3o de 1% do IRS a favor da ANAPR\/MODERP Ao consignar 1% do seu IRS (antigos 0,5%) \u00e0 Associa\u00e7\u00e3o Nacional de Aposentados, Pensionistas e Reformados &#8211; MODERP (NIF: 502 856 882) est\u00e1 a ajudar-nos a ajudar as pessoas idosas e reformadas em todo o territ\u00f3rio nacional, sem qualquer custo para si.\u00a0\u00a0Saiba mais sobre o que o fazemos aqui. Todos os contribuintes t\u00eam o direito de escolher uma entidade que desejem apoiar com o seu imposto &#8211; sem sofrer qualquer altera\u00e7\u00e3o no seu reembolso.\u00a0Para isso, siga as instru\u00e7\u00f5es. INSTRU\u00c7\u00d5ES 1 &#8211; Entre no Portal das Finan\u00e7as, e , na sua declara\u00e7\u00e3o de IRS, clique na op\u00e7\u00e3o 11. \u201cComunicar Entidade a Consignar IRS\/IVA\u201d. 2. Posteriormente, selecione a op\u00e7\u00e3o&nbsp;&#8220;1101 Institui\u00e7\u00f5es Particulares de Solidariedade Social (&#8230;)&#8221;.&nbsp; 3. Em baixo, selecione a op\u00e7\u00e3o&nbsp;IRS&nbsp;e&nbsp;Consulte as Entidades Benefici\u00e1rias.&nbsp;Na barra de pesquisas NIF, pesquise pelo contribuinte&nbsp;502 856 882&nbsp;ou pela palavra&nbsp;MODERP. Esta op\u00e7\u00e3o n\u00e3o ir\u00e1 influenciar o seu reembolso, mas far\u00e1 toda a diferen\u00e7a!&nbsp; Precisa de Ajuda a Preencher e Entregar o IRS?\u00a0 A ANAPR\/MODERP disponibiliza este servi\u00e7o de forma gratuita a todos os seus associados. Torne-se Associado!\" \/>\n<meta property=\"og:url\" content=\"https:\/\/anapr-moderp.pt\/home\/consignacao-do-irs\/\" \/>\n<meta property=\"og:site_name\" content=\"Anapr-Moderp\" \/>\n<meta property=\"article:modified_time\" content=\"2024-11-22T18:04:48+00:00\" \/>\n<meta property=\"og:image\" content=\"https:\/\/anapr-moderp.pt\/home\/wp-content\/uploads\/2024\/11\/Consignacao-IRS-ANAPR-MODERP-502-851-882-e1731429169659.png\" \/>\n\t<meta property=\"og:image:width\" content=\"1308\" \/>\n\t<meta property=\"og:image:height\" content=\"674\" \/>\n\t<meta property=\"og:image:type\" content=\"image\/png\" \/>\n<meta name=\"twitter:card\" content=\"summary_large_image\" \/>\n<meta name=\"twitter:label1\" content=\"Tempo estimado de leitura\" \/>\n\t<meta name=\"twitter:data1\" content=\"1 minuto\" \/>\n<script type=\"application\/ld+json\" class=\"yoast-schema-graph\">{\"@context\":\"https:\/\/schema.org\",\"@graph\":[{\"@type\":\"WebPage\",\"@id\":\"https:\/\/anapr-moderp.pt\/home\/consignacao-do-irs\/\",\"url\":\"https:\/\/anapr-moderp.pt\/home\/consignacao-do-irs\/\",\"name\":\"Consigna\u00e7\u00e3o do IRS - Anapr-Moderp\",\"isPartOf\":{\"@id\":\"https:\/\/anapr-moderp.pt\/home\/#website\"},\"primaryImageOfPage\":{\"@id\":\"https:\/\/anapr-moderp.pt\/home\/consignacao-do-irs\/#primaryimage\"},\"image\":{\"@id\":\"https:\/\/anapr-moderp.pt\/home\/consignacao-do-irs\/#primaryimage\"},\"thumbnailUrl\":\"https:\/\/anapr-moderp.pt\/home\/wp-content\/uploads\/2024\/11\/Consignacao-IRS-ANAPR-MODERP-502-851-882-e1731429169659.png\",\"datePublished\":\"2024-10-15T14:42:39+00:00\",\"dateModified\":\"2024-11-22T18:04:48+00:00\",\"breadcrumb\":{\"@id\":\"https:\/\/anapr-moderp.pt\/home\/consignacao-do-irs\/#breadcrumb\"},\"inLanguage\":\"pt-PT\",\"potentialAction\":[{\"@type\":\"ReadAction\",\"target\":[\"https:\/\/anapr-moderp.pt\/home\/consignacao-do-irs\/\"]}]},{\"@type\":\"ImageObject\",\"inLanguage\":\"pt-PT\",\"@id\":\"https:\/\/anapr-moderp.pt\/home\/consignacao-do-irs\/#primaryimage\",\"url\":\"https:\/\/anapr-moderp.pt\/home\/wp-content\/uploads\/2024\/11\/Consignacao-IRS-ANAPR-MODERP-502-851-882-e1731429169659.png\",\"contentUrl\":\"https:\/\/anapr-moderp.pt\/home\/wp-content\/uploads\/2024\/11\/Consignacao-IRS-ANAPR-MODERP-502-851-882-e1731429169659.png\",\"width\":1308,\"height\":674},{\"@type\":\"BreadcrumbList\",\"@id\":\"https:\/\/anapr-moderp.pt\/home\/consignacao-do-irs\/#breadcrumb\",\"itemListElement\":[{\"@type\":\"ListItem\",\"position\":1,\"name\":\"In\u00edcio\",\"item\":\"https:\/\/anapr-moderp.pt\/home\/\"},{\"@type\":\"ListItem\",\"position\":2,\"name\":\"Consigna\u00e7\u00e3o do IRS\"}]},{\"@type\":\"WebSite\",\"@id\":\"https:\/\/anapr-moderp.pt\/home\/#website\",\"url\":\"https:\/\/anapr-moderp.pt\/home\/\",\"name\":\"Anapr-Moderp\",\"description\":\"Associa\u00e7\u00e3o Nacional Aposentados, Pensionistas e Reformados\",\"publisher\":{\"@id\":\"https:\/\/anapr-moderp.pt\/home\/#organization\"},\"potentialAction\":[{\"@type\":\"SearchAction\",\"target\":{\"@type\":\"EntryPoint\",\"urlTemplate\":\"https:\/\/anapr-moderp.pt\/home\/?s={search_term_string}\"},\"query-input\":{\"@type\":\"PropertyValueSpecification\",\"valueRequired\":true,\"valueName\":\"search_term_string\"}}],\"inLanguage\":\"pt-PT\"},{\"@type\":\"Organization\",\"@id\":\"https:\/\/anapr-moderp.pt\/home\/#organization\",\"name\":\"Anapr-Moderp\",\"url\":\"https:\/\/anapr-moderp.pt\/home\/\",\"logo\":{\"@type\":\"ImageObject\",\"inLanguage\":\"pt-PT\",\"@id\":\"https:\/\/anapr-moderp.pt\/home\/#\/schema\/logo\/image\/\",\"url\":\"https:\/\/anapr-moderp.pt\/home\/wp-content\/uploads\/2024\/10\/cropped-LogoANAPRsmall.jpg\",\"contentUrl\":\"https:\/\/anapr-moderp.pt\/home\/wp-content\/uploads\/2024\/10\/cropped-LogoANAPRsmall.jpg\",\"width\":350,\"height\":100,\"caption\":\"Anapr-Moderp\"},\"image\":{\"@id\":\"https:\/\/anapr-moderp.pt\/home\/#\/schema\/logo\/image\/\"}}]}<\/script>\n<!-- \/ Yoast SEO plugin. -->","yoast_head_json":{"title":"Consigna\u00e7\u00e3o do IRS - Anapr-Moderp","robots":{"index":"index","follow":"follow","max-snippet":"max-snippet:-1","max-image-preview":"max-image-preview:large","max-video-preview":"max-video-preview:-1"},"canonical":"https:\/\/anapr-moderp.pt\/home\/consignacao-do-irs\/","og_locale":"pt_PT","og_type":"article","og_title":"Consigna\u00e7\u00e3o do IRS - Anapr-Moderp","og_description":"Consigna\u00e7\u00e3o de 1% do IRS a favor da ANAPR\/MODERP Ao consignar 1% do seu IRS (antigos 0,5%) \u00e0 Associa\u00e7\u00e3o Nacional de Aposentados, Pensionistas e Reformados &#8211; MODERP (NIF: 502 856 882) est\u00e1 a ajudar-nos a ajudar as pessoas idosas e reformadas em todo o territ\u00f3rio nacional, sem qualquer custo para si.\u00a0\u00a0Saiba mais sobre o que o fazemos aqui. Todos os contribuintes t\u00eam o direito de escolher uma entidade que desejem apoiar com o seu imposto &#8211; sem sofrer qualquer altera\u00e7\u00e3o no seu reembolso.\u00a0Para isso, siga as instru\u00e7\u00f5es. INSTRU\u00c7\u00d5ES 1 &#8211; Entre no Portal das Finan\u00e7as, e , na sua declara\u00e7\u00e3o de IRS, clique na op\u00e7\u00e3o 11. \u201cComunicar Entidade a Consignar IRS\/IVA\u201d. 2. Posteriormente, selecione a op\u00e7\u00e3o&nbsp;&#8220;1101 Institui\u00e7\u00f5es Particulares de Solidariedade Social (&#8230;)&#8221;.&nbsp; 3. Em baixo, selecione a op\u00e7\u00e3o&nbsp;IRS&nbsp;e&nbsp;Consulte as Entidades Benefici\u00e1rias.&nbsp;Na barra de pesquisas NIF, pesquise pelo contribuinte&nbsp;502 856 882&nbsp;ou pela palavra&nbsp;MODERP. Esta op\u00e7\u00e3o n\u00e3o ir\u00e1 influenciar o seu reembolso, mas far\u00e1 toda a diferen\u00e7a!&nbsp; Precisa de Ajuda a Preencher e Entregar o IRS?\u00a0 A ANAPR\/MODERP disponibiliza este servi\u00e7o de forma gratuita a todos os seus associados. Torne-se Associado!","og_url":"https:\/\/anapr-moderp.pt\/home\/consignacao-do-irs\/","og_site_name":"Anapr-Moderp","article_modified_time":"2024-11-22T18:04:48+00:00","og_image":[{"width":1308,"height":674,"url":"https:\/\/anapr-moderp.pt\/home\/wp-content\/uploads\/2024\/11\/Consignacao-IRS-ANAPR-MODERP-502-851-882-e1731429169659.png","type":"image\/png"}],"twitter_card":"summary_large_image","twitter_misc":{"Tempo estimado de leitura":"1 minuto"},"schema":{"@context":"https:\/\/schema.org","@graph":[{"@type":"WebPage","@id":"https:\/\/anapr-moderp.pt\/home\/consignacao-do-irs\/","url":"https:\/\/anapr-moderp.pt\/home\/consignacao-do-irs\/","name":"Consigna\u00e7\u00e3o do IRS - Anapr-Moderp","isPartOf":{"@id":"https:\/\/anapr-moderp.pt\/home\/#website"},"primaryImageOfPage":{"@id":"https:\/\/anapr-moderp.pt\/home\/consignacao-do-irs\/#primaryimage"},"image":{"@id":"https:\/\/anapr-moderp.pt\/home\/consignacao-do-irs\/#primaryimage"},"thumbnailUrl":"https:\/\/anapr-moderp.pt\/home\/wp-content\/uploads\/2024\/11\/Consignacao-IRS-ANAPR-MODERP-502-851-882-e1731429169659.png","datePublished":"2024-10-15T14:42:39+00:00","dateModified":"2024-11-22T18:04:48+00:00","breadcrumb":{"@id":"https:\/\/anapr-moderp.pt\/home\/consignacao-do-irs\/#breadcrumb"},"inLanguage":"pt-PT","potentialAction":[{"@type":"ReadAction","target":["https:\/\/anapr-moderp.pt\/home\/consignacao-do-irs\/"]}]},{"@type":"ImageObject","inLanguage":"pt-PT","@id":"https:\/\/anapr-moderp.pt\/home\/consignacao-do-irs\/#primaryimage","url":"https:\/\/anapr-moderp.pt\/home\/wp-content\/uploads\/2024\/11\/Consignacao-IRS-ANAPR-MODERP-502-851-882-e1731429169659.png","contentUrl":"https:\/\/anapr-moderp.pt\/home\/wp-content\/uploads\/2024\/11\/Consignacao-IRS-ANAPR-MODERP-502-851-882-e1731429169659.png","width":1308,"height":674},{"@type":"BreadcrumbList","@id":"https:\/\/anapr-moderp.pt\/home\/consignacao-do-irs\/#breadcrumb","itemListElement":[{"@type":"ListItem","position":1,"name":"In\u00edcio","item":"https:\/\/anapr-moderp.pt\/home\/"},{"@type":"ListItem","position":2,"name":"Consigna\u00e7\u00e3o do IRS"}]},{"@type":"WebSite","@id":"https:\/\/anapr-moderp.pt\/home\/#website","url":"https:\/\/anapr-moderp.pt\/home\/","name":"Anapr-Moderp","description":"Associa\u00e7\u00e3o Nacional Aposentados, Pensionistas e Reformados","publisher":{"@id":"https:\/\/anapr-moderp.pt\/home\/#organization"},"potentialAction":[{"@type":"SearchAction","target":{"@type":"EntryPoint","urlTemplate":"https:\/\/anapr-moderp.pt\/home\/?s={search_term_string}"},"query-input":{"@type":"PropertyValueSpecification","valueRequired":true,"valueName":"search_term_string"}}],"inLanguage":"pt-PT"},{"@type":"Organization","@id":"https:\/\/anapr-moderp.pt\/home\/#organization","name":"Anapr-Moderp","url":"https:\/\/anapr-moderp.pt\/home\/","logo":{"@type":"ImageObject","inLanguage":"pt-PT","@id":"https:\/\/anapr-moderp.pt\/home\/#\/schema\/logo\/image\/","url":"https:\/\/anapr-moderp.pt\/home\/wp-content\/uploads\/2024\/10\/cropped-LogoANAPRsmall.jpg","contentUrl":"https:\/\/anapr-moderp.pt\/home\/wp-content\/uploads\/2024\/10\/cropped-LogoANAPRsmall.jpg","width":350,"height":100,"caption":"Anapr-Moderp"},"image":{"@id":"https:\/\/anapr-moderp.pt\/home\/#\/schema\/logo\/image\/"}}]}},"_links":{"self":[{"href":"https:\/\/anapr-moderp.pt\/home\/wp-json\/wp\/v2\/pages\/2192","targetHints":{"allow":["GET"]}}],"collection":[{"href":"https:\/\/anapr-moderp.pt\/home\/wp-json\/wp\/v2\/pages"}],"about":[{"href":"https:\/\/anapr-moderp.pt\/home\/wp-json\/wp\/v2\/types\/page"}],"author":[{"embeddable":true,"href":"https:\/\/anapr-moderp.pt\/home\/wp-json\/wp\/v2\/users\/3"}],"replies":[{"embeddable":true,"href":"https:\/\/anapr-moderp.pt\/home\/wp-json\/wp\/v2\/comments?post=2192"}],"version-history":[{"count":112,"href":"https:\/\/anapr-moderp.pt\/home\/wp-json\/wp\/v2\/pages\/2192\/revisions"}],"predecessor-version":[{"id":3569,"href":"https:\/\/anapr-moderp.pt\/home\/wp-json\/wp\/v2\/pages\/2192\/revisions\/3569"}],"wp:attachment":[{"href":"https:\/\/anapr-moderp.pt\/home\/wp-json\/wp\/v2\/media?parent=2192"}],"curies":[{"name":"wp","href":"https:\/\/api.w.org\/{rel}","templated":true}]}}