{"id":2186,"date":"2024-10-15T15:41:03","date_gmt":"2024-10-15T14:41:03","guid":{"rendered":"https:\/\/anapr-moderp.pt\/home\/?page_id=2186"},"modified":"2024-11-22T18:06:53","modified_gmt":"2024-11-22T18:06:53","slug":"donativos","status":"publish","type":"page","link":"https:\/\/anapr-moderp.pt\/home\/donativos\/","title":{"rendered":"Donativos"},"content":{"rendered":"\t\t<div data-elementor-type=\"wp-page\" data-elementor-id=\"2186\" class=\"elementor elementor-2186\" data-elementor-post-type=\"page\">\n\t\t\t\t\t\t<section class=\"elementor-section elementor-top-section elementor-element elementor-element-7b60fb44 elementor-section-boxed elementor-section-height-default elementor-section-height-default\" data-id=\"7b60fb44\" data-element_type=\"section\">\n\t\t\t\t\t\t<div class=\"elementor-container elementor-column-gap-wide\">\n\t\t\t\t\t<div class=\"elementor-column elementor-col-50 elementor-top-column elementor-element elementor-element-3b48efcf\" data-id=\"3b48efcf\" data-element_type=\"column\">\n\t\t\t<div class=\"elementor-widget-wrap elementor-element-populated\">\n\t\t\t\t\t\t<div class=\"elementor-element elementor-element-19049154 elementor-widget elementor-widget-heading\" data-id=\"19049154\" data-element_type=\"widget\" data-widget_type=\"heading.default\">\n\t\t\t\t<div class=\"elementor-widget-container\">\n\t\t\t\t\t<h2 class=\"elementor-heading-title elementor-size-default\">Donativos<\/h2>\t\t\t\t<\/div>\n\t\t\t\t<\/div>\n\t\t\t\t<div class=\"elementor-element elementor-element-97dea82 elementor-widget elementor-widget-text-editor\" data-id=\"97dea82\" data-element_type=\"widget\" data-widget_type=\"text-editor.default\">\n\t\t\t\t<div class=\"elementor-widget-container\">\n\t\t\t\t\t\t\t\t\t<p><span style=\"font-size: 19.2px;\">A <strong>ANAPR\/MODERP<\/strong>, enquanto <strong>IPSS<\/strong>, dedica-se a <strong>melhorar a qualidade de vida<\/strong> das pessoas idosas e reformadas, promovendo a<strong> inclus\u00e3o social<\/strong>, o <strong>bem-estar<\/strong> e a <strong>dignidade<\/strong>. <\/span><\/p><p><span style=\"color: #339966;\">Para continuarmos a prestar este apoio essencial \u00e0 comunidade,<strong> dependemos da solidariedade de quem acredita no nosso trabalho.<\/strong><\/span><\/p>\t\t\t\t\t\t\t\t<\/div>\n\t\t\t\t<\/div>\n\t\t\t\t\t<\/div>\n\t\t<\/div>\n\t\t\t\t<div class=\"elementor-column elementor-col-50 elementor-top-column elementor-element elementor-element-5d3dbf1d\" data-id=\"5d3dbf1d\" data-element_type=\"column\">\n\t\t\t<div class=\"elementor-widget-wrap elementor-element-populated\">\n\t\t\t\t\t\t<div class=\"elementor-element elementor-element-5021a120 elementor-widget-laptop__width-initial elementor-widget elementor-widget-image\" data-id=\"5021a120\" data-element_type=\"widget\" data-widget_type=\"image.default\">\n\t\t\t\t<div class=\"elementor-widget-container\">\n\t\t\t\t\t\t\t\t\t\t\t\t\t\t\t<img fetchpriority=\"high\" decoding=\"async\" width=\"2560\" height=\"1707\" src=\"https:\/\/anapr-moderp.pt\/home\/wp-content\/uploads\/2024\/11\/Junte-se-a-nos-maos-unidas-ANAPR_MODERP-1-2-scaled.jpg\" class=\"attachment-full size-full wp-image-2970\" alt=\"\" srcset=\"https:\/\/anapr-moderp.pt\/home\/wp-content\/uploads\/2024\/11\/Junte-se-a-nos-maos-unidas-ANAPR_MODERP-1-2-scaled.jpg 2560w, https:\/\/anapr-moderp.pt\/home\/wp-content\/uploads\/2024\/11\/Junte-se-a-nos-maos-unidas-ANAPR_MODERP-1-2-300x200.jpg 300w, https:\/\/anapr-moderp.pt\/home\/wp-content\/uploads\/2024\/11\/Junte-se-a-nos-maos-unidas-ANAPR_MODERP-1-2-1024x683.jpg 1024w, https:\/\/anapr-moderp.pt\/home\/wp-content\/uploads\/2024\/11\/Junte-se-a-nos-maos-unidas-ANAPR_MODERP-1-2-768x512.jpg 768w, https:\/\/anapr-moderp.pt\/home\/wp-content\/uploads\/2024\/11\/Junte-se-a-nos-maos-unidas-ANAPR_MODERP-1-2-1536x1024.jpg 1536w, https:\/\/anapr-moderp.pt\/home\/wp-content\/uploads\/2024\/11\/Junte-se-a-nos-maos-unidas-ANAPR_MODERP-1-2-2048x1365.jpg 2048w\" sizes=\"(max-width: 2560px) 100vw, 2560px\" \/>\t\t\t\t\t\t\t\t\t\t\t\t\t\t\t<\/div>\n\t\t\t\t<\/div>\n\t\t\t\t\t<\/div>\n\t\t<\/div>\n\t\t\t\t\t<\/div>\n\t\t<\/section>\n\t\t<div class=\"elementor-element elementor-element-2bd4e8c e-flex e-con-boxed e-con e-parent\" data-id=\"2bd4e8c\" data-element_type=\"container\">\n\t\t\t\t\t<div class=\"e-con-inner\">\n\t\t\t\t<div class=\"elementor-element elementor-element-db63380 elementor-widget elementor-widget-heading\" data-id=\"db63380\" data-element_type=\"widget\" data-widget_type=\"heading.default\">\n\t\t\t\t<div class=\"elementor-widget-container\">\n\t\t\t\t\t<h1 class=\"elementor-heading-title elementor-size-default\">Como fazer um donativo?<\/h1>\t\t\t\t<\/div>\n\t\t\t\t<\/div>\n\t\t\t\t<div class=\"elementor-element elementor-element-f8e0cf4 elementor-widget elementor-widget-text-editor\" data-id=\"f8e0cf4\" data-element_type=\"widget\" data-widget_type=\"text-editor.default\">\n\t\t\t\t<div class=\"elementor-widget-container\">\n\t\t\t\t\t\t\t\t\t<h6 style=\"text-align: center;\"><span style=\"color: #000000;\"><span style=\"font-size: 19.2px;\">Contribua hoje e fa\u00e7a a diferen\u00e7a!<\/span>\u00a0<\/span><br \/>O seu donativo pode ser feito <span style=\"color: #008000;\">atrav\u00e9s<\/span> de uma das seguintes formas:<\/h6><p style=\"text-align: center;\"><strong><span style=\"color: #339966;\">MBWAY:<\/span>\u00a0 (<\/strong>+351) 966 315 690<\/p><p style=\"text-align: center;\"><span style=\"color: #339966;\"><strong>Transfer\u00eancia banc\u00e1ria\u00a0 <\/strong><\/span><strong>NIB:<\/strong> 0035 0698 0002 0617 2300 7 |\u00a0<strong>IBAN:<\/strong> PT50 0035 0698 0002 0617 2300 7 |\u00a0 <strong>SWIFT\/BIC:<\/strong> CGDIPTPL<\/p><p style=\"text-align: center;\"><span style=\"color: #339966;\"><strong>Numer\u00e1rio:\u00a0<\/strong><\/span>Agende um atendimento com recurso aos nossos <a href=\"https:\/\/anapr-moderp.pt\/home\/contatos\/\"><span style=\"text-decoration: underline;\">contactos.<\/span><\/a><\/p>\t\t\t\t\t\t\t\t<\/div>\n\t\t\t\t<\/div>\n\t\t\t\t<div class=\"elementor-element elementor-element-ebf4e1e wpr-button-icon-style-inline wpr-button-icon-position-right elementor-widget elementor-widget-wpr-button\" data-id=\"ebf4e1e\" data-element_type=\"widget\" data-widget_type=\"wpr-button.default\">\n\t\t\t\t<div class=\"elementor-widget-container\">\n\t\t\t\t\t\t\n\t\t\t\n\t\t\n\t\t<div class=\"wpr-button-wrap elementor-clearfix\">\n\t\t<a class=\"wpr-button wpr-button-effect wpr-button-none\" data-text=\"Go\" href=\"https:\/\/anapr-moderp.pt\/home\/junte-se-a-nos\/\" target=\"_blank\">\n\t\t\t\n\t\t\t<span class=\"wpr-button-content\">\n\t\t\t\t\t\t\t\t\t<span class=\"wpr-button-text\">Torne-se Associado!<\/span>\n\t\t\t\t\t\t\t\t\n\t\t\t\t\t\t\t\t\t<span class=\"wpr-button-icon\"><svg class=\"e-font-icon-svg e-fas-angle-right\" viewBox=\"0 0 256 512\" xmlns=\"http:\/\/www.w3.org\/2000\/svg\"><path d=\"M224.3 273l-136 136c-9.4 9.4-24.6 9.4-33.9 0l-22.6-22.6c-9.4-9.4-9.4-24.6 0-33.9l96.4-96.4-96.4-96.4c-9.4-9.4-9.4-24.6 0-33.9L54.3 103c9.4-9.4 24.6-9.4 33.9 0l136 136c9.5 9.4 9.5 24.6.1 34z\"><\/path><\/svg><\/span>\n\t\t\t\t\t\t\t<\/span>\n\t\t<\/a>\n\n\t\t\t\t<\/div>\n\t\n\t\n\t\t\t\t\t<\/div>\n\t\t\t\t<\/div>\n\t\t\t\t<div class=\"elementor-element elementor-element-e4aaa2f elementor-widget elementor-widget-heading\" data-id=\"e4aaa2f\" data-element_type=\"widget\" data-widget_type=\"heading.default\">\n\t\t\t\t<div class=\"elementor-widget-container\">\n\t\t\t\t\t<h3 class=\"elementor-heading-title elementor-size-default\">Dedu\u00e7\u00e3o nos Impostos e Recibos <\/h3>\t\t\t\t<\/div>\n\t\t\t\t<\/div>\n\t\t\t\t<div class=\"elementor-element elementor-element-42fef21 elementor-widget elementor-widget-text-editor\" data-id=\"42fef21\" data-element_type=\"widget\" data-widget_type=\"text-editor.default\">\n\t\t\t\t<div class=\"elementor-widget-container\">\n\t\t\t\t\t\t\t\t\t<p style=\"text-align: left;\"><span style=\"font-size: 1em;\">Ao fazer um <strong>donativo<\/strong>, para al\u00e9m de nos ajudar a <strong>construir um futuro mais justo e solid\u00e1rio<\/strong>,<\/span><span style=\"font-size: 1em;\">\u00a0poder\u00e1 beneficiar de uma<strong> dedu\u00e7\u00e3o nos <\/strong><\/span><strong><span style=\"font-size: 1em;\">impostos<\/span><\/strong><span style=\"font-size: 1em;\">.<\/span><\/p><p style=\"text-align: left;\">De modo a obter um recibo para usufruir deste benef\u00edcio, envie-nos os seguintes dados para o e-mail geral@anapr-moderp.pt :<\/p><p style=\"text-align: center;\">\u2013 Nome completo;<br \/>\u2013 N\u00famero de Identifica\u00e7\u00e3o Fiscal;<br \/>\u2013 Morada completa;<br \/>\u2013 E-mail e Contacto telef\u00f3nico;<br \/>\u2013 Comprovativo de donativo.<\/p><p style=\"text-align: center;\">Necessita de ajuda? Estamos aqui para o apoiar!<br \/><a href=\"https:\/\/anapr-moderp.pt\/home\/contatos\/\"><span style=\"text-decoration: underline;\">Contacte-nos!<\/span><\/a><\/p>\t\t\t\t\t\t\t\t<\/div>\n\t\t\t\t<\/div>\n\t\t\t\t\t<\/div>\n\t\t\t\t<\/div>\n\t\t\t\t<\/div>\n\t\t","protected":false},"excerpt":{"rendered":"<p>Donativos A ANAPR\/MODERP, enquanto IPSS, dedica-se a melhorar a qualidade de vida das pessoas idosas e reformadas, promovendo a inclus\u00e3o social, o bem-estar e a dignidade. Para continuarmos a prestar este apoio essencial \u00e0 comunidade, dependemos da solidariedade de quem acredita no nosso trabalho. Como fazer um donativo? Contribua hoje e fa\u00e7a a diferen\u00e7a!\u00a0O seu donativo pode ser feito atrav\u00e9s de uma das seguintes formas: MBWAY:\u00a0 (+351) 966 315 690 Transfer\u00eancia banc\u00e1ria\u00a0 NIB: 0035 0698 0002 0617 2300 7 |\u00a0IBAN: PT50 0035 0698 0002 0617 2300 7 |\u00a0 SWIFT\/BIC: CGDIPTPL Numer\u00e1rio:\u00a0Agende um atendimento com recurso aos nossos contactos. Torne-se Associado! Dedu\u00e7\u00e3o nos Impostos e Recibos Ao fazer um donativo, para al\u00e9m de nos ajudar a construir um futuro mais justo e solid\u00e1rio,\u00a0poder\u00e1 beneficiar de uma dedu\u00e7\u00e3o nos impostos. De modo a obter um recibo para usufruir deste benef\u00edcio, envie-nos os seguintes dados para o e-mail geral@anapr-moderp.pt : \u2013 Nome completo;\u2013 N\u00famero de Identifica\u00e7\u00e3o Fiscal;\u2013 Morada completa;\u2013 E-mail e Contacto telef\u00f3nico;\u2013 Comprovativo de donativo. Necessita de ajuda? Estamos aqui para o apoiar!Contacte-nos!<\/p>\n","protected":false},"author":3,"featured_media":0,"parent":0,"menu_order":0,"comment_status":"closed","ping_status":"closed","template":"elementor_canvas","meta":{"footnotes":""},"class_list":["post-2186","page","type-page","status-publish","hentry"],"yoast_head":"<!-- This site is optimized with the Yoast SEO plugin v24.7 - https:\/\/yoast.com\/wordpress\/plugins\/seo\/ -->\n<title>Donativos - Anapr-Moderp<\/title>\n<meta name=\"robots\" content=\"index, follow, max-snippet:-1, max-image-preview:large, max-video-preview:-1\" \/>\n<link rel=\"canonical\" href=\"https:\/\/anapr-moderp.pt\/home\/donativos\/\" \/>\n<meta property=\"og:locale\" content=\"pt_PT\" \/>\n<meta property=\"og:type\" content=\"article\" \/>\n<meta property=\"og:title\" content=\"Donativos - Anapr-Moderp\" \/>\n<meta property=\"og:description\" content=\"Donativos A ANAPR\/MODERP, enquanto IPSS, dedica-se a melhorar a qualidade de vida das pessoas idosas e reformadas, promovendo a inclus\u00e3o social, o bem-estar e a dignidade. Para continuarmos a prestar este apoio essencial \u00e0 comunidade, dependemos da solidariedade de quem acredita no nosso trabalho. Como fazer um donativo? Contribua hoje e fa\u00e7a a diferen\u00e7a!\u00a0O seu donativo pode ser feito atrav\u00e9s de uma das seguintes formas: MBWAY:\u00a0 (+351) 966 315 690 Transfer\u00eancia banc\u00e1ria\u00a0 NIB: 0035 0698 0002 0617 2300 7 |\u00a0IBAN: PT50 0035 0698 0002 0617 2300 7 |\u00a0 SWIFT\/BIC: CGDIPTPL Numer\u00e1rio:\u00a0Agende um atendimento com recurso aos nossos contactos. Torne-se Associado! Dedu\u00e7\u00e3o nos Impostos e Recibos Ao fazer um donativo, para al\u00e9m de nos ajudar a construir um futuro mais justo e solid\u00e1rio,\u00a0poder\u00e1 beneficiar de uma dedu\u00e7\u00e3o nos impostos. De modo a obter um recibo para usufruir deste benef\u00edcio, envie-nos os seguintes dados para o e-mail geral@anapr-moderp.pt : \u2013 Nome completo;\u2013 N\u00famero de Identifica\u00e7\u00e3o Fiscal;\u2013 Morada completa;\u2013 E-mail e Contacto telef\u00f3nico;\u2013 Comprovativo de donativo. Necessita de ajuda? Estamos aqui para o apoiar!Contacte-nos!\" \/>\n<meta property=\"og:url\" content=\"https:\/\/anapr-moderp.pt\/home\/donativos\/\" \/>\n<meta property=\"og:site_name\" content=\"Anapr-Moderp\" \/>\n<meta property=\"article:modified_time\" content=\"2024-11-22T18:06:53+00:00\" \/>\n<meta property=\"og:image\" content=\"https:\/\/anapr-moderp.pt\/home\/wp-content\/uploads\/2024\/11\/Junte-se-a-nos-maos-unidas-ANAPR_MODERP-1-2-scaled.jpg\" \/>\n\t<meta property=\"og:image:width\" content=\"2560\" \/>\n\t<meta property=\"og:image:height\" content=\"1707\" \/>\n\t<meta property=\"og:image:type\" content=\"image\/jpeg\" \/>\n<meta name=\"twitter:card\" content=\"summary_large_image\" \/>\n<meta name=\"twitter:label1\" content=\"Tempo estimado de leitura\" \/>\n\t<meta name=\"twitter:data1\" content=\"1 minuto\" \/>\n<script type=\"application\/ld+json\" class=\"yoast-schema-graph\">{\"@context\":\"https:\/\/schema.org\",\"@graph\":[{\"@type\":\"WebPage\",\"@id\":\"https:\/\/anapr-moderp.pt\/home\/donativos\/\",\"url\":\"https:\/\/anapr-moderp.pt\/home\/donativos\/\",\"name\":\"Donativos - Anapr-Moderp\",\"isPartOf\":{\"@id\":\"https:\/\/anapr-moderp.pt\/home\/#website\"},\"primaryImageOfPage\":{\"@id\":\"https:\/\/anapr-moderp.pt\/home\/donativos\/#primaryimage\"},\"image\":{\"@id\":\"https:\/\/anapr-moderp.pt\/home\/donativos\/#primaryimage\"},\"thumbnailUrl\":\"https:\/\/anapr-moderp.pt\/home\/wp-content\/uploads\/2024\/11\/Junte-se-a-nos-maos-unidas-ANAPR_MODERP-1-2-scaled.jpg\",\"datePublished\":\"2024-10-15T14:41:03+00:00\",\"dateModified\":\"2024-11-22T18:06:53+00:00\",\"breadcrumb\":{\"@id\":\"https:\/\/anapr-moderp.pt\/home\/donativos\/#breadcrumb\"},\"inLanguage\":\"pt-PT\",\"potentialAction\":[{\"@type\":\"ReadAction\",\"target\":[\"https:\/\/anapr-moderp.pt\/home\/donativos\/\"]}]},{\"@type\":\"ImageObject\",\"inLanguage\":\"pt-PT\",\"@id\":\"https:\/\/anapr-moderp.pt\/home\/donativos\/#primaryimage\",\"url\":\"https:\/\/anapr-moderp.pt\/home\/wp-content\/uploads\/2024\/11\/Junte-se-a-nos-maos-unidas-ANAPR_MODERP-1-2-scaled.jpg\",\"contentUrl\":\"https:\/\/anapr-moderp.pt\/home\/wp-content\/uploads\/2024\/11\/Junte-se-a-nos-maos-unidas-ANAPR_MODERP-1-2-scaled.jpg\",\"width\":2560,\"height\":1707,\"caption\":\"Close up view of Seniors people holding hands together express care and psychological support, empathy, hope, concept of old people health care, group therapy\"},{\"@type\":\"BreadcrumbList\",\"@id\":\"https:\/\/anapr-moderp.pt\/home\/donativos\/#breadcrumb\",\"itemListElement\":[{\"@type\":\"ListItem\",\"position\":1,\"name\":\"In\u00edcio\",\"item\":\"https:\/\/anapr-moderp.pt\/home\/\"},{\"@type\":\"ListItem\",\"position\":2,\"name\":\"Donativos\"}]},{\"@type\":\"WebSite\",\"@id\":\"https:\/\/anapr-moderp.pt\/home\/#website\",\"url\":\"https:\/\/anapr-moderp.pt\/home\/\",\"name\":\"Anapr-Moderp\",\"description\":\"Associa\u00e7\u00e3o Nacional Aposentados, Pensionistas e Reformados\",\"publisher\":{\"@id\":\"https:\/\/anapr-moderp.pt\/home\/#organization\"},\"potentialAction\":[{\"@type\":\"SearchAction\",\"target\":{\"@type\":\"EntryPoint\",\"urlTemplate\":\"https:\/\/anapr-moderp.pt\/home\/?s={search_term_string}\"},\"query-input\":{\"@type\":\"PropertyValueSpecification\",\"valueRequired\":true,\"valueName\":\"search_term_string\"}}],\"inLanguage\":\"pt-PT\"},{\"@type\":\"Organization\",\"@id\":\"https:\/\/anapr-moderp.pt\/home\/#organization\",\"name\":\"Anapr-Moderp\",\"url\":\"https:\/\/anapr-moderp.pt\/home\/\",\"logo\":{\"@type\":\"ImageObject\",\"inLanguage\":\"pt-PT\",\"@id\":\"https:\/\/anapr-moderp.pt\/home\/#\/schema\/logo\/image\/\",\"url\":\"https:\/\/anapr-moderp.pt\/home\/wp-content\/uploads\/2024\/10\/cropped-LogoANAPRsmall.jpg\",\"contentUrl\":\"https:\/\/anapr-moderp.pt\/home\/wp-content\/uploads\/2024\/10\/cropped-LogoANAPRsmall.jpg\",\"width\":350,\"height\":100,\"caption\":\"Anapr-Moderp\"},\"image\":{\"@id\":\"https:\/\/anapr-moderp.pt\/home\/#\/schema\/logo\/image\/\"}}]}<\/script>\n<!-- \/ Yoast SEO plugin. -->","yoast_head_json":{"title":"Donativos - Anapr-Moderp","robots":{"index":"index","follow":"follow","max-snippet":"max-snippet:-1","max-image-preview":"max-image-preview:large","max-video-preview":"max-video-preview:-1"},"canonical":"https:\/\/anapr-moderp.pt\/home\/donativos\/","og_locale":"pt_PT","og_type":"article","og_title":"Donativos - Anapr-Moderp","og_description":"Donativos A ANAPR\/MODERP, enquanto IPSS, dedica-se a melhorar a qualidade de vida das pessoas idosas e reformadas, promovendo a inclus\u00e3o social, o bem-estar e a dignidade. Para continuarmos a prestar este apoio essencial \u00e0 comunidade, dependemos da solidariedade de quem acredita no nosso trabalho. Como fazer um donativo? Contribua hoje e fa\u00e7a a diferen\u00e7a!\u00a0O seu donativo pode ser feito atrav\u00e9s de uma das seguintes formas: MBWAY:\u00a0 (+351) 966 315 690 Transfer\u00eancia banc\u00e1ria\u00a0 NIB: 0035 0698 0002 0617 2300 7 |\u00a0IBAN: PT50 0035 0698 0002 0617 2300 7 |\u00a0 SWIFT\/BIC: CGDIPTPL Numer\u00e1rio:\u00a0Agende um atendimento com recurso aos nossos contactos. Torne-se Associado! Dedu\u00e7\u00e3o nos Impostos e Recibos Ao fazer um donativo, para al\u00e9m de nos ajudar a construir um futuro mais justo e solid\u00e1rio,\u00a0poder\u00e1 beneficiar de uma dedu\u00e7\u00e3o nos impostos. De modo a obter um recibo para usufruir deste benef\u00edcio, envie-nos os seguintes dados para o e-mail geral@anapr-moderp.pt : \u2013 Nome completo;\u2013 N\u00famero de Identifica\u00e7\u00e3o Fiscal;\u2013 Morada completa;\u2013 E-mail e Contacto telef\u00f3nico;\u2013 Comprovativo de donativo. Necessita de ajuda? Estamos aqui para o apoiar!Contacte-nos!","og_url":"https:\/\/anapr-moderp.pt\/home\/donativos\/","og_site_name":"Anapr-Moderp","article_modified_time":"2024-11-22T18:06:53+00:00","og_image":[{"width":2560,"height":1707,"url":"https:\/\/anapr-moderp.pt\/home\/wp-content\/uploads\/2024\/11\/Junte-se-a-nos-maos-unidas-ANAPR_MODERP-1-2-scaled.jpg","type":"image\/jpeg"}],"twitter_card":"summary_large_image","twitter_misc":{"Tempo estimado de leitura":"1 minuto"},"schema":{"@context":"https:\/\/schema.org","@graph":[{"@type":"WebPage","@id":"https:\/\/anapr-moderp.pt\/home\/donativos\/","url":"https:\/\/anapr-moderp.pt\/home\/donativos\/","name":"Donativos - Anapr-Moderp","isPartOf":{"@id":"https:\/\/anapr-moderp.pt\/home\/#website"},"primaryImageOfPage":{"@id":"https:\/\/anapr-moderp.pt\/home\/donativos\/#primaryimage"},"image":{"@id":"https:\/\/anapr-moderp.pt\/home\/donativos\/#primaryimage"},"thumbnailUrl":"https:\/\/anapr-moderp.pt\/home\/wp-content\/uploads\/2024\/11\/Junte-se-a-nos-maos-unidas-ANAPR_MODERP-1-2-scaled.jpg","datePublished":"2024-10-15T14:41:03+00:00","dateModified":"2024-11-22T18:06:53+00:00","breadcrumb":{"@id":"https:\/\/anapr-moderp.pt\/home\/donativos\/#breadcrumb"},"inLanguage":"pt-PT","potentialAction":[{"@type":"ReadAction","target":["https:\/\/anapr-moderp.pt\/home\/donativos\/"]}]},{"@type":"ImageObject","inLanguage":"pt-PT","@id":"https:\/\/anapr-moderp.pt\/home\/donativos\/#primaryimage","url":"https:\/\/anapr-moderp.pt\/home\/wp-content\/uploads\/2024\/11\/Junte-se-a-nos-maos-unidas-ANAPR_MODERP-1-2-scaled.jpg","contentUrl":"https:\/\/anapr-moderp.pt\/home\/wp-content\/uploads\/2024\/11\/Junte-se-a-nos-maos-unidas-ANAPR_MODERP-1-2-scaled.jpg","width":2560,"height":1707,"caption":"Close up view of Seniors people holding hands together express care and psychological support, empathy, hope, concept of old people health care, group therapy"},{"@type":"BreadcrumbList","@id":"https:\/\/anapr-moderp.pt\/home\/donativos\/#breadcrumb","itemListElement":[{"@type":"ListItem","position":1,"name":"In\u00edcio","item":"https:\/\/anapr-moderp.pt\/home\/"},{"@type":"ListItem","position":2,"name":"Donativos"}]},{"@type":"WebSite","@id":"https:\/\/anapr-moderp.pt\/home\/#website","url":"https:\/\/anapr-moderp.pt\/home\/","name":"Anapr-Moderp","description":"Associa\u00e7\u00e3o Nacional Aposentados, Pensionistas e Reformados","publisher":{"@id":"https:\/\/anapr-moderp.pt\/home\/#organization"},"potentialAction":[{"@type":"SearchAction","target":{"@type":"EntryPoint","urlTemplate":"https:\/\/anapr-moderp.pt\/home\/?s={search_term_string}"},"query-input":{"@type":"PropertyValueSpecification","valueRequired":true,"valueName":"search_term_string"}}],"inLanguage":"pt-PT"},{"@type":"Organization","@id":"https:\/\/anapr-moderp.pt\/home\/#organization","name":"Anapr-Moderp","url":"https:\/\/anapr-moderp.pt\/home\/","logo":{"@type":"ImageObject","inLanguage":"pt-PT","@id":"https:\/\/anapr-moderp.pt\/home\/#\/schema\/logo\/image\/","url":"https:\/\/anapr-moderp.pt\/home\/wp-content\/uploads\/2024\/10\/cropped-LogoANAPRsmall.jpg","contentUrl":"https:\/\/anapr-moderp.pt\/home\/wp-content\/uploads\/2024\/10\/cropped-LogoANAPRsmall.jpg","width":350,"height":100,"caption":"Anapr-Moderp"},"image":{"@id":"https:\/\/anapr-moderp.pt\/home\/#\/schema\/logo\/image\/"}}]}},"_links":{"self":[{"href":"https:\/\/anapr-moderp.pt\/home\/wp-json\/wp\/v2\/pages\/2186","targetHints":{"allow":["GET"]}}],"collection":[{"href":"https:\/\/anapr-moderp.pt\/home\/wp-json\/wp\/v2\/pages"}],"about":[{"href":"https:\/\/anapr-moderp.pt\/home\/wp-json\/wp\/v2\/types\/page"}],"author":[{"embeddable":true,"href":"https:\/\/anapr-moderp.pt\/home\/wp-json\/wp\/v2\/users\/3"}],"replies":[{"embeddable":true,"href":"https:\/\/anapr-moderp.pt\/home\/wp-json\/wp\/v2\/comments?post=2186"}],"version-history":[{"count":67,"href":"https:\/\/anapr-moderp.pt\/home\/wp-json\/wp\/v2\/pages\/2186\/revisions"}],"predecessor-version":[{"id":3575,"href":"https:\/\/anapr-moderp.pt\/home\/wp-json\/wp\/v2\/pages\/2186\/revisions\/3575"}],"wp:attachment":[{"href":"https:\/\/anapr-moderp.pt\/home\/wp-json\/wp\/v2\/media?parent=2186"}],"curies":[{"name":"wp","href":"https:\/\/api.w.org\/{rel}","templated":true}]}}