{"id":2048,"date":"2024-10-12T08:42:17","date_gmt":"2024-10-12T07:42:17","guid":{"rendered":"https:\/\/anapr-moderp.pt\/home\/?page_id=2048"},"modified":"2024-11-22T17:46:40","modified_gmt":"2024-11-22T17:46:40","slug":"apoio-a-reforma-apoio-psicossocial","status":"publish","type":"page","link":"https:\/\/anapr-moderp.pt\/home\/apoio-a-reforma-apoio-psicossocial\/","title":{"rendered":"Apoio \u00e0 Reforma &#038; Apoio Psicossocial"},"content":{"rendered":"\t\t<div data-elementor-type=\"wp-page\" data-elementor-id=\"2048\" class=\"elementor elementor-2048\" data-elementor-post-type=\"page\">\n\t\t\t\t\t\t<section class=\"elementor-section elementor-top-section elementor-element elementor-element-4fa26764 elementor-section-boxed elementor-section-height-default elementor-section-height-default\" data-id=\"4fa26764\" data-element_type=\"section\">\n\t\t\t\t\t\t<div class=\"elementor-container elementor-column-gap-wide\">\n\t\t\t\t\t<div class=\"elementor-column elementor-col-50 elementor-top-column elementor-element elementor-element-17b989a1\" data-id=\"17b989a1\" data-element_type=\"column\">\n\t\t\t<div class=\"elementor-widget-wrap elementor-element-populated\">\n\t\t\t\t\t\t<div class=\"elementor-element elementor-element-300c72e4 elementor-widget elementor-widget-image\" data-id=\"300c72e4\" data-element_type=\"widget\" data-widget_type=\"image.default\">\n\t\t\t\t<div class=\"elementor-widget-container\">\n\t\t\t\t\t\t\t\t\t\t\t\t\t\t\t<img fetchpriority=\"high\" decoding=\"async\" width=\"1174\" height=\"1706\" src=\"https:\/\/anapr-moderp.pt\/home\/wp-content\/uploads\/2024\/11\/Apoio-Psicossocial-ANAPR_MODERP-1-scaled-e1731675861680.jpg\" class=\"attachment-full size-full wp-image-3074\" alt=\"\" srcset=\"https:\/\/anapr-moderp.pt\/home\/wp-content\/uploads\/2024\/11\/Apoio-Psicossocial-ANAPR_MODERP-1-scaled-e1731675861680.jpg 1174w, https:\/\/anapr-moderp.pt\/home\/wp-content\/uploads\/2024\/11\/Apoio-Psicossocial-ANAPR_MODERP-1-scaled-e1731675861680-206x300.jpg 206w, https:\/\/anapr-moderp.pt\/home\/wp-content\/uploads\/2024\/11\/Apoio-Psicossocial-ANAPR_MODERP-1-scaled-e1731675861680-705x1024.jpg 705w, https:\/\/anapr-moderp.pt\/home\/wp-content\/uploads\/2024\/11\/Apoio-Psicossocial-ANAPR_MODERP-1-scaled-e1731675861680-768x1116.jpg 768w, https:\/\/anapr-moderp.pt\/home\/wp-content\/uploads\/2024\/11\/Apoio-Psicossocial-ANAPR_MODERP-1-scaled-e1731675861680-1057x1536.jpg 1057w\" sizes=\"(max-width: 1174px) 100vw, 1174px\" \/>\t\t\t\t\t\t\t\t\t\t\t\t\t\t\t<\/div>\n\t\t\t\t<\/div>\n\t\t\t\t\t<\/div>\n\t\t<\/div>\n\t\t\t\t<div class=\"elementor-column elementor-col-50 elementor-top-column elementor-element elementor-element-4bbb59a2\" data-id=\"4bbb59a2\" data-element_type=\"column\">\n\t\t\t<div class=\"elementor-widget-wrap elementor-element-populated\">\n\t\t\t\t\t\t<div class=\"elementor-element elementor-element-47a6e630 elementor-widget elementor-widget-heading\" data-id=\"47a6e630\" data-element_type=\"widget\" data-widget_type=\"heading.default\">\n\t\t\t\t<div class=\"elementor-widget-container\">\n\t\t\t\t\t<h2 class=\"elementor-heading-title elementor-size-default\">Gabinete de Apoio \u00e0 Reforma &amp; Apoio Psicossocial<\/h2>\t\t\t\t<\/div>\n\t\t\t\t<\/div>\n\t\t\t\t<div class=\"elementor-element elementor-element-7abb9dad elementor-widget elementor-widget-text-editor\" data-id=\"7abb9dad\" data-element_type=\"widget\" data-widget_type=\"text-editor.default\">\n\t\t\t\t<div class=\"elementor-widget-container\">\n\t\t\t\t\t\t\t\t\t<p class=\"cvGsUA direction-ltr align-justify para-style-body\"><strong>&#8211; Apoio \u00e0 Reforma<\/strong><br \/>A transi\u00e7\u00e3o para a reforma pode ser complexa e desafiadora. <br \/>Numa 1\u00aa etapa, a ANAPR\/MODERP oferece apoio na <strong>gest\u00e3o desta transi\u00e7\u00e3o<\/strong>, ajudando os seus associados na prepara\u00e7\u00e3o para a 2\u00aa etapa: a vida na reforma.<br \/>Nesta 2\u00aa fase, a ANAPR presta apoio no ajuste da sua nova rotina di\u00e1ria, a encontrar novos pap\u00e9is sociais e novas formas de integra\u00e7\u00e3o na comunidade, entre outros.<\/p>\n<p><strong>\u2013 Apoio Psicossocial e Comunit\u00e1rio<\/strong><br \/>Para al\u00e9m de apoiar os associados a aceder aos diferentes <strong>apoios e respostas sociais<\/strong>\u00a0existentes, tais como o Complemento Solid\u00e1rio para Idosos e os Benef\u00edcios Adicionais de Sa\u00fade, a ANAPR trabalha para criar uma\u00a0<strong>rede de suporte social<\/strong>, ao conectar os associados a grupos de apoio e comunidades de interesse \u2013 algo crucial no combate \u00e0 solid\u00e3o e promo\u00e7\u00e3o do sentimento de perten\u00e7a e de comunidade.\u00a0<\/p>\t\t\t\t\t\t\t\t<\/div>\n\t\t\t\t<\/div>\n\t\t\t\t<div class=\"elementor-element elementor-element-34da19c3 wpr-button-icon-style-inline wpr-button-icon-position-right elementor-widget elementor-widget-wpr-button\" data-id=\"34da19c3\" data-element_type=\"widget\" data-widget_type=\"wpr-button.default\">\n\t\t\t\t<div class=\"elementor-widget-container\">\n\t\t\t\t\t\t\n\t\t\t\n\t\t\n\t\t<div class=\"wpr-button-wrap elementor-clearfix\">\n\t\t<a class=\"wpr-button wpr-button-effect wpr-button-none\" data-text=\"Go\" href=\"https:\/\/anapr-moderp.pt\/home\/junte-se-a-nos\/\" target=\"_blank\">\n\t\t\t\n\t\t\t<span class=\"wpr-button-content\">\n\t\t\t\t\t\t\t\t\t<span class=\"wpr-button-text\">Torne-se Associado!<\/span>\n\t\t\t\t\t\t\t\t\n\t\t\t\t\t\t\t\t\t<span class=\"wpr-button-icon\"><svg class=\"e-font-icon-svg e-fas-angle-right\" viewBox=\"0 0 256 512\" xmlns=\"http:\/\/www.w3.org\/2000\/svg\"><path d=\"M224.3 273l-136 136c-9.4 9.4-24.6 9.4-33.9 0l-22.6-22.6c-9.4-9.4-9.4-24.6 0-33.9l96.4-96.4-96.4-96.4c-9.4-9.4-9.4-24.6 0-33.9L54.3 103c9.4-9.4 24.6-9.4 33.9 0l136 136c9.5 9.4 9.5 24.6.1 34z\"><\/path><\/svg><\/span>\n\t\t\t\t\t\t\t<\/span>\n\t\t<\/a>\n\n\t\t\t\t<\/div>\n\t\n\t\n\t\t\t\t\t<\/div>\n\t\t\t\t<\/div>\n\t\t\t\t\t<\/div>\n\t\t<\/div>\n\t\t\t\t\t<\/div>\n\t\t<\/section>\n\t\t\t\t<\/div>\n\t\t","protected":false},"excerpt":{"rendered":"<p>Gabinete de Apoio \u00e0 Reforma &amp; Apoio Psicossocial &#8211; Apoio \u00e0 ReformaA transi\u00e7\u00e3o para a reforma pode ser complexa e desafiadora. Numa 1\u00aa etapa, a ANAPR\/MODERP oferece apoio na gest\u00e3o desta transi\u00e7\u00e3o, ajudando os seus associados na prepara\u00e7\u00e3o para a 2\u00aa etapa: a vida na reforma.Nesta 2\u00aa fase, a ANAPR presta apoio no ajuste da sua nova rotina di\u00e1ria, a encontrar novos pap\u00e9is sociais e novas formas de integra\u00e7\u00e3o na comunidade, entre outros. \u2013 Apoio Psicossocial e Comunit\u00e1rioPara al\u00e9m de apoiar os associados a aceder aos diferentes apoios e respostas sociais\u00a0existentes, tais como o Complemento Solid\u00e1rio para Idosos e os Benef\u00edcios Adicionais de Sa\u00fade, a ANAPR trabalha para criar uma\u00a0rede de suporte social, ao conectar os associados a grupos de apoio e comunidades de interesse \u2013 algo crucial no combate \u00e0 solid\u00e3o e promo\u00e7\u00e3o do sentimento de perten\u00e7a e de comunidade.\u00a0 Torne-se Associado!<\/p>\n","protected":false},"author":3,"featured_media":0,"parent":0,"menu_order":0,"comment_status":"closed","ping_status":"closed","template":"elementor_canvas","meta":{"footnotes":""},"class_list":["post-2048","page","type-page","status-publish","hentry"],"yoast_head":"<!-- This site is optimized with the Yoast SEO plugin v24.7 - https:\/\/yoast.com\/wordpress\/plugins\/seo\/ -->\n<title>Apoio \u00e0 Reforma &amp; Apoio Psicossocial - Anapr-Moderp<\/title>\n<meta name=\"robots\" content=\"index, follow, max-snippet:-1, max-image-preview:large, max-video-preview:-1\" \/>\n<link rel=\"canonical\" href=\"https:\/\/anapr-moderp.pt\/home\/apoio-a-reforma-apoio-psicossocial\/\" \/>\n<meta property=\"og:locale\" content=\"pt_PT\" \/>\n<meta property=\"og:type\" content=\"article\" \/>\n<meta property=\"og:title\" content=\"Apoio \u00e0 Reforma &amp; Apoio Psicossocial - Anapr-Moderp\" \/>\n<meta property=\"og:description\" content=\"Gabinete de Apoio \u00e0 Reforma &amp; Apoio Psicossocial &#8211; Apoio \u00e0 ReformaA transi\u00e7\u00e3o para a reforma pode ser complexa e desafiadora. Numa 1\u00aa etapa, a ANAPR\/MODERP oferece apoio na gest\u00e3o desta transi\u00e7\u00e3o, ajudando os seus associados na prepara\u00e7\u00e3o para a 2\u00aa etapa: a vida na reforma.Nesta 2\u00aa fase, a ANAPR presta apoio no ajuste da sua nova rotina di\u00e1ria, a encontrar novos pap\u00e9is sociais e novas formas de integra\u00e7\u00e3o na comunidade, entre outros. \u2013 Apoio Psicossocial e Comunit\u00e1rioPara al\u00e9m de apoiar os associados a aceder aos diferentes apoios e respostas sociais\u00a0existentes, tais como o Complemento Solid\u00e1rio para Idosos e os Benef\u00edcios Adicionais de Sa\u00fade, a ANAPR trabalha para criar uma\u00a0rede de suporte social, ao conectar os associados a grupos de apoio e comunidades de interesse \u2013 algo crucial no combate \u00e0 solid\u00e3o e promo\u00e7\u00e3o do sentimento de perten\u00e7a e de comunidade.\u00a0 Torne-se Associado!\" \/>\n<meta property=\"og:url\" content=\"https:\/\/anapr-moderp.pt\/home\/apoio-a-reforma-apoio-psicossocial\/\" \/>\n<meta property=\"og:site_name\" content=\"Anapr-Moderp\" \/>\n<meta property=\"article:modified_time\" content=\"2024-11-22T17:46:40+00:00\" \/>\n<meta property=\"og:image\" content=\"https:\/\/anapr-moderp.pt\/home\/wp-content\/uploads\/2024\/11\/Apoio-Psicossocial-ANAPR_MODERP-1-scaled-e1731675861680.jpg\" \/>\n\t<meta property=\"og:image:width\" content=\"1174\" \/>\n\t<meta property=\"og:image:height\" content=\"1706\" \/>\n\t<meta property=\"og:image:type\" content=\"image\/jpeg\" \/>\n<meta name=\"twitter:card\" content=\"summary_large_image\" \/>\n<meta name=\"twitter:label1\" content=\"Tempo estimado de leitura\" \/>\n\t<meta name=\"twitter:data1\" content=\"1 minuto\" \/>\n<script type=\"application\/ld+json\" class=\"yoast-schema-graph\">{\"@context\":\"https:\/\/schema.org\",\"@graph\":[{\"@type\":\"WebPage\",\"@id\":\"https:\/\/anapr-moderp.pt\/home\/apoio-a-reforma-apoio-psicossocial\/\",\"url\":\"https:\/\/anapr-moderp.pt\/home\/apoio-a-reforma-apoio-psicossocial\/\",\"name\":\"Apoio \u00e0 Reforma & Apoio Psicossocial - Anapr-Moderp\",\"isPartOf\":{\"@id\":\"https:\/\/anapr-moderp.pt\/home\/#website\"},\"primaryImageOfPage\":{\"@id\":\"https:\/\/anapr-moderp.pt\/home\/apoio-a-reforma-apoio-psicossocial\/#primaryimage\"},\"image\":{\"@id\":\"https:\/\/anapr-moderp.pt\/home\/apoio-a-reforma-apoio-psicossocial\/#primaryimage\"},\"thumbnailUrl\":\"https:\/\/anapr-moderp.pt\/home\/wp-content\/uploads\/2024\/11\/Apoio-Psicossocial-ANAPR_MODERP-1-scaled-e1731675861680.jpg\",\"datePublished\":\"2024-10-12T07:42:17+00:00\",\"dateModified\":\"2024-11-22T17:46:40+00:00\",\"breadcrumb\":{\"@id\":\"https:\/\/anapr-moderp.pt\/home\/apoio-a-reforma-apoio-psicossocial\/#breadcrumb\"},\"inLanguage\":\"pt-PT\",\"potentialAction\":[{\"@type\":\"ReadAction\",\"target\":[\"https:\/\/anapr-moderp.pt\/home\/apoio-a-reforma-apoio-psicossocial\/\"]}]},{\"@type\":\"ImageObject\",\"inLanguage\":\"pt-PT\",\"@id\":\"https:\/\/anapr-moderp.pt\/home\/apoio-a-reforma-apoio-psicossocial\/#primaryimage\",\"url\":\"https:\/\/anapr-moderp.pt\/home\/wp-content\/uploads\/2024\/11\/Apoio-Psicossocial-ANAPR_MODERP-1-scaled-e1731675861680.jpg\",\"contentUrl\":\"https:\/\/anapr-moderp.pt\/home\/wp-content\/uploads\/2024\/11\/Apoio-Psicossocial-ANAPR_MODERP-1-scaled-e1731675861680.jpg\",\"width\":1174,\"height\":1706,\"caption\":\"Senior female client with white hair looking at insurance form and listening to young agent explaining her how to fill it in\"},{\"@type\":\"BreadcrumbList\",\"@id\":\"https:\/\/anapr-moderp.pt\/home\/apoio-a-reforma-apoio-psicossocial\/#breadcrumb\",\"itemListElement\":[{\"@type\":\"ListItem\",\"position\":1,\"name\":\"In\u00edcio\",\"item\":\"https:\/\/anapr-moderp.pt\/home\/\"},{\"@type\":\"ListItem\",\"position\":2,\"name\":\"Apoio \u00e0 Reforma &#038; Apoio Psicossocial\"}]},{\"@type\":\"WebSite\",\"@id\":\"https:\/\/anapr-moderp.pt\/home\/#website\",\"url\":\"https:\/\/anapr-moderp.pt\/home\/\",\"name\":\"Anapr-Moderp\",\"description\":\"Associa\u00e7\u00e3o Nacional Aposentados, Pensionistas e Reformados\",\"publisher\":{\"@id\":\"https:\/\/anapr-moderp.pt\/home\/#organization\"},\"potentialAction\":[{\"@type\":\"SearchAction\",\"target\":{\"@type\":\"EntryPoint\",\"urlTemplate\":\"https:\/\/anapr-moderp.pt\/home\/?s={search_term_string}\"},\"query-input\":{\"@type\":\"PropertyValueSpecification\",\"valueRequired\":true,\"valueName\":\"search_term_string\"}}],\"inLanguage\":\"pt-PT\"},{\"@type\":\"Organization\",\"@id\":\"https:\/\/anapr-moderp.pt\/home\/#organization\",\"name\":\"Anapr-Moderp\",\"url\":\"https:\/\/anapr-moderp.pt\/home\/\",\"logo\":{\"@type\":\"ImageObject\",\"inLanguage\":\"pt-PT\",\"@id\":\"https:\/\/anapr-moderp.pt\/home\/#\/schema\/logo\/image\/\",\"url\":\"https:\/\/anapr-moderp.pt\/home\/wp-content\/uploads\/2024\/10\/cropped-LogoANAPRsmall.jpg\",\"contentUrl\":\"https:\/\/anapr-moderp.pt\/home\/wp-content\/uploads\/2024\/10\/cropped-LogoANAPRsmall.jpg\",\"width\":350,\"height\":100,\"caption\":\"Anapr-Moderp\"},\"image\":{\"@id\":\"https:\/\/anapr-moderp.pt\/home\/#\/schema\/logo\/image\/\"}}]}<\/script>\n<!-- \/ Yoast SEO plugin. -->","yoast_head_json":{"title":"Apoio \u00e0 Reforma & Apoio Psicossocial - Anapr-Moderp","robots":{"index":"index","follow":"follow","max-snippet":"max-snippet:-1","max-image-preview":"max-image-preview:large","max-video-preview":"max-video-preview:-1"},"canonical":"https:\/\/anapr-moderp.pt\/home\/apoio-a-reforma-apoio-psicossocial\/","og_locale":"pt_PT","og_type":"article","og_title":"Apoio \u00e0 Reforma & Apoio Psicossocial - Anapr-Moderp","og_description":"Gabinete de Apoio \u00e0 Reforma &amp; Apoio Psicossocial &#8211; Apoio \u00e0 ReformaA transi\u00e7\u00e3o para a reforma pode ser complexa e desafiadora. Numa 1\u00aa etapa, a ANAPR\/MODERP oferece apoio na gest\u00e3o desta transi\u00e7\u00e3o, ajudando os seus associados na prepara\u00e7\u00e3o para a 2\u00aa etapa: a vida na reforma.Nesta 2\u00aa fase, a ANAPR presta apoio no ajuste da sua nova rotina di\u00e1ria, a encontrar novos pap\u00e9is sociais e novas formas de integra\u00e7\u00e3o na comunidade, entre outros. \u2013 Apoio Psicossocial e Comunit\u00e1rioPara al\u00e9m de apoiar os associados a aceder aos diferentes apoios e respostas sociais\u00a0existentes, tais como o Complemento Solid\u00e1rio para Idosos e os Benef\u00edcios Adicionais de Sa\u00fade, a ANAPR trabalha para criar uma\u00a0rede de suporte social, ao conectar os associados a grupos de apoio e comunidades de interesse \u2013 algo crucial no combate \u00e0 solid\u00e3o e promo\u00e7\u00e3o do sentimento de perten\u00e7a e de comunidade.\u00a0 Torne-se Associado!","og_url":"https:\/\/anapr-moderp.pt\/home\/apoio-a-reforma-apoio-psicossocial\/","og_site_name":"Anapr-Moderp","article_modified_time":"2024-11-22T17:46:40+00:00","og_image":[{"width":1174,"height":1706,"url":"https:\/\/anapr-moderp.pt\/home\/wp-content\/uploads\/2024\/11\/Apoio-Psicossocial-ANAPR_MODERP-1-scaled-e1731675861680.jpg","type":"image\/jpeg"}],"twitter_card":"summary_large_image","twitter_misc":{"Tempo estimado de leitura":"1 minuto"},"schema":{"@context":"https:\/\/schema.org","@graph":[{"@type":"WebPage","@id":"https:\/\/anapr-moderp.pt\/home\/apoio-a-reforma-apoio-psicossocial\/","url":"https:\/\/anapr-moderp.pt\/home\/apoio-a-reforma-apoio-psicossocial\/","name":"Apoio \u00e0 Reforma & Apoio Psicossocial - Anapr-Moderp","isPartOf":{"@id":"https:\/\/anapr-moderp.pt\/home\/#website"},"primaryImageOfPage":{"@id":"https:\/\/anapr-moderp.pt\/home\/apoio-a-reforma-apoio-psicossocial\/#primaryimage"},"image":{"@id":"https:\/\/anapr-moderp.pt\/home\/apoio-a-reforma-apoio-psicossocial\/#primaryimage"},"thumbnailUrl":"https:\/\/anapr-moderp.pt\/home\/wp-content\/uploads\/2024\/11\/Apoio-Psicossocial-ANAPR_MODERP-1-scaled-e1731675861680.jpg","datePublished":"2024-10-12T07:42:17+00:00","dateModified":"2024-11-22T17:46:40+00:00","breadcrumb":{"@id":"https:\/\/anapr-moderp.pt\/home\/apoio-a-reforma-apoio-psicossocial\/#breadcrumb"},"inLanguage":"pt-PT","potentialAction":[{"@type":"ReadAction","target":["https:\/\/anapr-moderp.pt\/home\/apoio-a-reforma-apoio-psicossocial\/"]}]},{"@type":"ImageObject","inLanguage":"pt-PT","@id":"https:\/\/anapr-moderp.pt\/home\/apoio-a-reforma-apoio-psicossocial\/#primaryimage","url":"https:\/\/anapr-moderp.pt\/home\/wp-content\/uploads\/2024\/11\/Apoio-Psicossocial-ANAPR_MODERP-1-scaled-e1731675861680.jpg","contentUrl":"https:\/\/anapr-moderp.pt\/home\/wp-content\/uploads\/2024\/11\/Apoio-Psicossocial-ANAPR_MODERP-1-scaled-e1731675861680.jpg","width":1174,"height":1706,"caption":"Senior female client with white hair looking at insurance form and listening to young agent explaining her how to fill it in"},{"@type":"BreadcrumbList","@id":"https:\/\/anapr-moderp.pt\/home\/apoio-a-reforma-apoio-psicossocial\/#breadcrumb","itemListElement":[{"@type":"ListItem","position":1,"name":"In\u00edcio","item":"https:\/\/anapr-moderp.pt\/home\/"},{"@type":"ListItem","position":2,"name":"Apoio \u00e0 Reforma &#038; Apoio Psicossocial"}]},{"@type":"WebSite","@id":"https:\/\/anapr-moderp.pt\/home\/#website","url":"https:\/\/anapr-moderp.pt\/home\/","name":"Anapr-Moderp","description":"Associa\u00e7\u00e3o Nacional Aposentados, Pensionistas e Reformados","publisher":{"@id":"https:\/\/anapr-moderp.pt\/home\/#organization"},"potentialAction":[{"@type":"SearchAction","target":{"@type":"EntryPoint","urlTemplate":"https:\/\/anapr-moderp.pt\/home\/?s={search_term_string}"},"query-input":{"@type":"PropertyValueSpecification","valueRequired":true,"valueName":"search_term_string"}}],"inLanguage":"pt-PT"},{"@type":"Organization","@id":"https:\/\/anapr-moderp.pt\/home\/#organization","name":"Anapr-Moderp","url":"https:\/\/anapr-moderp.pt\/home\/","logo":{"@type":"ImageObject","inLanguage":"pt-PT","@id":"https:\/\/anapr-moderp.pt\/home\/#\/schema\/logo\/image\/","url":"https:\/\/anapr-moderp.pt\/home\/wp-content\/uploads\/2024\/10\/cropped-LogoANAPRsmall.jpg","contentUrl":"https:\/\/anapr-moderp.pt\/home\/wp-content\/uploads\/2024\/10\/cropped-LogoANAPRsmall.jpg","width":350,"height":100,"caption":"Anapr-Moderp"},"image":{"@id":"https:\/\/anapr-moderp.pt\/home\/#\/schema\/logo\/image\/"}}]}},"_links":{"self":[{"href":"https:\/\/anapr-moderp.pt\/home\/wp-json\/wp\/v2\/pages\/2048","targetHints":{"allow":["GET"]}}],"collection":[{"href":"https:\/\/anapr-moderp.pt\/home\/wp-json\/wp\/v2\/pages"}],"about":[{"href":"https:\/\/anapr-moderp.pt\/home\/wp-json\/wp\/v2\/types\/page"}],"author":[{"embeddable":true,"href":"https:\/\/anapr-moderp.pt\/home\/wp-json\/wp\/v2\/users\/3"}],"replies":[{"embeddable":true,"href":"https:\/\/anapr-moderp.pt\/home\/wp-json\/wp\/v2\/comments?post=2048"}],"version-history":[{"count":55,"href":"https:\/\/anapr-moderp.pt\/home\/wp-json\/wp\/v2\/pages\/2048\/revisions"}],"predecessor-version":[{"id":3548,"href":"https:\/\/anapr-moderp.pt\/home\/wp-json\/wp\/v2\/pages\/2048\/revisions\/3548"}],"wp:attachment":[{"href":"https:\/\/anapr-moderp.pt\/home\/wp-json\/wp\/v2\/media?parent=2048"}],"curies":[{"name":"wp","href":"https:\/\/api.w.org\/{rel}","templated":true}]}}