{"id":2038,"date":"2024-10-12T08:38:46","date_gmt":"2024-10-12T07:38:46","guid":{"rendered":"https:\/\/anapr-moderp.pt\/home\/?page_id=2038"},"modified":"2024-11-07T18:33:01","modified_gmt":"2024-11-07T18:33:01","slug":"conselho-consultivo","status":"publish","type":"page","link":"https:\/\/anapr-moderp.pt\/home\/conselho-consultivo\/","title":{"rendered":"Conselho Consultivo"},"content":{"rendered":"\t\t<div data-elementor-type=\"wp-page\" data-elementor-id=\"2038\" class=\"elementor elementor-2038\" data-elementor-post-type=\"page\">\n\t\t\t\t<div class=\"elementor-element elementor-element-045bb20 e-flex e-con-boxed e-con e-parent\" data-id=\"045bb20\" data-element_type=\"container\">\n\t\t\t\t\t<div class=\"e-con-inner\">\n\t\t\t\t<div class=\"elementor-element elementor-element-ec53bf5 elementor-widget elementor-widget-heading\" data-id=\"ec53bf5\" data-element_type=\"widget\" data-widget_type=\"heading.default\">\n\t\t\t\t<div class=\"elementor-widget-container\">\n\t\t\t\t\t<h2 class=\"elementor-heading-title elementor-size-default\">Conselho Consultivo<\/h2>\t\t\t\t<\/div>\n\t\t\t\t<\/div>\n\t\t\t\t<div class=\"elementor-element elementor-element-3f27a5e elementor-widget elementor-widget-text-editor\" data-id=\"3f27a5e\" data-element_type=\"widget\" data-widget_type=\"text-editor.default\">\n\t\t\t\t<div class=\"elementor-widget-container\">\n\t\t\t\t\t\t\t\t\t<p>(em constru\u00e7\u00e3o)<\/p>\t\t\t\t\t\t\t\t<\/div>\n\t\t\t\t<\/div>\n\t\t\t\t<div class=\"elementor-element elementor-element-3d2e2cb elementor-align-center elementor-widget elementor-widget-lottie\" data-id=\"3d2e2cb\" data-element_type=\"widget\" data-settings=\"{&quot;source_json&quot;:{&quot;url&quot;:&quot;https:\\\/\\\/anapr-moderp.pt\\\/home\\\/wp-content\\\/uploads\\\/2024\\\/11\\\/Animation-1731000265973.json&quot;,&quot;id&quot;:2675,&quot;size&quot;:&quot;&quot;,&quot;alt&quot;:&quot;&quot;,&quot;source&quot;:&quot;library&quot;},&quot;loop&quot;:&quot;yes&quot;,&quot;source&quot;:&quot;media_file&quot;,&quot;caption_source&quot;:&quot;none&quot;,&quot;link_to&quot;:&quot;none&quot;,&quot;trigger&quot;:&quot;arriving_to_viewport&quot;,&quot;viewport&quot;:{&quot;unit&quot;:&quot;%&quot;,&quot;size&quot;:&quot;&quot;,&quot;sizes&quot;:{&quot;start&quot;:0,&quot;end&quot;:100}},&quot;play_speed&quot;:{&quot;unit&quot;:&quot;px&quot;,&quot;size&quot;:1,&quot;sizes&quot;:[]},&quot;start_point&quot;:{&quot;unit&quot;:&quot;%&quot;,&quot;size&quot;:0,&quot;sizes&quot;:[]},&quot;end_point&quot;:{&quot;unit&quot;:&quot;%&quot;,&quot;size&quot;:100,&quot;sizes&quot;:[]},&quot;renderer&quot;:&quot;svg&quot;}\" data-widget_type=\"lottie.default\">\n\t\t\t\t<div class=\"elementor-widget-container\">\n\t\t\t\t\t<div class=\"e-lottie__container\"><div class=\"e-lottie__animation\"><\/div><\/div>\t\t\t\t<\/div>\n\t\t\t\t<\/div>\n\t\t\t\t<div class=\"elementor-element elementor-element-7e9bf60 elementor-widget elementor-widget-text-editor\" data-id=\"7e9bf60\" data-element_type=\"widget\" data-widget_type=\"text-editor.default\">\n\t\t\t\t<div class=\"elementor-widget-container\">\n\t\t\t\t\t\t\t\t\t<p><span class=\"TextRun SCXW198266913 BCX0\" lang=\"PT-PT\" xml:lang=\"PT-PT\" data-contrast=\"auto\"><span class=\"NormalTextRun SCXW198266913 BCX0\">Convidamo-lo a consultar outras informa\u00e7\u00f5es sobre a ANAPR\/MODERP <strong><a href=\"https:\/\/anapr-moderp.pt\/home\/noticias\/\"><span style=\"text-decoration: underline;\">AQUI<\/span><\/a><\/strong><\/span><\/span><\/p>\t\t\t\t\t\t\t\t<\/div>\n\t\t\t\t<\/div>\n\t\t\t\t\t<\/div>\n\t\t\t\t<\/div>\n\t\t\t\t<\/div>\n\t\t","protected":false},"excerpt":{"rendered":"<p>Conselho Consultivo (em constru\u00e7\u00e3o) Convidamo-lo a consultar outras informa\u00e7\u00f5es sobre a ANAPR\/MODERP AQUI<\/p>\n","protected":false},"author":3,"featured_media":0,"parent":0,"menu_order":0,"comment_status":"closed","ping_status":"closed","template":"elementor_canvas","meta":{"footnotes":""},"class_list":["post-2038","page","type-page","status-publish","hentry"],"yoast_head":"<!-- This site is optimized with the Yoast SEO plugin v24.7 - https:\/\/yoast.com\/wordpress\/plugins\/seo\/ -->\n<title>Conselho Consultivo - Anapr-Moderp<\/title>\n<meta name=\"robots\" content=\"index, follow, max-snippet:-1, max-image-preview:large, max-video-preview:-1\" \/>\n<link rel=\"canonical\" href=\"https:\/\/anapr-moderp.pt\/home\/conselho-consultivo\/\" \/>\n<meta property=\"og:locale\" content=\"pt_PT\" \/>\n<meta property=\"og:type\" content=\"article\" \/>\n<meta property=\"og:title\" content=\"Conselho Consultivo - Anapr-Moderp\" \/>\n<meta property=\"og:description\" content=\"Conselho Consultivo (em constru\u00e7\u00e3o) Convidamo-lo a consultar outras informa\u00e7\u00f5es sobre a ANAPR\/MODERP AQUI\" \/>\n<meta property=\"og:url\" content=\"https:\/\/anapr-moderp.pt\/home\/conselho-consultivo\/\" \/>\n<meta property=\"og:site_name\" content=\"Anapr-Moderp\" \/>\n<meta property=\"article:modified_time\" content=\"2024-11-07T18:33:01+00:00\" \/>\n<meta name=\"twitter:card\" content=\"summary_large_image\" \/>\n<script type=\"application\/ld+json\" class=\"yoast-schema-graph\">{\"@context\":\"https:\/\/schema.org\",\"@graph\":[{\"@type\":\"WebPage\",\"@id\":\"https:\/\/anapr-moderp.pt\/home\/conselho-consultivo\/\",\"url\":\"https:\/\/anapr-moderp.pt\/home\/conselho-consultivo\/\",\"name\":\"Conselho Consultivo - Anapr-Moderp\",\"isPartOf\":{\"@id\":\"https:\/\/anapr-moderp.pt\/home\/#website\"},\"datePublished\":\"2024-10-12T07:38:46+00:00\",\"dateModified\":\"2024-11-07T18:33:01+00:00\",\"breadcrumb\":{\"@id\":\"https:\/\/anapr-moderp.pt\/home\/conselho-consultivo\/#breadcrumb\"},\"inLanguage\":\"pt-PT\",\"potentialAction\":[{\"@type\":\"ReadAction\",\"target\":[\"https:\/\/anapr-moderp.pt\/home\/conselho-consultivo\/\"]}]},{\"@type\":\"BreadcrumbList\",\"@id\":\"https:\/\/anapr-moderp.pt\/home\/conselho-consultivo\/#breadcrumb\",\"itemListElement\":[{\"@type\":\"ListItem\",\"position\":1,\"name\":\"In\u00edcio\",\"item\":\"https:\/\/anapr-moderp.pt\/home\/\"},{\"@type\":\"ListItem\",\"position\":2,\"name\":\"Conselho Consultivo\"}]},{\"@type\":\"WebSite\",\"@id\":\"https:\/\/anapr-moderp.pt\/home\/#website\",\"url\":\"https:\/\/anapr-moderp.pt\/home\/\",\"name\":\"Anapr-Moderp\",\"description\":\"Associa\u00e7\u00e3o Nacional Aposentados, Pensionistas e Reformados\",\"publisher\":{\"@id\":\"https:\/\/anapr-moderp.pt\/home\/#organization\"},\"potentialAction\":[{\"@type\":\"SearchAction\",\"target\":{\"@type\":\"EntryPoint\",\"urlTemplate\":\"https:\/\/anapr-moderp.pt\/home\/?s={search_term_string}\"},\"query-input\":{\"@type\":\"PropertyValueSpecification\",\"valueRequired\":true,\"valueName\":\"search_term_string\"}}],\"inLanguage\":\"pt-PT\"},{\"@type\":\"Organization\",\"@id\":\"https:\/\/anapr-moderp.pt\/home\/#organization\",\"name\":\"Anapr-Moderp\",\"url\":\"https:\/\/anapr-moderp.pt\/home\/\",\"logo\":{\"@type\":\"ImageObject\",\"inLanguage\":\"pt-PT\",\"@id\":\"https:\/\/anapr-moderp.pt\/home\/#\/schema\/logo\/image\/\",\"url\":\"https:\/\/anapr-moderp.pt\/home\/wp-content\/uploads\/2024\/10\/cropped-LogoANAPRsmall.jpg\",\"contentUrl\":\"https:\/\/anapr-moderp.pt\/home\/wp-content\/uploads\/2024\/10\/cropped-LogoANAPRsmall.jpg\",\"width\":350,\"height\":100,\"caption\":\"Anapr-Moderp\"},\"image\":{\"@id\":\"https:\/\/anapr-moderp.pt\/home\/#\/schema\/logo\/image\/\"}}]}<\/script>\n<!-- \/ Yoast SEO plugin. -->","yoast_head_json":{"title":"Conselho Consultivo - Anapr-Moderp","robots":{"index":"index","follow":"follow","max-snippet":"max-snippet:-1","max-image-preview":"max-image-preview:large","max-video-preview":"max-video-preview:-1"},"canonical":"https:\/\/anapr-moderp.pt\/home\/conselho-consultivo\/","og_locale":"pt_PT","og_type":"article","og_title":"Conselho Consultivo - Anapr-Moderp","og_description":"Conselho Consultivo (em constru\u00e7\u00e3o) Convidamo-lo a consultar outras informa\u00e7\u00f5es sobre a ANAPR\/MODERP AQUI","og_url":"https:\/\/anapr-moderp.pt\/home\/conselho-consultivo\/","og_site_name":"Anapr-Moderp","article_modified_time":"2024-11-07T18:33:01+00:00","twitter_card":"summary_large_image","schema":{"@context":"https:\/\/schema.org","@graph":[{"@type":"WebPage","@id":"https:\/\/anapr-moderp.pt\/home\/conselho-consultivo\/","url":"https:\/\/anapr-moderp.pt\/home\/conselho-consultivo\/","name":"Conselho Consultivo - Anapr-Moderp","isPartOf":{"@id":"https:\/\/anapr-moderp.pt\/home\/#website"},"datePublished":"2024-10-12T07:38:46+00:00","dateModified":"2024-11-07T18:33:01+00:00","breadcrumb":{"@id":"https:\/\/anapr-moderp.pt\/home\/conselho-consultivo\/#breadcrumb"},"inLanguage":"pt-PT","potentialAction":[{"@type":"ReadAction","target":["https:\/\/anapr-moderp.pt\/home\/conselho-consultivo\/"]}]},{"@type":"BreadcrumbList","@id":"https:\/\/anapr-moderp.pt\/home\/conselho-consultivo\/#breadcrumb","itemListElement":[{"@type":"ListItem","position":1,"name":"In\u00edcio","item":"https:\/\/anapr-moderp.pt\/home\/"},{"@type":"ListItem","position":2,"name":"Conselho Consultivo"}]},{"@type":"WebSite","@id":"https:\/\/anapr-moderp.pt\/home\/#website","url":"https:\/\/anapr-moderp.pt\/home\/","name":"Anapr-Moderp","description":"Associa\u00e7\u00e3o Nacional Aposentados, Pensionistas e Reformados","publisher":{"@id":"https:\/\/anapr-moderp.pt\/home\/#organization"},"potentialAction":[{"@type":"SearchAction","target":{"@type":"EntryPoint","urlTemplate":"https:\/\/anapr-moderp.pt\/home\/?s={search_term_string}"},"query-input":{"@type":"PropertyValueSpecification","valueRequired":true,"valueName":"search_term_string"}}],"inLanguage":"pt-PT"},{"@type":"Organization","@id":"https:\/\/anapr-moderp.pt\/home\/#organization","name":"Anapr-Moderp","url":"https:\/\/anapr-moderp.pt\/home\/","logo":{"@type":"ImageObject","inLanguage":"pt-PT","@id":"https:\/\/anapr-moderp.pt\/home\/#\/schema\/logo\/image\/","url":"https:\/\/anapr-moderp.pt\/home\/wp-content\/uploads\/2024\/10\/cropped-LogoANAPRsmall.jpg","contentUrl":"https:\/\/anapr-moderp.pt\/home\/wp-content\/uploads\/2024\/10\/cropped-LogoANAPRsmall.jpg","width":350,"height":100,"caption":"Anapr-Moderp"},"image":{"@id":"https:\/\/anapr-moderp.pt\/home\/#\/schema\/logo\/image\/"}}]}},"_links":{"self":[{"href":"https:\/\/anapr-moderp.pt\/home\/wp-json\/wp\/v2\/pages\/2038","targetHints":{"allow":["GET"]}}],"collection":[{"href":"https:\/\/anapr-moderp.pt\/home\/wp-json\/wp\/v2\/pages"}],"about":[{"href":"https:\/\/anapr-moderp.pt\/home\/wp-json\/wp\/v2\/types\/page"}],"author":[{"embeddable":true,"href":"https:\/\/anapr-moderp.pt\/home\/wp-json\/wp\/v2\/users\/3"}],"replies":[{"embeddable":true,"href":"https:\/\/anapr-moderp.pt\/home\/wp-json\/wp\/v2\/comments?post=2038"}],"version-history":[{"count":34,"href":"https:\/\/anapr-moderp.pt\/home\/wp-json\/wp\/v2\/pages\/2038\/revisions"}],"predecessor-version":[{"id":2696,"href":"https:\/\/anapr-moderp.pt\/home\/wp-json\/wp\/v2\/pages\/2038\/revisions\/2696"}],"wp:attachment":[{"href":"https:\/\/anapr-moderp.pt\/home\/wp-json\/wp\/v2\/media?parent=2038"}],"curies":[{"name":"wp","href":"https:\/\/api.w.org\/{rel}","templated":true}]}}