{"id":1752,"date":"2024-10-03T08:17:56","date_gmt":"2024-10-03T08:17:56","guid":{"rendered":"https:\/\/anapr-moderp.pt\/home\/?page_id=1752"},"modified":"2024-11-22T17:57:24","modified_gmt":"2024-11-22T17:57:24","slug":"apoio-domiciliario","status":"publish","type":"page","link":"https:\/\/anapr-moderp.pt\/home\/apoio-domiciliario\/","title":{"rendered":"Apoio Domicili\u00e1rio"},"content":{"rendered":"\t\t<div data-elementor-type=\"wp-page\" data-elementor-id=\"1752\" class=\"elementor elementor-1752\" data-elementor-post-type=\"page\">\n\t\t\t\t\t\t<section class=\"elementor-section elementor-top-section elementor-element elementor-element-4cfe3b60 elementor-section-boxed elementor-section-height-default elementor-section-height-default\" data-id=\"4cfe3b60\" data-element_type=\"section\">\n\t\t\t\t\t\t<div class=\"elementor-container elementor-column-gap-wide\">\n\t\t\t\t\t<div class=\"elementor-column elementor-col-50 elementor-top-column elementor-element elementor-element-9f6814e\" data-id=\"9f6814e\" data-element_type=\"column\">\n\t\t\t<div class=\"elementor-widget-wrap elementor-element-populated\">\n\t\t\t\t\t\t<div class=\"elementor-element elementor-element-238aae elementor-widget elementor-widget-image\" data-id=\"238aae\" data-element_type=\"widget\" data-widget_type=\"image.default\">\n\t\t\t\t<div class=\"elementor-widget-container\">\n\t\t\t\t\t\t\t\t\t\t\t\t\t\t\t<img decoding=\"async\" src=\"https:\/\/anapr-moderp.pt\/home\/wp-content\/uploads\/elementor\/thumbs\/SAD-Servico-de-Apoio-Domiciliario-Nutricao-Saude-Oral-ANAPR_MODERP-scaled-qx3faa47z1t6w1i8wfzboq818pywvojknbe5ikxe04.jpg\" title=\"Nurse, senior woman and sofa for portrait, walking stick and smile together with happiness, chat and care. Elderly patient, asian doctor and couch with helping hand, happy and connection for support\" alt=\"Nurse, senior woman and sofa for portrait, walking stick and smile together with happiness, chat and care. Elderly patient, asian doctor and couch with helping hand, happy and connection for support\" loading=\"lazy\" \/>\t\t\t\t\t\t\t\t\t\t\t\t\t\t\t<\/div>\n\t\t\t\t<\/div>\n\t\t\t\t\t<\/div>\n\t\t<\/div>\n\t\t\t\t<div class=\"elementor-column elementor-col-50 elementor-top-column elementor-element elementor-element-74658c20\" data-id=\"74658c20\" data-element_type=\"column\">\n\t\t\t<div class=\"elementor-widget-wrap elementor-element-populated\">\n\t\t\t\t\t\t<div class=\"elementor-element elementor-element-390c250d elementor-widget elementor-widget-heading\" data-id=\"390c250d\" data-element_type=\"widget\" data-widget_type=\"heading.default\">\n\t\t\t\t<div class=\"elementor-widget-container\">\n\t\t\t\t\t<h2 class=\"elementor-heading-title elementor-size-default\">Servi\u00e7o de Apoio Domicili\u00e1rio<\/h2>\t\t\t\t<\/div>\n\t\t\t\t<\/div>\n\t\t\t\t<div class=\"elementor-element elementor-element-5370fa51 elementor-widget elementor-widget-text-editor\" data-id=\"5370fa51\" data-element_type=\"widget\" data-widget_type=\"text-editor.default\">\n\t\t\t\t<div class=\"elementor-widget-container\">\n\t\t\t\t\t\t\t\t\t<p>De modo a apoiar os associados que necessitem de um apoio<br \/>personalizado ao domic\u00edlio, a <strong>ANAPR\/MODERP<\/strong> disponibilizar\u00e1 <strong>servi\u00e7os de qualidade<\/strong>, com <strong>descontos exclusivos<\/strong>, num projeto que, de momento, se encontra em <strong>fase de licenciamento<\/strong>.<\/p>\t\t\t\t\t\t\t\t<\/div>\n\t\t\t\t<\/div>\n\t\t\t\t<div class=\"elementor-element elementor-element-2c3bae4e wpr-button-icon-style-inline wpr-button-icon-position-right elementor-widget elementor-widget-wpr-button\" data-id=\"2c3bae4e\" data-element_type=\"widget\" data-widget_type=\"wpr-button.default\">\n\t\t\t\t<div class=\"elementor-widget-container\">\n\t\t\t\t\t\t\n\t\t\t\n\t\t\n\t\t<div class=\"wpr-button-wrap elementor-clearfix\">\n\t\t<a class=\"wpr-button wpr-button-effect wpr-button-none\" data-text=\"Go\" href=\"https:\/\/anapr-moderp.pt\/home\/junte-se-a-nos\/\" target=\"_blank\">\n\t\t\t\n\t\t\t<span class=\"wpr-button-content\">\n\t\t\t\t\t\t\t\t\t<span class=\"wpr-button-text\">Torne-se Associado!<\/span>\n\t\t\t\t\t\t\t\t\n\t\t\t\t\t\t\t\t\t<span class=\"wpr-button-icon\"><svg class=\"e-font-icon-svg e-fas-angle-right\" viewBox=\"0 0 256 512\" xmlns=\"http:\/\/www.w3.org\/2000\/svg\"><path d=\"M224.3 273l-136 136c-9.4 9.4-24.6 9.4-33.9 0l-22.6-22.6c-9.4-9.4-9.4-24.6 0-33.9l96.4-96.4-96.4-96.4c-9.4-9.4-9.4-24.6 0-33.9L54.3 103c9.4-9.4 24.6-9.4 33.9 0l136 136c9.5 9.4 9.5 24.6.1 34z\"><\/path><\/svg><\/span>\n\t\t\t\t\t\t\t<\/span>\n\t\t<\/a>\n\n\t\t\t\t<\/div>\n\t\n\t\n\t\t\t\t\t<\/div>\n\t\t\t\t<\/div>\n\t\t\t\t\t<\/div>\n\t\t<\/div>\n\t\t\t\t\t<\/div>\n\t\t<\/section>\n\t\t\t\t<\/div>\n\t\t","protected":false},"excerpt":{"rendered":"<p>Servi\u00e7o de Apoio Domicili\u00e1rio De modo a apoiar os associados que necessitem de um apoiopersonalizado ao domic\u00edlio, a ANAPR\/MODERP disponibilizar\u00e1 servi\u00e7os de qualidade, com descontos exclusivos, num projeto que, de momento, se encontra em fase de licenciamento. Torne-se Associado!<\/p>\n","protected":false},"author":3,"featured_media":0,"parent":0,"menu_order":0,"comment_status":"closed","ping_status":"closed","template":"elementor_canvas","meta":{"footnotes":""},"class_list":["post-1752","page","type-page","status-publish","hentry"],"yoast_head":"<!-- This site is optimized with the Yoast SEO plugin v24.7 - https:\/\/yoast.com\/wordpress\/plugins\/seo\/ -->\n<title>Apoio Domicili\u00e1rio - Anapr-Moderp<\/title>\n<meta name=\"robots\" content=\"index, follow, max-snippet:-1, max-image-preview:large, max-video-preview:-1\" \/>\n<link rel=\"canonical\" href=\"https:\/\/anapr-moderp.pt\/home\/apoio-domiciliario\/\" \/>\n<meta property=\"og:locale\" content=\"pt_PT\" \/>\n<meta property=\"og:type\" content=\"article\" \/>\n<meta property=\"og:title\" content=\"Apoio Domicili\u00e1rio - Anapr-Moderp\" \/>\n<meta property=\"og:description\" content=\"Servi\u00e7o de Apoio Domicili\u00e1rio De modo a apoiar os associados que necessitem de um apoiopersonalizado ao domic\u00edlio, a ANAPR\/MODERP disponibilizar\u00e1 servi\u00e7os de qualidade, com descontos exclusivos, num projeto que, de momento, se encontra em fase de licenciamento. Torne-se Associado!\" \/>\n<meta property=\"og:url\" content=\"https:\/\/anapr-moderp.pt\/home\/apoio-domiciliario\/\" \/>\n<meta property=\"og:site_name\" content=\"Anapr-Moderp\" \/>\n<meta property=\"article:modified_time\" content=\"2024-11-22T17:57:24+00:00\" \/>\n<meta property=\"og:image\" content=\"https:\/\/anapr-moderp.pt\/home\/wp-content\/uploads\/elementor\/thumbs\/SAD-Servico-de-Apoio-Domiciliario-Nutricao-Saude-Oral-ANAPR_MODERP-scaled-qx3faa47z1t6w1i8wfzboq818pywvojknbe5ikxe04.jpg\" \/>\n<meta name=\"twitter:card\" content=\"summary_large_image\" \/>\n<script type=\"application\/ld+json\" class=\"yoast-schema-graph\">{\"@context\":\"https:\/\/schema.org\",\"@graph\":[{\"@type\":\"WebPage\",\"@id\":\"https:\/\/anapr-moderp.pt\/home\/apoio-domiciliario\/\",\"url\":\"https:\/\/anapr-moderp.pt\/home\/apoio-domiciliario\/\",\"name\":\"Apoio Domicili\u00e1rio - Anapr-Moderp\",\"isPartOf\":{\"@id\":\"https:\/\/anapr-moderp.pt\/home\/#website\"},\"primaryImageOfPage\":{\"@id\":\"https:\/\/anapr-moderp.pt\/home\/apoio-domiciliario\/#primaryimage\"},\"image\":{\"@id\":\"https:\/\/anapr-moderp.pt\/home\/apoio-domiciliario\/#primaryimage\"},\"thumbnailUrl\":\"https:\/\/anapr-moderp.pt\/home\/wp-content\/uploads\/elementor\/thumbs\/SAD-Servico-de-Apoio-Domiciliario-Nutricao-Saude-Oral-ANAPR_MODERP-scaled-qx3faa47z1t6w1i8wfzboq818pywvojknbe5ikxe04.jpg\",\"datePublished\":\"2024-10-03T08:17:56+00:00\",\"dateModified\":\"2024-11-22T17:57:24+00:00\",\"breadcrumb\":{\"@id\":\"https:\/\/anapr-moderp.pt\/home\/apoio-domiciliario\/#breadcrumb\"},\"inLanguage\":\"pt-PT\",\"potentialAction\":[{\"@type\":\"ReadAction\",\"target\":[\"https:\/\/anapr-moderp.pt\/home\/apoio-domiciliario\/\"]}]},{\"@type\":\"ImageObject\",\"inLanguage\":\"pt-PT\",\"@id\":\"https:\/\/anapr-moderp.pt\/home\/apoio-domiciliario\/#primaryimage\",\"url\":\"https:\/\/anapr-moderp.pt\/home\/wp-content\/uploads\/elementor\/thumbs\/SAD-Servico-de-Apoio-Domiciliario-Nutricao-Saude-Oral-ANAPR_MODERP-scaled-qx3faa47z1t6w1i8wfzboq818pywvojknbe5ikxe04.jpg\",\"contentUrl\":\"https:\/\/anapr-moderp.pt\/home\/wp-content\/uploads\/elementor\/thumbs\/SAD-Servico-de-Apoio-Domiciliario-Nutricao-Saude-Oral-ANAPR_MODERP-scaled-qx3faa47z1t6w1i8wfzboq818pywvojknbe5ikxe04.jpg\"},{\"@type\":\"BreadcrumbList\",\"@id\":\"https:\/\/anapr-moderp.pt\/home\/apoio-domiciliario\/#breadcrumb\",\"itemListElement\":[{\"@type\":\"ListItem\",\"position\":1,\"name\":\"In\u00edcio\",\"item\":\"https:\/\/anapr-moderp.pt\/home\/\"},{\"@type\":\"ListItem\",\"position\":2,\"name\":\"Apoio Domicili\u00e1rio\"}]},{\"@type\":\"WebSite\",\"@id\":\"https:\/\/anapr-moderp.pt\/home\/#website\",\"url\":\"https:\/\/anapr-moderp.pt\/home\/\",\"name\":\"Anapr-Moderp\",\"description\":\"Associa\u00e7\u00e3o Nacional Aposentados, Pensionistas e Reformados\",\"publisher\":{\"@id\":\"https:\/\/anapr-moderp.pt\/home\/#organization\"},\"potentialAction\":[{\"@type\":\"SearchAction\",\"target\":{\"@type\":\"EntryPoint\",\"urlTemplate\":\"https:\/\/anapr-moderp.pt\/home\/?s={search_term_string}\"},\"query-input\":{\"@type\":\"PropertyValueSpecification\",\"valueRequired\":true,\"valueName\":\"search_term_string\"}}],\"inLanguage\":\"pt-PT\"},{\"@type\":\"Organization\",\"@id\":\"https:\/\/anapr-moderp.pt\/home\/#organization\",\"name\":\"Anapr-Moderp\",\"url\":\"https:\/\/anapr-moderp.pt\/home\/\",\"logo\":{\"@type\":\"ImageObject\",\"inLanguage\":\"pt-PT\",\"@id\":\"https:\/\/anapr-moderp.pt\/home\/#\/schema\/logo\/image\/\",\"url\":\"https:\/\/anapr-moderp.pt\/home\/wp-content\/uploads\/2024\/10\/cropped-LogoANAPRsmall.jpg\",\"contentUrl\":\"https:\/\/anapr-moderp.pt\/home\/wp-content\/uploads\/2024\/10\/cropped-LogoANAPRsmall.jpg\",\"width\":350,\"height\":100,\"caption\":\"Anapr-Moderp\"},\"image\":{\"@id\":\"https:\/\/anapr-moderp.pt\/home\/#\/schema\/logo\/image\/\"}}]}<\/script>\n<!-- \/ Yoast SEO plugin. -->","yoast_head_json":{"title":"Apoio Domicili\u00e1rio - Anapr-Moderp","robots":{"index":"index","follow":"follow","max-snippet":"max-snippet:-1","max-image-preview":"max-image-preview:large","max-video-preview":"max-video-preview:-1"},"canonical":"https:\/\/anapr-moderp.pt\/home\/apoio-domiciliario\/","og_locale":"pt_PT","og_type":"article","og_title":"Apoio Domicili\u00e1rio - Anapr-Moderp","og_description":"Servi\u00e7o de Apoio Domicili\u00e1rio De modo a apoiar os associados que necessitem de um apoiopersonalizado ao domic\u00edlio, a ANAPR\/MODERP disponibilizar\u00e1 servi\u00e7os de qualidade, com descontos exclusivos, num projeto que, de momento, se encontra em fase de licenciamento. Torne-se Associado!","og_url":"https:\/\/anapr-moderp.pt\/home\/apoio-domiciliario\/","og_site_name":"Anapr-Moderp","article_modified_time":"2024-11-22T17:57:24+00:00","og_image":[{"url":"https:\/\/anapr-moderp.pt\/home\/wp-content\/uploads\/elementor\/thumbs\/SAD-Servico-de-Apoio-Domiciliario-Nutricao-Saude-Oral-ANAPR_MODERP-scaled-qx3faa47z1t6w1i8wfzboq818pywvojknbe5ikxe04.jpg","type":"","width":"","height":""}],"twitter_card":"summary_large_image","schema":{"@context":"https:\/\/schema.org","@graph":[{"@type":"WebPage","@id":"https:\/\/anapr-moderp.pt\/home\/apoio-domiciliario\/","url":"https:\/\/anapr-moderp.pt\/home\/apoio-domiciliario\/","name":"Apoio Domicili\u00e1rio - Anapr-Moderp","isPartOf":{"@id":"https:\/\/anapr-moderp.pt\/home\/#website"},"primaryImageOfPage":{"@id":"https:\/\/anapr-moderp.pt\/home\/apoio-domiciliario\/#primaryimage"},"image":{"@id":"https:\/\/anapr-moderp.pt\/home\/apoio-domiciliario\/#primaryimage"},"thumbnailUrl":"https:\/\/anapr-moderp.pt\/home\/wp-content\/uploads\/elementor\/thumbs\/SAD-Servico-de-Apoio-Domiciliario-Nutricao-Saude-Oral-ANAPR_MODERP-scaled-qx3faa47z1t6w1i8wfzboq818pywvojknbe5ikxe04.jpg","datePublished":"2024-10-03T08:17:56+00:00","dateModified":"2024-11-22T17:57:24+00:00","breadcrumb":{"@id":"https:\/\/anapr-moderp.pt\/home\/apoio-domiciliario\/#breadcrumb"},"inLanguage":"pt-PT","potentialAction":[{"@type":"ReadAction","target":["https:\/\/anapr-moderp.pt\/home\/apoio-domiciliario\/"]}]},{"@type":"ImageObject","inLanguage":"pt-PT","@id":"https:\/\/anapr-moderp.pt\/home\/apoio-domiciliario\/#primaryimage","url":"https:\/\/anapr-moderp.pt\/home\/wp-content\/uploads\/elementor\/thumbs\/SAD-Servico-de-Apoio-Domiciliario-Nutricao-Saude-Oral-ANAPR_MODERP-scaled-qx3faa47z1t6w1i8wfzboq818pywvojknbe5ikxe04.jpg","contentUrl":"https:\/\/anapr-moderp.pt\/home\/wp-content\/uploads\/elementor\/thumbs\/SAD-Servico-de-Apoio-Domiciliario-Nutricao-Saude-Oral-ANAPR_MODERP-scaled-qx3faa47z1t6w1i8wfzboq818pywvojknbe5ikxe04.jpg"},{"@type":"BreadcrumbList","@id":"https:\/\/anapr-moderp.pt\/home\/apoio-domiciliario\/#breadcrumb","itemListElement":[{"@type":"ListItem","position":1,"name":"In\u00edcio","item":"https:\/\/anapr-moderp.pt\/home\/"},{"@type":"ListItem","position":2,"name":"Apoio Domicili\u00e1rio"}]},{"@type":"WebSite","@id":"https:\/\/anapr-moderp.pt\/home\/#website","url":"https:\/\/anapr-moderp.pt\/home\/","name":"Anapr-Moderp","description":"Associa\u00e7\u00e3o Nacional Aposentados, Pensionistas e Reformados","publisher":{"@id":"https:\/\/anapr-moderp.pt\/home\/#organization"},"potentialAction":[{"@type":"SearchAction","target":{"@type":"EntryPoint","urlTemplate":"https:\/\/anapr-moderp.pt\/home\/?s={search_term_string}"},"query-input":{"@type":"PropertyValueSpecification","valueRequired":true,"valueName":"search_term_string"}}],"inLanguage":"pt-PT"},{"@type":"Organization","@id":"https:\/\/anapr-moderp.pt\/home\/#organization","name":"Anapr-Moderp","url":"https:\/\/anapr-moderp.pt\/home\/","logo":{"@type":"ImageObject","inLanguage":"pt-PT","@id":"https:\/\/anapr-moderp.pt\/home\/#\/schema\/logo\/image\/","url":"https:\/\/anapr-moderp.pt\/home\/wp-content\/uploads\/2024\/10\/cropped-LogoANAPRsmall.jpg","contentUrl":"https:\/\/anapr-moderp.pt\/home\/wp-content\/uploads\/2024\/10\/cropped-LogoANAPRsmall.jpg","width":350,"height":100,"caption":"Anapr-Moderp"},"image":{"@id":"https:\/\/anapr-moderp.pt\/home\/#\/schema\/logo\/image\/"}}]}},"_links":{"self":[{"href":"https:\/\/anapr-moderp.pt\/home\/wp-json\/wp\/v2\/pages\/1752","targetHints":{"allow":["GET"]}}],"collection":[{"href":"https:\/\/anapr-moderp.pt\/home\/wp-json\/wp\/v2\/pages"}],"about":[{"href":"https:\/\/anapr-moderp.pt\/home\/wp-json\/wp\/v2\/types\/page"}],"author":[{"embeddable":true,"href":"https:\/\/anapr-moderp.pt\/home\/wp-json\/wp\/v2\/users\/3"}],"replies":[{"embeddable":true,"href":"https:\/\/anapr-moderp.pt\/home\/wp-json\/wp\/v2\/comments?post=1752"}],"version-history":[{"count":43,"href":"https:\/\/anapr-moderp.pt\/home\/wp-json\/wp\/v2\/pages\/1752\/revisions"}],"predecessor-version":[{"id":3560,"href":"https:\/\/anapr-moderp.pt\/home\/wp-json\/wp\/v2\/pages\/1752\/revisions\/3560"}],"wp:attachment":[{"href":"https:\/\/anapr-moderp.pt\/home\/wp-json\/wp\/v2\/media?parent=1752"}],"curies":[{"name":"wp","href":"https:\/\/api.w.org\/{rel}","templated":true}]}}